{"id":36,"date":"2023-03-08T05:54:32","date_gmt":"2023-03-08T10:54:32","guid":{"rendered":"https:\/\/bluelifedive.com\/?page_id=36"},"modified":"2025-05-22T20:21:33","modified_gmt":"2025-05-23T01:21:33","slug":"blog","status":"publish","type":"page","link":"https:\/\/bluelifedive.com\/en\/blog\/","title":{"rendered":"Blog"},"content":{"rendered":"<h1>Blogs and news<\/h1>\n<p>We are passionate about the underwater world and love to share our experience and knowledge with you.\u00a0<\/p>\n<p>\t\t\t<!-- Blog Carousel markup render --><br \/>\n                                                            <a href=\"https:\/\/bluelifedive.com\/en\/como-elegir-la-mejor-mascara-de-buceo\/\"><br \/>\n                                    <img decoding=\"async\" src=\"http:\/\/bluelifedive.com\/wp-content\/uploads\/2023\/04\/mas-e1682305885806-1024x614.webp\" alt=\"C\u00f3mo elegir la mejor m\u00e1scara de buceo\"><br \/>\n                                <\/a><!-- .elementskit-entry-thumb END --><br \/>\n                                        <strong>02<\/strong>Abr<br \/>\n                                                    <!-- .elementskit-entry-header END --><\/p>\n<h2>\n                    <a href=\"https:\/\/bluelifedive.com\/en\/como-elegir-la-mejor-mascara-de-buceo\/\"><br \/>\n                            C\u00f3mo elegir la mejor m\u00e1scara                    <\/a><br \/>\n                <\/h2>\n<p>La m\u00e1scara de buceo es uno de los equipos m\u00e1s importantes para cualquier buceador. Es el v\u00ednculo entre el mundo subacu\u00e1tico y el ojo humano. Por lo tanto, elegir la<\/p>\n<p>                                                                            <a href=\"https:\/\/bluelifedive.com\/en\/como-elegir-la-mejor-mascara-de-buceo\/\" ><br \/>\n                                            Read more                                                                                     <\/a><br \/>\n                                                    <!-- .elementskit-post-body END --><br \/>\n                                                            <a href=\"https:\/\/bluelifedive.com\/en\/consejos-para-fotografiar-bajo-el-agua\/\"><br \/>\n                                    <img decoding=\"async\" src=\"http:\/\/bluelifedive.com\/wp-content\/uploads\/2023\/04\/BlueLifedia2-48-scaled-e1682305897113-1024x614.jpg\" alt=\"Consejos para fotografiar bajo el agua\"><br \/>\n                                <\/a><!-- .elementskit-entry-thumb END --><br \/>\n                                        <strong>02<\/strong>Abr<br \/>\n                                                    <!-- .elementskit-entry-header END --><\/p>\n<h2>\n                    <a href=\"https:\/\/bluelifedive.com\/en\/consejos-para-fotografiar-bajo-el-agua\/\"><br \/>\n                            Consejos para fotografiar bajo el                    <\/a><br \/>\n                <\/h2>\n<p>La fotograf\u00eda submarina es una de las formas m\u00e1s emocionantes de capturar la belleza del mundo subacu\u00e1tico. Pero no es una tarea f\u00e1cil, requiere de una t\u00e9cnica adecuada y un<\/p>\n<p>                                                                            <a href=\"https:\/\/bluelifedive.com\/en\/consejos-para-fotografiar-bajo-el-agua\/\" ><br \/>\n                                            Read more                                                                                     <\/a><br \/>\n                                                    <!-- .elementskit-post-body END --><br \/>\n                                                            <a href=\"https:\/\/bluelifedive.com\/en\/los-mejores-destinos-de-buceo-del-caribe-para-principiantes\/\"><br \/>\n                                    <img decoding=\"async\" src=\"http:\/\/bluelifedive.com\/wp-content\/uploads\/2023\/04\/caribe_snorkel_hal-e1680478974520.webp\" alt=\"Los mejores destinos de buceo del Caribe para principiantes\"><br \/>\n                                <\/a><!-- .elementskit-entry-thumb END --><br \/>\n                                        <strong>02<\/strong>Abr<br \/>\n                                                    <!-- .elementskit-entry-header END --><\/p>\n<h2>\n                    <a href=\"https:\/\/bluelifedive.com\/en\/los-mejores-destinos-de-buceo-del-caribe-para-principiantes\/\"><br \/>\n                            Los mejores destinos de buceo                    <\/a><br \/>\n                <\/h2>\n<p>El Caribe es uno de los destinos m\u00e1s populares del mundo para los amantes del buceo. Con sus aguas cristalinas, su c\u00e1lido clima y su rica vida marina, el Caribe<\/p>\n<p>                                                                            <a href=\"https:\/\/bluelifedive.com\/en\/los-mejores-destinos-de-buceo-del-caribe-para-principiantes\/\" ><br \/>\n                                            Read more                                                                                     <\/a><br \/>\n                                                    <!-- .elementskit-post-body END --><br \/>\n                                                            <a href=\"https:\/\/bluelifedive.com\/en\/que-es-el-buceo-recreativo-y-por-que-deberias-probarlo\/\"><br \/>\n                                    <img decoding=\"async\" src=\"http:\/\/bluelifedive.com\/wp-content\/uploads\/2023\/04\/T_D1-81-scaled-e1682305909589-1024x614.jpg\" alt=\"\u00bfQu\u00e9 es el buceo recreativo y por qu\u00e9 deber\u00edas probarlo?\"><br \/>\n                                <\/a><!-- .elementskit-entry-thumb END --><br \/>\n                                        <strong>02<\/strong>Abr<br \/>\n                                                    <!-- .elementskit-entry-header END --><\/p>\n<h2>\n                    <a href=\"https:\/\/bluelifedive.com\/en\/que-es-el-buceo-recreativo-y-por-que-deberias-probarlo\/\"><br \/>\n                            \u00bfQu\u00e9 es el buceo recreativo                    <\/a><br \/>\n                <\/h2>\n<p>El buceo recreativo es una actividad que se realiza con el objetivo de explorar el mundo submarino. Es una actividad emocionante y relajante que puede disfrutarse en diferentes destinos alrededor<\/p>\n<p>                                                                            <a href=\"https:\/\/bluelifedive.com\/en\/que-es-el-buceo-recreativo-y-por-que-deberias-probarlo\/\" ><br \/>\n                                            Read more                                                                                     <\/a><br \/>\n                                                    <!-- .elementskit-post-body END --><\/p>","protected":false},"excerpt":{"rendered":"<p>Blogs y art\u00edculos Nos apasiona el mundo submarino y nos encanta compartir nuestra experiencia y conocimiento contigo.\u00a0 02Abr C\u00f3mo elegir la mejor m\u00e1scara La m\u00e1scara de buceo es uno de los equipos m\u00e1s importantes para cualquier buceador. Es el v\u00ednculo entre el mundo subacu\u00e1tico y el ojo humano. Por lo tanto, elegir la Leer art\u00edculo [&hellip;]<\/p>","protected":false},"author":3,"featured_media":0,"parent":0,"menu_order":0,"comment_status":"closed","ping_status":"closed","template":"elementor_header_footer","meta":{"site-sidebar-layout":"no-sidebar","site-content-layout":"page-builder","ast-site-content-layout":"full-width-container","site-content-style":"unboxed","site-sidebar-style":"unboxed","ast-global-header-display":"","ast-banner-title-visibility":"","ast-main-header-display":"","ast-hfb-above-header-display":"","ast-hfb-below-header-display":"","ast-hfb-mobile-header-display":"","site-post-title":"disabled","ast-breadcrumbs-content":"","ast-featured-img":"disabled","footer-sml-layout":"","theme-transparent-header-meta":"","adv-header-id-meta":"","stick-header-meta":"","header-above-stick-meta":"","header-main-stick-meta":"","header-below-stick-meta":"","astra-migrate-meta-layouts":"set","ast-page-background-enabled":"default","ast-page-background-meta":{"desktop":{"background-color":"var(--ast-global-color-4)","background-image":"","background-repeat":"repeat","background-position":"center center","background-size":"auto","background-attachment":"scroll","background-type":"","background-media":"","overlay-type":"","overlay-color":"","overlay-opacity":"","overlay-gradient":""},"tablet":{"background-color":"","background-image":"","background-repeat":"repeat","background-position":"center center","background-size":"auto","background-attachment":"scroll","background-type":"","background-media":"","overlay-type":"","overlay-color":"","overlay-opacity":"","overlay-gradient":""},"mobile":{"background-color":"","background-image":"","background-repeat":"repeat","background-position":"center center","background-size":"auto","background-attachment":"scroll","background-type":"","background-media":"","overlay-type":"","overlay-color":"","overlay-opacity":"","overlay-gradient":""}},"ast-content-background-meta":{"desktop":{"background-color":"var(--ast-global-color-5)","background-image":"","background-repeat":"repeat","background-position":"center center","background-size":"auto","background-attachment":"scroll","background-type":"","background-media":"","overlay-type":"","overlay-color":"","overlay-opacity":"","overlay-gradient":""},"tablet":{"background-color":"var(--ast-global-color-5)","background-image":"","background-repeat":"repeat","background-position":"center center","background-size":"auto","background-attachment":"scroll","background-type":"","background-media":"","overlay-type":"","overlay-color":"","overlay-opacity":"","overlay-gradient":""},"mobile":{"background-color":"var(--ast-global-color-5)","background-image":"","background-repeat":"repeat","background-position":"center center","background-size":"auto","background-attachment":"scroll","background-type":"","background-media":"","overlay-type":"","overlay-color":"","overlay-opacity":"","overlay-gradient":""}},"footnotes":""},"class_list":["post-36","page","type-page","status-publish","hentry"],"yoast_head":"<!-- This site is optimized with the Yoast SEO plugin v25.5 - https:\/\/yoast.com\/wordpress\/plugins\/seo\/ -->\n<title>Blog - Blue Life<\/title>\n<meta name=\"robots\" content=\"index, follow, max-snippet:-1, max-image-preview:large, max-video-preview:-1\" \/>\n<link rel=\"canonical\" href=\"https:\/\/bluelifedive.com\/en\/blog\/\" \/>\n<meta property=\"og:locale\" content=\"en_US\" \/>\n<meta property=\"og:type\" content=\"article\" \/>\n<meta property=\"og:title\" content=\"Blog - Blue Life\" \/>\n<meta property=\"og:description\" content=\"Blogs y art\u00edculos Nos apasiona el mundo submarino y nos encanta compartir nuestra experiencia y conocimiento contigo.\u00a0 02Abr C\u00f3mo elegir la mejor m\u00e1scara La m\u00e1scara de buceo es uno de los equipos m\u00e1s importantes para cualquier buceador. Es el v\u00ednculo entre el mundo subacu\u00e1tico y el ojo humano. Por lo tanto, elegir la Leer art\u00edculo [&hellip;]\" \/>\n<meta property=\"og:url\" content=\"https:\/\/bluelifedive.com\/en\/blog\/\" \/>\n<meta property=\"og:site_name\" content=\"Blue Life\" \/>\n<meta property=\"article:publisher\" content=\"https:\/\/www.facebook.com\/bluelifedive\/\" \/>\n<meta property=\"article:modified_time\" content=\"2025-05-23T01:21:33+00:00\" \/>\n<meta property=\"og:image\" content=\"http:\/\/bluelifedive.com\/wp-content\/uploads\/2023\/04\/mas-e1682305885806-1024x614.webp\" \/>\n<meta name=\"twitter:card\" content=\"summary_large_image\" \/>\n<meta name=\"twitter:label1\" content=\"Est. reading time\" \/>\n\t<meta name=\"twitter:data1\" content=\"2 minutes\" \/>\n<script type=\"application\/ld+json\" class=\"yoast-schema-graph\">{\"@context\":\"https:\/\/schema.org\",\"@graph\":[{\"@type\":\"WebPage\",\"@id\":\"https:\/\/bluelifedive.com\/blog\/\",\"url\":\"https:\/\/bluelifedive.com\/blog\/\",\"name\":\"Blog - Blue Life\",\"isPartOf\":{\"@id\":\"https:\/\/bluelifedive.com\/#website\"},\"primaryImageOfPage\":{\"@id\":\"https:\/\/bluelifedive.com\/blog\/#primaryimage\"},\"image\":{\"@id\":\"https:\/\/bluelifedive.com\/blog\/#primaryimage\"},\"thumbnailUrl\":\"http:\/\/bluelifedive.com\/wp-content\/uploads\/2023\/04\/mas-e1682305885806-1024x614.webp\",\"datePublished\":\"2023-03-08T10:54:32+00:00\",\"dateModified\":\"2025-05-23T01:21:33+00:00\",\"breadcrumb\":{\"@id\":\"https:\/\/bluelifedive.com\/blog\/#breadcrumb\"},\"inLanguage\":\"en-US\",\"potentialAction\":[{\"@type\":\"ReadAction\",\"target\":[\"https:\/\/bluelifedive.com\/blog\/\"]}]},{\"@type\":\"ImageObject\",\"inLanguage\":\"en-US\",\"@id\":\"https:\/\/bluelifedive.com\/blog\/#primaryimage\",\"url\":\"http:\/\/bluelifedive.com\/wp-content\/uploads\/2023\/04\/mas-e1682305885806-1024x614.webp\",\"contentUrl\":\"http:\/\/bluelifedive.com\/wp-content\/uploads\/2023\/04\/mas-e1682305885806-1024x614.webp\"},{\"@type\":\"BreadcrumbList\",\"@id\":\"https:\/\/bluelifedive.com\/blog\/#breadcrumb\",\"itemListElement\":[{\"@type\":\"ListItem\",\"position\":1,\"name\":\"Portada\",\"item\":\"https:\/\/bluelifedive.com\/\"},{\"@type\":\"ListItem\",\"position\":2,\"name\":\"Blog\"}]},{\"@type\":\"WebSite\",\"@id\":\"https:\/\/bluelifedive.com\/#website\",\"url\":\"https:\/\/bluelifedive.com\/\",\"name\":\"Blue Life Dive\",\"description\":\"BLUE LIFE CENTRO DE BUCEO\",\"publisher\":{\"@id\":\"https:\/\/bluelifedive.com\/#organization\"},\"potentialAction\":[{\"@type\":\"SearchAction\",\"target\":{\"@type\":\"EntryPoint\",\"urlTemplate\":\"https:\/\/bluelifedive.com\/?s={search_term_string}\"},\"query-input\":{\"@type\":\"PropertyValueSpecification\",\"valueRequired\":true,\"valueName\":\"search_term_string\"}}],\"inLanguage\":\"en-US\"},{\"@type\":\"Organization\",\"@id\":\"https:\/\/bluelifedive.com\/#organization\",\"name\":\"Blue Life Dive\",\"url\":\"https:\/\/bluelifedive.com\/\",\"logo\":{\"@type\":\"ImageObject\",\"inLanguage\":\"en-US\",\"@id\":\"https:\/\/bluelifedive.com\/#\/schema\/logo\/image\/\",\"url\":\"https:\/\/bluelifedive.com\/wp-content\/uploads\/2023\/03\/logo-dos-sin-fondo-1.png\",\"contentUrl\":\"https:\/\/bluelifedive.com\/wp-content\/uploads\/2023\/03\/logo-dos-sin-fondo-1.png\",\"width\":792,\"height\":298,\"caption\":\"Blue Life Dive\"},\"image\":{\"@id\":\"https:\/\/bluelifedive.com\/#\/schema\/logo\/image\/\"},\"sameAs\":[\"https:\/\/www.facebook.com\/bluelifedive\/\",\"https:\/\/www.instagram.com\/bluelifesanandres\/\",\"https:\/\/www.tripadvisor.co\/Attraction_Review-g3493965-d2076515-Reviews-Blue_Life_Centro_de_Buceo-San_Andres_San_Andres_Island_San_Andres_and_Providenci.html\"]}]}<\/script>\n<!-- \/ Yoast SEO plugin. -->","yoast_head_json":{"title":"Blog - Blue Life","robots":{"index":"index","follow":"follow","max-snippet":"max-snippet:-1","max-image-preview":"max-image-preview:large","max-video-preview":"max-video-preview:-1"},"canonical":"https:\/\/bluelifedive.com\/en\/blog\/","og_locale":"en_US","og_type":"article","og_title":"Blog - Blue Life","og_description":"Blogs y art\u00edculos Nos apasiona el mundo submarino y nos encanta compartir nuestra experiencia y conocimiento contigo.\u00a0 02Abr C\u00f3mo elegir la mejor m\u00e1scara La m\u00e1scara de buceo es uno de los equipos m\u00e1s importantes para cualquier buceador. Es el v\u00ednculo entre el mundo subacu\u00e1tico y el ojo humano. Por lo tanto, elegir la Leer art\u00edculo [&hellip;]","og_url":"https:\/\/bluelifedive.com\/en\/blog\/","og_site_name":"Blue Life","article_publisher":"https:\/\/www.facebook.com\/bluelifedive\/","article_modified_time":"2025-05-23T01:21:33+00:00","og_image":[{"url":"http:\/\/bluelifedive.com\/wp-content\/uploads\/2023\/04\/mas-e1682305885806-1024x614.webp","type":"","width":"","height":""}],"twitter_card":"summary_large_image","twitter_misc":{"Est. reading time":"2 minutes"},"schema":{"@context":"https:\/\/schema.org","@graph":[{"@type":"WebPage","@id":"https:\/\/bluelifedive.com\/blog\/","url":"https:\/\/bluelifedive.com\/blog\/","name":"Blog - Blue Life","isPartOf":{"@id":"https:\/\/bluelifedive.com\/#website"},"primaryImageOfPage":{"@id":"https:\/\/bluelifedive.com\/blog\/#primaryimage"},"image":{"@id":"https:\/\/bluelifedive.com\/blog\/#primaryimage"},"thumbnailUrl":"http:\/\/bluelifedive.com\/wp-content\/uploads\/2023\/04\/mas-e1682305885806-1024x614.webp","datePublished":"2023-03-08T10:54:32+00:00","dateModified":"2025-05-23T01:21:33+00:00","breadcrumb":{"@id":"https:\/\/bluelifedive.com\/blog\/#breadcrumb"},"inLanguage":"en-US","potentialAction":[{"@type":"ReadAction","target":["https:\/\/bluelifedive.com\/blog\/"]}]},{"@type":"ImageObject","inLanguage":"en-US","@id":"https:\/\/bluelifedive.com\/blog\/#primaryimage","url":"http:\/\/bluelifedive.com\/wp-content\/uploads\/2023\/04\/mas-e1682305885806-1024x614.webp","contentUrl":"http:\/\/bluelifedive.com\/wp-content\/uploads\/2023\/04\/mas-e1682305885806-1024x614.webp"},{"@type":"BreadcrumbList","@id":"https:\/\/bluelifedive.com\/blog\/#breadcrumb","itemListElement":[{"@type":"ListItem","position":1,"name":"Portada","item":"https:\/\/bluelifedive.com\/"},{"@type":"ListItem","position":2,"name":"Blog"}]},{"@type":"WebSite","@id":"https:\/\/bluelifedive.com\/#website","url":"https:\/\/bluelifedive.com\/","name":"Blue Life Dive","description":"BLUE LIFE CENTRO DE BUCEO","publisher":{"@id":"https:\/\/bluelifedive.com\/#organization"},"potentialAction":[{"@type":"SearchAction","target":{"@type":"EntryPoint","urlTemplate":"https:\/\/bluelifedive.com\/?s={search_term_string}"},"query-input":{"@type":"PropertyValueSpecification","valueRequired":true,"valueName":"search_term_string"}}],"inLanguage":"en-US"},{"@type":"Organization","@id":"https:\/\/bluelifedive.com\/#organization","name":"Blue Life Dive","url":"https:\/\/bluelifedive.com\/","logo":{"@type":"ImageObject","inLanguage":"en-US","@id":"https:\/\/bluelifedive.com\/#\/schema\/logo\/image\/","url":"https:\/\/bluelifedive.com\/wp-content\/uploads\/2023\/03\/logo-dos-sin-fondo-1.png","contentUrl":"https:\/\/bluelifedive.com\/wp-content\/uploads\/2023\/03\/logo-dos-sin-fondo-1.png","width":792,"height":298,"caption":"Blue Life Dive"},"image":{"@id":"https:\/\/bluelifedive.com\/#\/schema\/logo\/image\/"},"sameAs":["https:\/\/www.facebook.com\/bluelifedive\/","https:\/\/www.instagram.com\/bluelifesanandres\/","https:\/\/www.tripadvisor.co\/Attraction_Review-g3493965-d2076515-Reviews-Blue_Life_Centro_de_Buceo-San_Andres_San_Andres_Island_San_Andres_and_Providenci.html"]}]}},"_links":{"self":[{"href":"https:\/\/bluelifedive.com\/en\/wp-json\/wp\/v2\/pages\/36","targetHints":{"allow":["GET"]}}],"collection":[{"href":"https:\/\/bluelifedive.com\/en\/wp-json\/wp\/v2\/pages"}],"about":[{"href":"https:\/\/bluelifedive.com\/en\/wp-json\/wp\/v2\/types\/page"}],"author":[{"embeddable":true,"href":"https:\/\/bluelifedive.com\/en\/wp-json\/wp\/v2\/users\/3"}],"replies":[{"embeddable":true,"href":"https:\/\/bluelifedive.com\/en\/wp-json\/wp\/v2\/comments?post=36"}],"version-history":[{"count":5,"href":"https:\/\/bluelifedive.com\/en\/wp-json\/wp\/v2\/pages\/36\/revisions"}],"predecessor-version":[{"id":1988,"href":"https:\/\/bluelifedive.com\/en\/wp-json\/wp\/v2\/pages\/36\/revisions\/1988"}],"wp:attachment":[{"href":"https:\/\/bluelifedive.com\/en\/wp-json\/wp\/v2\/media?parent=36"}],"curies":[{"name":"wp","href":"https:\/\/api.w.org\/{rel}","templated":true}]}}