{"id":706,"date":"2023-04-07T23:55:08","date_gmt":"2023-04-08T04:55:08","guid":{"rendered":"https:\/\/bluelifedive.com\/?page_id=706"},"modified":"2023-06-21T09:52:28","modified_gmt":"2023-06-21T14:52:28","slug":"politica-de-ventas","status":"publish","type":"page","link":"https:\/\/bluelifedive.com\/en\/politica-de-ventas\/","title":{"rendered":"Sales policy"},"content":{"rendered":"<div data-elementor-type=\"wp-page\" data-elementor-id=\"706\" class=\"elementor elementor-706\" data-elementor-post-type=\"page\">\n\t\t\t\t\t\t<section class=\"elementor-section elementor-top-section elementor-element elementor-element-5e77d82 elementor-section-boxed elementor-section-height-default elementor-section-height-default\" data-id=\"5e77d82\" data-element_type=\"section\" data-settings=\"{&quot;background_background&quot;:&quot;classic&quot;}\">\n\t\t\t\t\t\t\t<div class=\"elementor-background-overlay\"><\/div>\n\t\t\t\t\t\t\t<div class=\"elementor-container elementor-column-gap-default\">\n\t\t\t\t\t<div class=\"elementor-column elementor-col-100 elementor-top-column elementor-element elementor-element-eb9ac19\" data-id=\"eb9ac19\" data-element_type=\"column\">\n\t\t\t<div class=\"elementor-widget-wrap elementor-element-populated\">\n\t\t\t\t\t\t<div class=\"elementor-element elementor-element-df5e80d elementor-widget elementor-widget-heading\" data-id=\"df5e80d\" data-element_type=\"widget\" data-widget_type=\"heading.default\">\n\t\t\t\t<div class=\"elementor-widget-container\">\n\t\t\t\t\t<h1 class=\"elementor-heading-title elementor-size-default\">Terms and Conditions<\/h1>\t\t\t\t<\/div>\n\t\t\t\t<\/div>\n\t\t\t\t\t<\/div>\n\t\t<\/div>\n\t\t\t\t\t<\/div>\n\t\t<\/section>\n\t\t\t\t<section class=\"elementor-section elementor-top-section elementor-element elementor-element-263a31a elementor-section-boxed elementor-section-height-default elementor-section-height-default\" data-id=\"263a31a\" data-element_type=\"section\">\n\t\t\t\t\t\t<div class=\"elementor-container elementor-column-gap-default\">\n\t\t\t\t\t<div class=\"elementor-column elementor-col-100 elementor-top-column elementor-element elementor-element-704c54f\" data-id=\"704c54f\" data-element_type=\"column\">\n\t\t\t<div class=\"elementor-widget-wrap elementor-element-populated\">\n\t\t\t\t\t\t<section class=\"elementor-section elementor-inner-section elementor-element elementor-element-488d323 elementor-section-boxed elementor-section-height-default elementor-section-height-default\" data-id=\"488d323\" data-element_type=\"section\">\n\t\t\t\t\t\t<div class=\"elementor-container elementor-column-gap-default\">\n\t\t\t\t\t<div class=\"elementor-column elementor-col-100 elementor-inner-column elementor-element elementor-element-29b68c2\" data-id=\"29b68c2\" data-element_type=\"column\">\n\t\t\t<div class=\"elementor-widget-wrap elementor-element-populated\">\n\t\t\t\t\t\t<div class=\"elementor-element elementor-element-65de43a elementor-widget elementor-widget-text-editor\" data-id=\"65de43a\" data-element_type=\"widget\" data-widget_type=\"text-editor.default\">\n\t\t\t\t<div class=\"elementor-widget-container\">\n\t\t\t\t\t\t\t\t\t<p>By entering, reviewing, and purchasing on this website, you agree to read, inform yourself, and comply with the terms and conditions of use, and you also agree to respect the privacy policies. In accordance with Colombian legislation on the subject, the content, products, and offers you find on www.bluelifedive.com apply only to Colombia. We inform you that Blue Life S.A. may make modifications to the terms and conditions described here at any time. In any case, if these terms and conditions change, we will inform you so that you can be aware of them and accept them again.<\/p><p>Additionally, it is important to highlight that the information and description of the products offered on our website are subject to change without prior notice and we do not guarantee that the information provided is accurate, complete, or up-to-date. Likewise, the prices of our products are subject to change without prior notice and may vary depending on market conditions.<\/p><p>Regarding our sales policies, we inform you that all products offered on our website are subject to availability. In the event that the product you have purchased is not available, we reserve the right to cancel your order and offer you a full refund.<\/p><p>On the other hand, in case you want to make a return or exchange of any purchased product, we recommend that you read our return and exchange policy carefully before making any request. Please note that some products may be subject to specific restrictions regarding returns and exchanges.<\/p><p>Finally, we remind you that it is important to protect your personal and financial information when making online purchases. To ensure the security of your data, we have state-of-the-art encryption and security systems, however, we recommend that you use additional security measures such as secure passwords and not sharing them with third parties.<\/p>\t\t\t\t\t\t\t\t<\/div>\n\t\t\t\t<\/div>\n\t\t\t\t\t<\/div>\n\t\t<\/div>\n\t\t\t\t\t<\/div>\n\t\t<\/section>\n\t\t\t\t\t<\/div>\n\t\t<\/div>\n\t\t\t\t\t<\/div>\n\t\t<\/section>\n\t\t\t\t<section class=\"elementor-section elementor-top-section elementor-element elementor-element-b88e8d4 elementor-section-boxed elementor-section-height-default elementor-section-height-default\" data-id=\"b88e8d4\" data-element_type=\"section\">\n\t\t\t\t\t\t<div class=\"elementor-container elementor-column-gap-default\">\n\t\t\t\t\t<div class=\"elementor-column elementor-col-100 elementor-top-column elementor-element elementor-element-c3516c9\" data-id=\"c3516c9\" data-element_type=\"column\">\n\t\t\t<div class=\"elementor-widget-wrap elementor-element-populated\">\n\t\t\t\t\t\t<div class=\"elementor-element elementor-element-297b38c elementor-widget elementor-widget-image\" data-id=\"297b38c\" data-element_type=\"widget\" data-widget_type=\"image.default\">\n\t\t\t\t<div class=\"elementor-widget-container\">\n\t\t\t\t\t\t\t\t\t\t\t\t\t\t\t<img fetchpriority=\"high\" decoding=\"async\" width=\"1024\" height=\"576\" src=\"https:\/\/bluelifedive.com\/wp-content\/uploads\/2023\/03\/diver-fish-clear-water-1024x576.jpg\" class=\"attachment-large size-large wp-image-87\" alt=\"\" srcset=\"https:\/\/bluelifedive.com\/wp-content\/uploads\/2023\/03\/diver-fish-clear-water-1024x576.jpg 1024w, https:\/\/bluelifedive.com\/wp-content\/uploads\/2023\/03\/diver-fish-clear-water-600x338.jpg 600w, https:\/\/bluelifedive.com\/wp-content\/uploads\/2023\/03\/diver-fish-clear-water-300x169.jpg 300w, https:\/\/bluelifedive.com\/wp-content\/uploads\/2023\/03\/diver-fish-clear-water-768x432.jpg 768w, https:\/\/bluelifedive.com\/wp-content\/uploads\/2023\/03\/diver-fish-clear-water-1536x864.jpg 1536w, https:\/\/bluelifedive.com\/wp-content\/uploads\/2023\/03\/diver-fish-clear-water.jpg 1920w\" sizes=\"(max-width: 1024px) 100vw, 1024px\" \/>\t\t\t\t\t\t\t\t\t\t\t\t\t\t\t<\/div>\n\t\t\t\t<\/div>\n\t\t\t\t\t<\/div>\n\t\t<\/div>\n\t\t\t\t\t<\/div>\n\t\t<\/section>\n\t\t\t\t<\/div>","protected":false},"excerpt":{"rendered":"<p>T\u00e9rminos y Condiciones Al ingresar, revisar y comprar en este sitio web usted se compromete a leer, informarse y cumplir los t\u00e9rminos y condiciones de uso, adem\u00e1s se obliga a respetar las pol\u00edticas de privacidad. De conformidad con la legislaci\u00f3n colombiana sobre el tema, pues el contenido, productos y ofertas que usted encuentra en www.bluelifedive.com [&hellip;]<\/p>","protected":false},"author":3,"featured_media":0,"parent":0,"menu_order":0,"comment_status":"closed","ping_status":"closed","template":"elementor_header_footer","meta":{"site-sidebar-layout":"no-sidebar","site-content-layout":"page-builder","ast-site-content-layout":"default","site-content-style":"default","site-sidebar-style":"default","ast-global-header-display":"","ast-banner-title-visibility":"","ast-main-header-display":"","ast-hfb-above-header-display":"","ast-hfb-below-header-display":"","ast-hfb-mobile-header-display":"","site-post-title":"disabled","ast-breadcrumbs-content":"","ast-featured-img":"disabled","footer-sml-layout":"","theme-transparent-header-meta":"","adv-header-id-meta":"","stick-header-meta":"","header-above-stick-meta":"","header-main-stick-meta":"","header-below-stick-meta":"","astra-migrate-meta-layouts":"default","ast-page-background-enabled":"default","ast-page-background-meta":{"desktop":{"background-color":"var(--ast-global-color-4)","background-image":"","background-repeat":"repeat","background-position":"center center","background-size":"auto","background-attachment":"scroll","background-type":"","background-media":"","overlay-type":"","overlay-color":"","overlay-opacity":"","overlay-gradient":""},"tablet":{"background-color":"","background-image":"","background-repeat":"repeat","background-position":"center center","background-size":"auto","background-attachment":"scroll","background-type":"","background-media":"","overlay-type":"","overlay-color":"","overlay-opacity":"","overlay-gradient":""},"mobile":{"background-color":"","background-image":"","background-repeat":"repeat","background-position":"center center","background-size":"auto","background-attachment":"scroll","background-type":"","background-media":"","overlay-type":"","overlay-color":"","overlay-opacity":"","overlay-gradient":""}},"ast-content-background-meta":{"desktop":{"background-color":"var(--ast-global-color-5)","background-image":"","background-repeat":"repeat","background-position":"center center","background-size":"auto","background-attachment":"scroll","background-type":"","background-media":"","overlay-type":"","overlay-color":"","overlay-opacity":"","overlay-gradient":""},"tablet":{"background-color":"var(--ast-global-color-5)","background-image":"","background-repeat":"repeat","background-position":"center center","background-size":"auto","background-attachment":"scroll","background-type":"","background-media":"","overlay-type":"","overlay-color":"","overlay-opacity":"","overlay-gradient":""},"mobile":{"background-color":"var(--ast-global-color-5)","background-image":"","background-repeat":"repeat","background-position":"center center","background-size":"auto","background-attachment":"scroll","background-type":"","background-media":"","overlay-type":"","overlay-color":"","overlay-opacity":"","overlay-gradient":""}},"footnotes":""},"class_list":["post-706","page","type-page","status-publish","hentry"],"yoast_head":"<!-- This site is optimized with the Yoast SEO plugin v25.5 - https:\/\/yoast.com\/wordpress\/plugins\/seo\/ -->\n<title>Pol\u00edtica de ventas - Blue Life<\/title>\n<meta name=\"robots\" content=\"index, follow, max-snippet:-1, max-image-preview:large, max-video-preview:-1\" \/>\n<link rel=\"canonical\" href=\"https:\/\/bluelifedive.com\/en\/politica-de-ventas\/\" \/>\n<meta property=\"og:locale\" content=\"en_US\" \/>\n<meta property=\"og:type\" content=\"article\" \/>\n<meta property=\"og:title\" content=\"Pol\u00edtica de ventas - Blue Life\" \/>\n<meta property=\"og:description\" content=\"T\u00e9rminos y Condiciones Al ingresar, revisar y comprar en este sitio web usted se compromete a leer, informarse y cumplir los t\u00e9rminos y condiciones de uso, adem\u00e1s se obliga a respetar las pol\u00edticas de privacidad. De conformidad con la legislaci\u00f3n colombiana sobre el tema, pues el contenido, productos y ofertas que usted encuentra en www.bluelifedive.com [&hellip;]\" \/>\n<meta property=\"og:url\" content=\"https:\/\/bluelifedive.com\/en\/politica-de-ventas\/\" \/>\n<meta property=\"og:site_name\" content=\"Blue Life\" \/>\n<meta property=\"article:publisher\" content=\"https:\/\/www.facebook.com\/bluelifedive\/\" \/>\n<meta property=\"article:modified_time\" content=\"2023-06-21T14:52:28+00:00\" \/>\n<meta property=\"og:image\" content=\"http:\/\/bluelifedive.com\/wp-content\/uploads\/2023\/03\/diver-fish-clear-water-1024x576.jpg\" \/>\n<meta name=\"twitter:card\" content=\"summary_large_image\" \/>\n<meta name=\"twitter:label1\" content=\"Est. reading time\" \/>\n\t<meta name=\"twitter:data1\" content=\"2 minutes\" \/>\n<script type=\"application\/ld+json\" class=\"yoast-schema-graph\">{\"@context\":\"https:\/\/schema.org\",\"@graph\":[{\"@type\":\"WebPage\",\"@id\":\"https:\/\/bluelifedive.com\/politica-de-ventas\/\",\"url\":\"https:\/\/bluelifedive.com\/politica-de-ventas\/\",\"name\":\"Pol\u00edtica de ventas - Blue Life\",\"isPartOf\":{\"@id\":\"https:\/\/bluelifedive.com\/#website\"},\"primaryImageOfPage\":{\"@id\":\"https:\/\/bluelifedive.com\/politica-de-ventas\/#primaryimage\"},\"image\":{\"@id\":\"https:\/\/bluelifedive.com\/politica-de-ventas\/#primaryimage\"},\"thumbnailUrl\":\"http:\/\/bluelifedive.com\/wp-content\/uploads\/2023\/03\/diver-fish-clear-water-1024x576.jpg\",\"datePublished\":\"2023-04-08T04:55:08+00:00\",\"dateModified\":\"2023-06-21T14:52:28+00:00\",\"breadcrumb\":{\"@id\":\"https:\/\/bluelifedive.com\/politica-de-ventas\/#breadcrumb\"},\"inLanguage\":\"en-US\",\"potentialAction\":[{\"@type\":\"ReadAction\",\"target\":[\"https:\/\/bluelifedive.com\/politica-de-ventas\/\"]}]},{\"@type\":\"ImageObject\",\"inLanguage\":\"en-US\",\"@id\":\"https:\/\/bluelifedive.com\/politica-de-ventas\/#primaryimage\",\"url\":\"http:\/\/bluelifedive.com\/wp-content\/uploads\/2023\/03\/diver-fish-clear-water-1024x576.jpg\",\"contentUrl\":\"http:\/\/bluelifedive.com\/wp-content\/uploads\/2023\/03\/diver-fish-clear-water-1024x576.jpg\"},{\"@type\":\"BreadcrumbList\",\"@id\":\"https:\/\/bluelifedive.com\/politica-de-ventas\/#breadcrumb\",\"itemListElement\":[{\"@type\":\"ListItem\",\"position\":1,\"name\":\"Portada\",\"item\":\"https:\/\/bluelifedive.com\/\"},{\"@type\":\"ListItem\",\"position\":2,\"name\":\"Pol\u00edtica de ventas\"}]},{\"@type\":\"WebSite\",\"@id\":\"https:\/\/bluelifedive.com\/#website\",\"url\":\"https:\/\/bluelifedive.com\/\",\"name\":\"Blue Life Dive\",\"description\":\"BLUE LIFE CENTRO DE BUCEO\",\"publisher\":{\"@id\":\"https:\/\/bluelifedive.com\/#organization\"},\"potentialAction\":[{\"@type\":\"SearchAction\",\"target\":{\"@type\":\"EntryPoint\",\"urlTemplate\":\"https:\/\/bluelifedive.com\/?s={search_term_string}\"},\"query-input\":{\"@type\":\"PropertyValueSpecification\",\"valueRequired\":true,\"valueName\":\"search_term_string\"}}],\"inLanguage\":\"en-US\"},{\"@type\":\"Organization\",\"@id\":\"https:\/\/bluelifedive.com\/#organization\",\"name\":\"Blue Life Dive\",\"url\":\"https:\/\/bluelifedive.com\/\",\"logo\":{\"@type\":\"ImageObject\",\"inLanguage\":\"en-US\",\"@id\":\"https:\/\/bluelifedive.com\/#\/schema\/logo\/image\/\",\"url\":\"https:\/\/bluelifedive.com\/wp-content\/uploads\/2023\/03\/logo-dos-sin-fondo-1.png\",\"contentUrl\":\"https:\/\/bluelifedive.com\/wp-content\/uploads\/2023\/03\/logo-dos-sin-fondo-1.png\",\"width\":792,\"height\":298,\"caption\":\"Blue Life Dive\"},\"image\":{\"@id\":\"https:\/\/bluelifedive.com\/#\/schema\/logo\/image\/\"},\"sameAs\":[\"https:\/\/www.facebook.com\/bluelifedive\/\",\"https:\/\/www.instagram.com\/bluelifesanandres\/\",\"https:\/\/www.tripadvisor.co\/Attraction_Review-g3493965-d2076515-Reviews-Blue_Life_Centro_de_Buceo-San_Andres_San_Andres_Island_San_Andres_and_Providenci.html\"]}]}<\/script>\n<!-- \/ Yoast SEO plugin. -->","yoast_head_json":{"title":"Pol\u00edtica de ventas - Blue Life","robots":{"index":"index","follow":"follow","max-snippet":"max-snippet:-1","max-image-preview":"max-image-preview:large","max-video-preview":"max-video-preview:-1"},"canonical":"https:\/\/bluelifedive.com\/en\/politica-de-ventas\/","og_locale":"en_US","og_type":"article","og_title":"Pol\u00edtica de ventas - Blue Life","og_description":"T\u00e9rminos y Condiciones Al ingresar, revisar y comprar en este sitio web usted se compromete a leer, informarse y cumplir los t\u00e9rminos y condiciones de uso, adem\u00e1s se obliga a respetar las pol\u00edticas de privacidad. De conformidad con la legislaci\u00f3n colombiana sobre el tema, pues el contenido, productos y ofertas que usted encuentra en www.bluelifedive.com [&hellip;]","og_url":"https:\/\/bluelifedive.com\/en\/politica-de-ventas\/","og_site_name":"Blue Life","article_publisher":"https:\/\/www.facebook.com\/bluelifedive\/","article_modified_time":"2023-06-21T14:52:28+00:00","og_image":[{"url":"http:\/\/bluelifedive.com\/wp-content\/uploads\/2023\/03\/diver-fish-clear-water-1024x576.jpg","type":"","width":"","height":""}],"twitter_card":"summary_large_image","twitter_misc":{"Est. reading time":"2 minutes"},"schema":{"@context":"https:\/\/schema.org","@graph":[{"@type":"WebPage","@id":"https:\/\/bluelifedive.com\/politica-de-ventas\/","url":"https:\/\/bluelifedive.com\/politica-de-ventas\/","name":"Pol\u00edtica de ventas - Blue Life","isPartOf":{"@id":"https:\/\/bluelifedive.com\/#website"},"primaryImageOfPage":{"@id":"https:\/\/bluelifedive.com\/politica-de-ventas\/#primaryimage"},"image":{"@id":"https:\/\/bluelifedive.com\/politica-de-ventas\/#primaryimage"},"thumbnailUrl":"http:\/\/bluelifedive.com\/wp-content\/uploads\/2023\/03\/diver-fish-clear-water-1024x576.jpg","datePublished":"2023-04-08T04:55:08+00:00","dateModified":"2023-06-21T14:52:28+00:00","breadcrumb":{"@id":"https:\/\/bluelifedive.com\/politica-de-ventas\/#breadcrumb"},"inLanguage":"en-US","potentialAction":[{"@type":"ReadAction","target":["https:\/\/bluelifedive.com\/politica-de-ventas\/"]}]},{"@type":"ImageObject","inLanguage":"en-US","@id":"https:\/\/bluelifedive.com\/politica-de-ventas\/#primaryimage","url":"http:\/\/bluelifedive.com\/wp-content\/uploads\/2023\/03\/diver-fish-clear-water-1024x576.jpg","contentUrl":"http:\/\/bluelifedive.com\/wp-content\/uploads\/2023\/03\/diver-fish-clear-water-1024x576.jpg"},{"@type":"BreadcrumbList","@id":"https:\/\/bluelifedive.com\/politica-de-ventas\/#breadcrumb","itemListElement":[{"@type":"ListItem","position":1,"name":"Portada","item":"https:\/\/bluelifedive.com\/"},{"@type":"ListItem","position":2,"name":"Pol\u00edtica de ventas"}]},{"@type":"WebSite","@id":"https:\/\/bluelifedive.com\/#website","url":"https:\/\/bluelifedive.com\/","name":"Blue Life Dive","description":"BLUE LIFE CENTRO DE BUCEO","publisher":{"@id":"https:\/\/bluelifedive.com\/#organization"},"potentialAction":[{"@type":"SearchAction","target":{"@type":"EntryPoint","urlTemplate":"https:\/\/bluelifedive.com\/?s={search_term_string}"},"query-input":{"@type":"PropertyValueSpecification","valueRequired":true,"valueName":"search_term_string"}}],"inLanguage":"en-US"},{"@type":"Organization","@id":"https:\/\/bluelifedive.com\/#organization","name":"Blue Life Dive","url":"https:\/\/bluelifedive.com\/","logo":{"@type":"ImageObject","inLanguage":"en-US","@id":"https:\/\/bluelifedive.com\/#\/schema\/logo\/image\/","url":"https:\/\/bluelifedive.com\/wp-content\/uploads\/2023\/03\/logo-dos-sin-fondo-1.png","contentUrl":"https:\/\/bluelifedive.com\/wp-content\/uploads\/2023\/03\/logo-dos-sin-fondo-1.png","width":792,"height":298,"caption":"Blue Life Dive"},"image":{"@id":"https:\/\/bluelifedive.com\/#\/schema\/logo\/image\/"},"sameAs":["https:\/\/www.facebook.com\/bluelifedive\/","https:\/\/www.instagram.com\/bluelifesanandres\/","https:\/\/www.tripadvisor.co\/Attraction_Review-g3493965-d2076515-Reviews-Blue_Life_Centro_de_Buceo-San_Andres_San_Andres_Island_San_Andres_and_Providenci.html"]}]}},"_links":{"self":[{"href":"https:\/\/bluelifedive.com\/en\/wp-json\/wp\/v2\/pages\/706","targetHints":{"allow":["GET"]}}],"collection":[{"href":"https:\/\/bluelifedive.com\/en\/wp-json\/wp\/v2\/pages"}],"about":[{"href":"https:\/\/bluelifedive.com\/en\/wp-json\/wp\/v2\/types\/page"}],"author":[{"embeddable":true,"href":"https:\/\/bluelifedive.com\/en\/wp-json\/wp\/v2\/users\/3"}],"replies":[{"embeddable":true,"href":"https:\/\/bluelifedive.com\/en\/wp-json\/wp\/v2\/comments?post=706"}],"version-history":[{"count":4,"href":"https:\/\/bluelifedive.com\/en\/wp-json\/wp\/v2\/pages\/706\/revisions"}],"predecessor-version":[{"id":1666,"href":"https:\/\/bluelifedive.com\/en\/wp-json\/wp\/v2\/pages\/706\/revisions\/1666"}],"wp:attachment":[{"href":"https:\/\/bluelifedive.com\/en\/wp-json\/wp\/v2\/media?parent=706"}],"curies":[{"name":"wp","href":"https:\/\/api.w.org\/{rel}","templated":true}]}}