{"id":1156,"date":"2023-04-23T13:09:26","date_gmt":"2023-04-23T18:09:26","guid":{"rendered":"https:\/\/bluelifedive.com\/?post_type=product&#038;p=1156"},"modified":"2023-11-10T18:37:04","modified_gmt":"2023-11-10T23:37:04","slug":"aire-enriquecido-nitrox","status":"publish","type":"product","link":"https:\/\/bluelifedive.com\/en\/cursos\/especialidades\/aire-enriquecido-nitrox\/","title":{"rendered":"PADI Enriched Air Nitrox"},"content":{"rendered":"<h6>Why Enriched Air Nitrox?<\/h6>\n<p>If you've ever wanted to stay at depth longer than allowed by the no-decompression limits of air, then the PADI Enriched Air Diver specialty course is for you.  Nitrogen is a big limiting factor on bottom time, but with Enriched Air Nitrox, we reduce the amount of nitrogen in the breathing mixture by enriching the air with extra oxygen, which results in extended no-decompression limits.  Enriched Air Nitrox gives you more time to explore the diversity of San Andres`s reefs and walls.<\/p>\n<h6>What do I need to start?<\/h6>\n<p>You must be at least 12 years old and be certified as a PADI Open Water Diver (or other qualifying certification).  It is preferred that you already be certified as PADI Advanced Open Water or be enrolled in the course in order to reach the depths at which Enriched Air Nitrox is most beneficial.  To get the most out of your Nitrox dives, good air consumption is an added bonus.<\/p>\n<h6>What will I do?<\/h6>\n<p>Enriched Air Nitrox carries a few additional risks due to the higher oxygen content, compared with air. The knowledge development sessions teach you how to analyze the oxygen content, anticipate the risk involved with oxygen, and plan your dives accordingly.  In Blue Life our Nitrox course includes a 2 tank Nitrox dive for you to practice under direct supervision from our staff.<\/p>\n<h6><\/h6>\n<h6>Tell me about the Advanced Open Water option.<\/h6>\n<p>The PADI Advanced Open Water course includes dives that benefit from the extended bottom time from Enriched Air Nitrox.  For example, at 33 meters\/110 feet (the maximum depth of our two wrecks), you can reach a maximum bottom time of 25 minutes on EANx32 (32% O2, 68% N2), as opposed to 16 minutes on air (21% O2, 79% N2).  Combine the PADI Enriched Air Diver course with PADI Advanced Open Water to get the most out of your dives!<\/p>\n<h6>How long will it take?<\/h6>\n<p>PADI Enriched Air Diver can be completed in one day.  Since the majority of the course consists of knowledge development, expect at least one full afternoon reviewing the dive planning section of the specialty.  If you have an Enriched Air Nitrox compatible dive computer, you will learn how to use it to help you make the most out of your dives.<\/p>\n<h6>What do I earn at the end?<\/h6>\n<p>You will be certified for life as an Enriched Air (Nitrox) Diver, qualifying you to independently plan and conduct Enriched Air Nitrox dives with up to 40% Oxygen to a maximum operating depth of 1.4 ata O2 partial pressure.<\/p>\n<h6>Where can I go from here?<\/h6>\n<p>Diving, of course!  You can request Enriched Air Nitrox tanks for your fun dives for only an additional COP $ 10.000 per tank. The extended bottom time of Enriched Air Nitrox is also excellent for many of the PADI Specialty Courses, especially Deep Diver and Wreck Diver.  If you are thinking about Tec Diving, experience with Enriched Air Nitrox is one of the prerequisites to get started with DSAT Tec 40.<\/p>","protected":false},"excerpt":{"rendered":"<ul>\n<li>Prerequisites:  Age 12<\/li>\n<li>PADI Open Water Diver (or other qualifying certification)<br \/>\nPerfect for divers who want to maximize their bottom time!  Due to the lower percentage of nitrogen in enriched air your body absorbs less nitrogen during the dive, allowing you to stay underwater longer and make the most out of your surface intervals.<\/li>\n<\/ul>","protected":false},"featured_media":1157,"comment_status":"open","ping_status":"closed","template":"","meta":{"site-sidebar-layout":"default","site-content-layout":"default","ast-site-content-layout":"default","site-content-style":"default","site-sidebar-style":"default","ast-global-header-display":"","ast-banner-title-visibility":"","ast-main-header-display":"","ast-hfb-above-header-display":"","ast-hfb-below-header-display":"","ast-hfb-mobile-header-display":"","site-post-title":"","ast-breadcrumbs-content":"","ast-featured-img":"","footer-sml-layout":"","theme-transparent-header-meta":"default","adv-header-id-meta":"","stick-header-meta":"","header-above-stick-meta":"","header-main-stick-meta":"","header-below-stick-meta":"","astra-migrate-meta-layouts":"set","ast-page-background-enabled":"default","ast-page-background-meta":{"desktop":{"background-color":"var(--ast-global-color-4)","background-image":"","background-repeat":"repeat","background-position":"center center","background-size":"auto","background-attachment":"scroll","background-type":"","background-media":"","overlay-type":"","overlay-color":"","overlay-opacity":"","overlay-gradient":""},"tablet":{"background-color":"","background-image":"","background-repeat":"repeat","background-position":"center center","background-size":"auto","background-attachment":"scroll","background-type":"","background-media":"","overlay-type":"","overlay-color":"","overlay-opacity":"","overlay-gradient":""},"mobile":{"background-color":"","background-image":"","background-repeat":"repeat","background-position":"center center","background-size":"auto","background-attachment":"scroll","background-type":"","background-media":"","overlay-type":"","overlay-color":"","overlay-opacity":"","overlay-gradient":""}},"ast-content-background-meta":{"desktop":{"background-color":"var(--ast-global-color-5)","background-image":"","background-repeat":"repeat","background-position":"center center","background-size":"auto","background-attachment":"scroll","background-type":"","background-media":"","overlay-type":"","overlay-color":"","overlay-opacity":"","overlay-gradient":""},"tablet":{"background-color":"var(--ast-global-color-5)","background-image":"","background-repeat":"repeat","background-position":"center center","background-size":"auto","background-attachment":"scroll","background-type":"","background-media":"","overlay-type":"","overlay-color":"","overlay-opacity":"","overlay-gradient":""},"mobile":{"background-color":"var(--ast-global-color-5)","background-image":"","background-repeat":"repeat","background-position":"center center","background-size":"auto","background-attachment":"scroll","background-type":"","background-media":"","overlay-type":"","overlay-color":"","overlay-opacity":"","overlay-gradient":""}}},"product_brand":[],"product_cat":[40],"product_tag":[],"class_list":{"0":"post-1156","1":"product","2":"type-product","3":"status-publish","4":"has-post-thumbnail","6":"product_cat-especialidades","7":"desktop-align-left","8":"tablet-align-left","9":"mobile-align-left","11":"first","12":"instock","13":"virtual","14":"sold-individually","15":"purchasable","16":"product-type-booking"},"yoast_head":"<!-- This site is optimized with the Yoast SEO plugin v25.5 - https:\/\/yoast.com\/wordpress\/plugins\/seo\/ -->\n<title>Aire Enriquecido NITROX - Blue Life<\/title>\n<meta name=\"robots\" content=\"index, follow, max-snippet:-1, max-image-preview:large, max-video-preview:-1\" \/>\n<link rel=\"canonical\" href=\"https:\/\/bluelifedive.com\/en\/cursos\/especialidades\/aire-enriquecido-nitrox\/\" \/>\n<meta property=\"og:locale\" content=\"en_US\" \/>\n<meta property=\"og:type\" content=\"article\" \/>\n<meta property=\"og:title\" content=\"Aire Enriquecido NITROX - Blue Life\" \/>\n<meta property=\"og:description\" content=\"Requisitos: Edad 12  PADI Open Water Diver (o cualquier otra certificaci\u00f3n equivalente) \u00a1Perfecto para los buceadores que desean maximizar su tiempo en el fondo! Debido al menor porcentaje de nitr\u00f3geno en el aire enriquecido su cuerpo absorbe menos nitr\u00f3geno durante el buceo, que le permite permanecer bajo el agua m\u00e1s tiempo y sacar el m\u00e1ximo provecho de sus intervalos de superficie.\" \/>\n<meta property=\"og:url\" content=\"https:\/\/bluelifedive.com\/en\/cursos\/especialidades\/aire-enriquecido-nitrox\/\" \/>\n<meta property=\"og:site_name\" content=\"Blue Life\" \/>\n<meta property=\"article:publisher\" content=\"https:\/\/www.facebook.com\/bluelifedive\/\" \/>\n<meta property=\"article:modified_time\" content=\"2023-11-10T23:37:04+00:00\" \/>\n<meta property=\"og:image\" content=\"https:\/\/bluelifedive.com\/wp-content\/uploads\/2023\/04\/Enriched-Air-e1682313331503.jpg\" \/>\n\t<meta property=\"og:image:width\" content=\"890\" \/>\n\t<meta property=\"og:image:height\" content=\"594\" \/>\n\t<meta property=\"og:image:type\" content=\"image\/jpeg\" \/>\n<meta name=\"twitter:card\" content=\"summary_large_image\" \/>\n<meta name=\"twitter:label1\" content=\"Est. reading time\" \/>\n\t<meta name=\"twitter:data1\" content=\"3 minutes\" \/>\n<script type=\"application\/ld+json\" class=\"yoast-schema-graph\">{\"@context\":\"https:\/\/schema.org\",\"@graph\":[{\"@type\":\"WebPage\",\"@id\":\"https:\/\/bluelifedive.com\/cursos\/especialidades\/aire-enriquecido-nitrox\/\",\"url\":\"https:\/\/bluelifedive.com\/cursos\/especialidades\/aire-enriquecido-nitrox\/\",\"name\":\"Aire Enriquecido NITROX - Blue Life\",\"isPartOf\":{\"@id\":\"https:\/\/bluelifedive.com\/#website\"},\"primaryImageOfPage\":{\"@id\":\"https:\/\/bluelifedive.com\/cursos\/especialidades\/aire-enriquecido-nitrox\/#primaryimage\"},\"image\":{\"@id\":\"https:\/\/bluelifedive.com\/cursos\/especialidades\/aire-enriquecido-nitrox\/#primaryimage\"},\"thumbnailUrl\":\"https:\/\/bluelifedive.com\/wp-content\/uploads\/2023\/04\/Enriched-Air-e1682313331503.jpg\",\"datePublished\":\"2023-04-23T18:09:26+00:00\",\"dateModified\":\"2023-11-10T23:37:04+00:00\",\"breadcrumb\":{\"@id\":\"https:\/\/bluelifedive.com\/cursos\/especialidades\/aire-enriquecido-nitrox\/#breadcrumb\"},\"inLanguage\":\"en-US\",\"potentialAction\":[{\"@type\":\"ReadAction\",\"target\":[\"https:\/\/bluelifedive.com\/cursos\/especialidades\/aire-enriquecido-nitrox\/\"]}]},{\"@type\":\"ImageObject\",\"inLanguage\":\"en-US\",\"@id\":\"https:\/\/bluelifedive.com\/cursos\/especialidades\/aire-enriquecido-nitrox\/#primaryimage\",\"url\":\"https:\/\/bluelifedive.com\/wp-content\/uploads\/2023\/04\/Enriched-Air-e1682313331503.jpg\",\"contentUrl\":\"https:\/\/bluelifedive.com\/wp-content\/uploads\/2023\/04\/Enriched-Air-e1682313331503.jpg\",\"width\":890,\"height\":594},{\"@type\":\"BreadcrumbList\",\"@id\":\"https:\/\/bluelifedive.com\/cursos\/especialidades\/aire-enriquecido-nitrox\/#breadcrumb\",\"itemListElement\":[{\"@type\":\"ListItem\",\"position\":1,\"name\":\"Portada\",\"item\":\"https:\/\/bluelifedive.com\/\"},{\"@type\":\"ListItem\",\"position\":2,\"name\":\"Tienda\",\"item\":\"https:\/\/bluelifedive.com\/tienda\/\"},{\"@type\":\"ListItem\",\"position\":3,\"name\":\"Aire Enriquecido NITROX\"}]},{\"@type\":\"WebSite\",\"@id\":\"https:\/\/bluelifedive.com\/#website\",\"url\":\"https:\/\/bluelifedive.com\/\",\"name\":\"Blue Life Dive\",\"description\":\"BLUE LIFE CENTRO DE BUCEO\",\"publisher\":{\"@id\":\"https:\/\/bluelifedive.com\/#organization\"},\"potentialAction\":[{\"@type\":\"SearchAction\",\"target\":{\"@type\":\"EntryPoint\",\"urlTemplate\":\"https:\/\/bluelifedive.com\/?s={search_term_string}\"},\"query-input\":{\"@type\":\"PropertyValueSpecification\",\"valueRequired\":true,\"valueName\":\"search_term_string\"}}],\"inLanguage\":\"en-US\"},{\"@type\":\"Organization\",\"@id\":\"https:\/\/bluelifedive.com\/#organization\",\"name\":\"Blue Life Dive\",\"url\":\"https:\/\/bluelifedive.com\/\",\"logo\":{\"@type\":\"ImageObject\",\"inLanguage\":\"en-US\",\"@id\":\"https:\/\/bluelifedive.com\/#\/schema\/logo\/image\/\",\"url\":\"https:\/\/bluelifedive.com\/wp-content\/uploads\/2023\/03\/logo-dos-sin-fondo-1.png\",\"contentUrl\":\"https:\/\/bluelifedive.com\/wp-content\/uploads\/2023\/03\/logo-dos-sin-fondo-1.png\",\"width\":792,\"height\":298,\"caption\":\"Blue Life Dive\"},\"image\":{\"@id\":\"https:\/\/bluelifedive.com\/#\/schema\/logo\/image\/\"},\"sameAs\":[\"https:\/\/www.facebook.com\/bluelifedive\/\",\"https:\/\/www.instagram.com\/bluelifesanandres\/\",\"https:\/\/www.tripadvisor.co\/Attraction_Review-g3493965-d2076515-Reviews-Blue_Life_Centro_de_Buceo-San_Andres_San_Andres_Island_San_Andres_and_Providenci.html\"]}]}<\/script>\n<!-- \/ Yoast SEO plugin. -->","yoast_head_json":{"title":"Aire Enriquecido NITROX - Blue Life","robots":{"index":"index","follow":"follow","max-snippet":"max-snippet:-1","max-image-preview":"max-image-preview:large","max-video-preview":"max-video-preview:-1"},"canonical":"https:\/\/bluelifedive.com\/en\/cursos\/especialidades\/aire-enriquecido-nitrox\/","og_locale":"en_US","og_type":"article","og_title":"Aire Enriquecido NITROX - Blue Life","og_description":"Requisitos: Edad 12  PADI Open Water Diver (o cualquier otra certificaci\u00f3n equivalente) \u00a1Perfecto para los buceadores que desean maximizar su tiempo en el fondo! Debido al menor porcentaje de nitr\u00f3geno en el aire enriquecido su cuerpo absorbe menos nitr\u00f3geno durante el buceo, que le permite permanecer bajo el agua m\u00e1s tiempo y sacar el m\u00e1ximo provecho de sus intervalos de superficie.","og_url":"https:\/\/bluelifedive.com\/en\/cursos\/especialidades\/aire-enriquecido-nitrox\/","og_site_name":"Blue Life","article_publisher":"https:\/\/www.facebook.com\/bluelifedive\/","article_modified_time":"2023-11-10T23:37:04+00:00","og_image":[{"width":890,"height":594,"url":"https:\/\/bluelifedive.com\/wp-content\/uploads\/2023\/04\/Enriched-Air-e1682313331503.jpg","type":"image\/jpeg"}],"twitter_card":"summary_large_image","twitter_misc":{"Est. reading time":"3 minutes"},"schema":{"@context":"https:\/\/schema.org","@graph":[{"@type":"WebPage","@id":"https:\/\/bluelifedive.com\/cursos\/especialidades\/aire-enriquecido-nitrox\/","url":"https:\/\/bluelifedive.com\/cursos\/especialidades\/aire-enriquecido-nitrox\/","name":"Aire Enriquecido NITROX - Blue Life","isPartOf":{"@id":"https:\/\/bluelifedive.com\/#website"},"primaryImageOfPage":{"@id":"https:\/\/bluelifedive.com\/cursos\/especialidades\/aire-enriquecido-nitrox\/#primaryimage"},"image":{"@id":"https:\/\/bluelifedive.com\/cursos\/especialidades\/aire-enriquecido-nitrox\/#primaryimage"},"thumbnailUrl":"https:\/\/bluelifedive.com\/wp-content\/uploads\/2023\/04\/Enriched-Air-e1682313331503.jpg","datePublished":"2023-04-23T18:09:26+00:00","dateModified":"2023-11-10T23:37:04+00:00","breadcrumb":{"@id":"https:\/\/bluelifedive.com\/cursos\/especialidades\/aire-enriquecido-nitrox\/#breadcrumb"},"inLanguage":"en-US","potentialAction":[{"@type":"ReadAction","target":["https:\/\/bluelifedive.com\/cursos\/especialidades\/aire-enriquecido-nitrox\/"]}]},{"@type":"ImageObject","inLanguage":"en-US","@id":"https:\/\/bluelifedive.com\/cursos\/especialidades\/aire-enriquecido-nitrox\/#primaryimage","url":"https:\/\/bluelifedive.com\/wp-content\/uploads\/2023\/04\/Enriched-Air-e1682313331503.jpg","contentUrl":"https:\/\/bluelifedive.com\/wp-content\/uploads\/2023\/04\/Enriched-Air-e1682313331503.jpg","width":890,"height":594},{"@type":"BreadcrumbList","@id":"https:\/\/bluelifedive.com\/cursos\/especialidades\/aire-enriquecido-nitrox\/#breadcrumb","itemListElement":[{"@type":"ListItem","position":1,"name":"Portada","item":"https:\/\/bluelifedive.com\/"},{"@type":"ListItem","position":2,"name":"Tienda","item":"https:\/\/bluelifedive.com\/tienda\/"},{"@type":"ListItem","position":3,"name":"Aire Enriquecido NITROX"}]},{"@type":"WebSite","@id":"https:\/\/bluelifedive.com\/#website","url":"https:\/\/bluelifedive.com\/","name":"Blue Life Dive","description":"BLUE LIFE CENTRO DE BUCEO","publisher":{"@id":"https:\/\/bluelifedive.com\/#organization"},"potentialAction":[{"@type":"SearchAction","target":{"@type":"EntryPoint","urlTemplate":"https:\/\/bluelifedive.com\/?s={search_term_string}"},"query-input":{"@type":"PropertyValueSpecification","valueRequired":true,"valueName":"search_term_string"}}],"inLanguage":"en-US"},{"@type":"Organization","@id":"https:\/\/bluelifedive.com\/#organization","name":"Blue Life Dive","url":"https:\/\/bluelifedive.com\/","logo":{"@type":"ImageObject","inLanguage":"en-US","@id":"https:\/\/bluelifedive.com\/#\/schema\/logo\/image\/","url":"https:\/\/bluelifedive.com\/wp-content\/uploads\/2023\/03\/logo-dos-sin-fondo-1.png","contentUrl":"https:\/\/bluelifedive.com\/wp-content\/uploads\/2023\/03\/logo-dos-sin-fondo-1.png","width":792,"height":298,"caption":"Blue Life Dive"},"image":{"@id":"https:\/\/bluelifedive.com\/#\/schema\/logo\/image\/"},"sameAs":["https:\/\/www.facebook.com\/bluelifedive\/","https:\/\/www.instagram.com\/bluelifesanandres\/","https:\/\/www.tripadvisor.co\/Attraction_Review-g3493965-d2076515-Reviews-Blue_Life_Centro_de_Buceo-San_Andres_San_Andres_Island_San_Andres_and_Providenci.html"]}]}},"_links":{"self":[{"href":"https:\/\/bluelifedive.com\/en\/wp-json\/wp\/v2\/product\/1156","targetHints":{"allow":["GET"]}}],"collection":[{"href":"https:\/\/bluelifedive.com\/en\/wp-json\/wp\/v2\/product"}],"about":[{"href":"https:\/\/bluelifedive.com\/en\/wp-json\/wp\/v2\/types\/product"}],"replies":[{"embeddable":true,"href":"https:\/\/bluelifedive.com\/en\/wp-json\/wp\/v2\/comments?post=1156"}],"wp:featuredmedia":[{"embeddable":true,"href":"https:\/\/bluelifedive.com\/en\/wp-json\/wp\/v2\/media\/1157"}],"wp:attachment":[{"href":"https:\/\/bluelifedive.com\/en\/wp-json\/wp\/v2\/media?parent=1156"}],"wp:term":[{"taxonomy":"product_brand","embeddable":true,"href":"https:\/\/bluelifedive.com\/en\/wp-json\/wp\/v2\/product_brand?post=1156"},{"taxonomy":"product_cat","embeddable":true,"href":"https:\/\/bluelifedive.com\/en\/wp-json\/wp\/v2\/product_cat?post=1156"},{"taxonomy":"product_tag","embeddable":true,"href":"https:\/\/bluelifedive.com\/en\/wp-json\/wp\/v2\/product_tag?post=1156"}],"curies":[{"name":"wp","href":"https:\/\/api.w.org\/{rel}","templated":true}]}}