{"id":1267,"date":"2023-04-23T23:08:16","date_gmt":"2023-04-24T04:08:16","guid":{"rendered":"https:\/\/bluelifedive.com\/?post_type=product&#038;p=1267"},"modified":"2023-11-10T18:28:52","modified_gmt":"2023-11-10T23:28:52","slug":"buceo-nocturno","status":"publish","type":"product","link":"https:\/\/bluelifedive.com\/en\/cursos\/especialidades\/buceo-nocturno\/","title":{"rendered":"Night Diving"},"content":{"rendered":"<h6 class=\"s15\"><span class=\"s14\">Why PADI Night Diving Course?<\/span><\/h6>\n<p class=\"s15\"><span class=\"s14\"><br \/>\n<\/span><span class=\"s14\">As the sun sets, you don your dive gear, slip on your scuba mask and bite down on your dive regulator. A deep breath and you step off the boat \u2013 into the underwater night. Although you\u2019ve seen this reef many times before, this time you drop into a whole new world and watch it come to life under the glow of your dive light.. Excellent when combined with the PADI and Under Water Navigation Course to find your way in to limited visibility scenario.<\/span><\/p>\n<h6 class=\"s15\"><span class=\"s14\"><br \/>\n<\/span><span class=\"s14\">What do I need to start?<\/span><\/h6>\n<p class=\"s15\"><span class=\"s14\"><br \/>\n<\/span><span class=\"s14\">PADI Open Water Diver (or other qualifying certification)<\/span><\/p>\n<h6 class=\"s15\"><span class=\"s14\">What will I do?<\/span><\/h6>\n<p class=\"s15\"><span class=\"s14\">\u00a0<\/span><span class=\"s14\"><br \/>\n<\/span><span class=\"s14\">\u2022 Planificaci\u00f3n Buceo nocturno, organizaci\u00f3n, procedimientos, t\u00e9cnicas y problemas potenciales<\/span><span class=\"s14\"><br \/>\n<\/span><span class=\"s14\">\u2022 C\u00f3mo controlar su flotabilidad en la noche<\/span><span class=\"s14\"><br \/>\n<\/span><span class=\"s14\">\u2022 Las entradas, las salidas y la navegaci\u00f3n bajo el agua en la noche<\/span><span class=\"s14\"><br \/>\n<\/span><span class=\"s14\">\u2022 la vida acu\u00e1tica nocturna, ya que muchas de las plantas y los animales que ver\u00e1s son diferentes<\/span><span class=\"s14\"><br \/>\n<\/span><\/p>\n<h6 class=\"s15\"><span class=\"s14\"><br \/>\n<\/span><span class=\"s14\">How long will it take?<\/span><\/h6>\n<p class=\"s15\"><span class=\"s14\"><br \/>\n<\/span><span class=\"s14\">The PADI Multilevel specialty can be done in as little as 2 days.  It consists of four dives and a knowledge development session where we discuss the various techniques we will apply during the dives.<\/span><span class=\"s14\"><br \/>\n<\/span><\/p>\n<h6 class=\"s15\"><span class=\"s14\"><br \/>\n<\/span><span class=\"s14\">What do I earn at the end?<\/span><\/h6>\n<p class=\"s15\"><span class=\"s14\"><br \/>\n<\/span><span class=\"s14\">You will be certified as a PADI Night Diver, a testament to your enhanced Diving abilities.<\/span><span class=\"s14\"><br \/>\n<\/span><\/p>\n<h6 class=\"s15\"><span class=\"s14\">Where can I go from here?<\/span><\/h6>\n<p class=\"s15\"><span class=\"s14\"><br \/>\n<\/span><span class=\"s14\">Apply your increased skills to greater effect with the PADI underwater navigation Course.  Continue building your experience with fun dives, where our daily dive schedule will enable you to explore the variety and challenges Of San Andre`s reefs and walls.<\/span><\/p>\n<p>&nbsp;<\/p>","protected":false},"excerpt":{"rendered":"<ul>\n<li>Edad <span class=\"s14\">10<\/span><\/li>\n<li><span class=\"s14\">PADI Open Water Diver (or other qualifying certification)<\/span><\/li>\n<\/ul>","protected":false},"featured_media":1163,"comment_status":"open","ping_status":"closed","template":"","meta":{"site-sidebar-layout":"default","site-content-layout":"default","ast-site-content-layout":"default","site-content-style":"default","site-sidebar-style":"default","ast-global-header-display":"","ast-banner-title-visibility":"","ast-main-header-display":"","ast-hfb-above-header-display":"","ast-hfb-below-header-display":"","ast-hfb-mobile-header-display":"","site-post-title":"","ast-breadcrumbs-content":"","ast-featured-img":"","footer-sml-layout":"","theme-transparent-header-meta":"default","adv-header-id-meta":"","stick-header-meta":"","header-above-stick-meta":"","header-main-stick-meta":"","header-below-stick-meta":"","astra-migrate-meta-layouts":"set","ast-page-background-enabled":"default","ast-page-background-meta":{"desktop":{"background-color":"var(--ast-global-color-4)","background-image":"","background-repeat":"repeat","background-position":"center center","background-size":"auto","background-attachment":"scroll","background-type":"","background-media":"","overlay-type":"","overlay-color":"","overlay-opacity":"","overlay-gradient":""},"tablet":{"background-color":"","background-image":"","background-repeat":"repeat","background-position":"center center","background-size":"auto","background-attachment":"scroll","background-type":"","background-media":"","overlay-type":"","overlay-color":"","overlay-opacity":"","overlay-gradient":""},"mobile":{"background-color":"","background-image":"","background-repeat":"repeat","background-position":"center center","background-size":"auto","background-attachment":"scroll","background-type":"","background-media":"","overlay-type":"","overlay-color":"","overlay-opacity":"","overlay-gradient":""}},"ast-content-background-meta":{"desktop":{"background-color":"var(--ast-global-color-5)","background-image":"","background-repeat":"repeat","background-position":"center center","background-size":"auto","background-attachment":"scroll","background-type":"","background-media":"","overlay-type":"","overlay-color":"","overlay-opacity":"","overlay-gradient":""},"tablet":{"background-color":"var(--ast-global-color-5)","background-image":"","background-repeat":"repeat","background-position":"center center","background-size":"auto","background-attachment":"scroll","background-type":"","background-media":"","overlay-type":"","overlay-color":"","overlay-opacity":"","overlay-gradient":""},"mobile":{"background-color":"var(--ast-global-color-5)","background-image":"","background-repeat":"repeat","background-position":"center center","background-size":"auto","background-attachment":"scroll","background-type":"","background-media":"","overlay-type":"","overlay-color":"","overlay-opacity":"","overlay-gradient":""}}},"product_brand":[],"product_cat":[40],"product_tag":[],"class_list":{"0":"post-1267","1":"product","2":"type-product","3":"status-publish","4":"has-post-thumbnail","6":"product_cat-especialidades","7":"desktop-align-left","8":"tablet-align-left","9":"mobile-align-left","11":"first","12":"instock","13":"virtual","14":"sold-individually","15":"purchasable","16":"product-type-booking"},"yoast_head":"<!-- This site is optimized with the Yoast SEO plugin v25.5 - https:\/\/yoast.com\/wordpress\/plugins\/seo\/ -->\n<title>Buceo Nocturno - Blue Life<\/title>\n<meta name=\"robots\" content=\"index, follow, max-snippet:-1, max-image-preview:large, max-video-preview:-1\" \/>\n<link rel=\"canonical\" href=\"https:\/\/bluelifedive.com\/en\/cursos\/especialidades\/buceo-nocturno\/\" \/>\n<meta property=\"og:locale\" content=\"en_US\" \/>\n<meta property=\"og:type\" content=\"article\" \/>\n<meta property=\"og:title\" content=\"Buceo Nocturno - Blue Life\" \/>\n<meta property=\"og:description\" content=\"Edad 10  PADI Open Water Diver (o cualquier otra certificaci\u00f3n equivalente)\" \/>\n<meta property=\"og:url\" content=\"https:\/\/bluelifedive.com\/en\/cursos\/especialidades\/buceo-nocturno\/\" \/>\n<meta property=\"og:site_name\" content=\"Blue Life\" \/>\n<meta property=\"article:publisher\" content=\"https:\/\/www.facebook.com\/bluelifedive\/\" \/>\n<meta property=\"article:modified_time\" content=\"2023-11-10T23:28:52+00:00\" \/>\n<meta property=\"og:image\" content=\"https:\/\/bluelifedive.com\/wp-content\/uploads\/2023\/04\/Night2-dLKd__po-e1682313323606.jpg\" \/>\n\t<meta property=\"og:image:width\" content=\"890\" \/>\n\t<meta property=\"og:image:height\" content=\"501\" \/>\n\t<meta property=\"og:image:type\" content=\"image\/jpeg\" \/>\n<meta name=\"twitter:card\" content=\"summary_large_image\" \/>\n<meta name=\"twitter:label1\" content=\"Est. reading time\" \/>\n\t<meta name=\"twitter:data1\" content=\"1 minute\" \/>\n<script type=\"application\/ld+json\" class=\"yoast-schema-graph\">{\"@context\":\"https:\/\/schema.org\",\"@graph\":[{\"@type\":\"WebPage\",\"@id\":\"https:\/\/bluelifedive.com\/cursos\/especialidades\/buceo-nocturno\/\",\"url\":\"https:\/\/bluelifedive.com\/cursos\/especialidades\/buceo-nocturno\/\",\"name\":\"Buceo Nocturno - Blue Life\",\"isPartOf\":{\"@id\":\"https:\/\/bluelifedive.com\/#website\"},\"primaryImageOfPage\":{\"@id\":\"https:\/\/bluelifedive.com\/cursos\/especialidades\/buceo-nocturno\/#primaryimage\"},\"image\":{\"@id\":\"https:\/\/bluelifedive.com\/cursos\/especialidades\/buceo-nocturno\/#primaryimage\"},\"thumbnailUrl\":\"https:\/\/bluelifedive.com\/wp-content\/uploads\/2023\/04\/Night2-dLKd__po-e1682313323606.jpg\",\"datePublished\":\"2023-04-24T04:08:16+00:00\",\"dateModified\":\"2023-11-10T23:28:52+00:00\",\"breadcrumb\":{\"@id\":\"https:\/\/bluelifedive.com\/cursos\/especialidades\/buceo-nocturno\/#breadcrumb\"},\"inLanguage\":\"en-US\",\"potentialAction\":[{\"@type\":\"ReadAction\",\"target\":[\"https:\/\/bluelifedive.com\/cursos\/especialidades\/buceo-nocturno\/\"]}]},{\"@type\":\"ImageObject\",\"inLanguage\":\"en-US\",\"@id\":\"https:\/\/bluelifedive.com\/cursos\/especialidades\/buceo-nocturno\/#primaryimage\",\"url\":\"https:\/\/bluelifedive.com\/wp-content\/uploads\/2023\/04\/Night2-dLKd__po-e1682313323606.jpg\",\"contentUrl\":\"https:\/\/bluelifedive.com\/wp-content\/uploads\/2023\/04\/Night2-dLKd__po-e1682313323606.jpg\",\"width\":890,\"height\":501},{\"@type\":\"BreadcrumbList\",\"@id\":\"https:\/\/bluelifedive.com\/cursos\/especialidades\/buceo-nocturno\/#breadcrumb\",\"itemListElement\":[{\"@type\":\"ListItem\",\"position\":1,\"name\":\"Portada\",\"item\":\"https:\/\/bluelifedive.com\/\"},{\"@type\":\"ListItem\",\"position\":2,\"name\":\"Tienda\",\"item\":\"https:\/\/bluelifedive.com\/tienda\/\"},{\"@type\":\"ListItem\",\"position\":3,\"name\":\"Buceo Nocturno\"}]},{\"@type\":\"WebSite\",\"@id\":\"https:\/\/bluelifedive.com\/#website\",\"url\":\"https:\/\/bluelifedive.com\/\",\"name\":\"Blue Life Dive\",\"description\":\"BLUE LIFE CENTRO DE BUCEO\",\"publisher\":{\"@id\":\"https:\/\/bluelifedive.com\/#organization\"},\"potentialAction\":[{\"@type\":\"SearchAction\",\"target\":{\"@type\":\"EntryPoint\",\"urlTemplate\":\"https:\/\/bluelifedive.com\/?s={search_term_string}\"},\"query-input\":{\"@type\":\"PropertyValueSpecification\",\"valueRequired\":true,\"valueName\":\"search_term_string\"}}],\"inLanguage\":\"en-US\"},{\"@type\":\"Organization\",\"@id\":\"https:\/\/bluelifedive.com\/#organization\",\"name\":\"Blue Life Dive\",\"url\":\"https:\/\/bluelifedive.com\/\",\"logo\":{\"@type\":\"ImageObject\",\"inLanguage\":\"en-US\",\"@id\":\"https:\/\/bluelifedive.com\/#\/schema\/logo\/image\/\",\"url\":\"https:\/\/bluelifedive.com\/wp-content\/uploads\/2023\/03\/logo-dos-sin-fondo-1.png\",\"contentUrl\":\"https:\/\/bluelifedive.com\/wp-content\/uploads\/2023\/03\/logo-dos-sin-fondo-1.png\",\"width\":792,\"height\":298,\"caption\":\"Blue Life Dive\"},\"image\":{\"@id\":\"https:\/\/bluelifedive.com\/#\/schema\/logo\/image\/\"},\"sameAs\":[\"https:\/\/www.facebook.com\/bluelifedive\/\",\"https:\/\/www.instagram.com\/bluelifesanandres\/\",\"https:\/\/www.tripadvisor.co\/Attraction_Review-g3493965-d2076515-Reviews-Blue_Life_Centro_de_Buceo-San_Andres_San_Andres_Island_San_Andres_and_Providenci.html\"]}]}<\/script>\n<!-- \/ Yoast SEO plugin. -->","yoast_head_json":{"title":"Buceo Nocturno - Blue Life","robots":{"index":"index","follow":"follow","max-snippet":"max-snippet:-1","max-image-preview":"max-image-preview:large","max-video-preview":"max-video-preview:-1"},"canonical":"https:\/\/bluelifedive.com\/en\/cursos\/especialidades\/buceo-nocturno\/","og_locale":"en_US","og_type":"article","og_title":"Buceo Nocturno - Blue Life","og_description":"Edad 10  PADI Open Water Diver (o cualquier otra certificaci\u00f3n equivalente)","og_url":"https:\/\/bluelifedive.com\/en\/cursos\/especialidades\/buceo-nocturno\/","og_site_name":"Blue Life","article_publisher":"https:\/\/www.facebook.com\/bluelifedive\/","article_modified_time":"2023-11-10T23:28:52+00:00","og_image":[{"width":890,"height":501,"url":"https:\/\/bluelifedive.com\/wp-content\/uploads\/2023\/04\/Night2-dLKd__po-e1682313323606.jpg","type":"image\/jpeg"}],"twitter_card":"summary_large_image","twitter_misc":{"Est. reading time":"1 minute"},"schema":{"@context":"https:\/\/schema.org","@graph":[{"@type":"WebPage","@id":"https:\/\/bluelifedive.com\/cursos\/especialidades\/buceo-nocturno\/","url":"https:\/\/bluelifedive.com\/cursos\/especialidades\/buceo-nocturno\/","name":"Buceo Nocturno - Blue Life","isPartOf":{"@id":"https:\/\/bluelifedive.com\/#website"},"primaryImageOfPage":{"@id":"https:\/\/bluelifedive.com\/cursos\/especialidades\/buceo-nocturno\/#primaryimage"},"image":{"@id":"https:\/\/bluelifedive.com\/cursos\/especialidades\/buceo-nocturno\/#primaryimage"},"thumbnailUrl":"https:\/\/bluelifedive.com\/wp-content\/uploads\/2023\/04\/Night2-dLKd__po-e1682313323606.jpg","datePublished":"2023-04-24T04:08:16+00:00","dateModified":"2023-11-10T23:28:52+00:00","breadcrumb":{"@id":"https:\/\/bluelifedive.com\/cursos\/especialidades\/buceo-nocturno\/#breadcrumb"},"inLanguage":"en-US","potentialAction":[{"@type":"ReadAction","target":["https:\/\/bluelifedive.com\/cursos\/especialidades\/buceo-nocturno\/"]}]},{"@type":"ImageObject","inLanguage":"en-US","@id":"https:\/\/bluelifedive.com\/cursos\/especialidades\/buceo-nocturno\/#primaryimage","url":"https:\/\/bluelifedive.com\/wp-content\/uploads\/2023\/04\/Night2-dLKd__po-e1682313323606.jpg","contentUrl":"https:\/\/bluelifedive.com\/wp-content\/uploads\/2023\/04\/Night2-dLKd__po-e1682313323606.jpg","width":890,"height":501},{"@type":"BreadcrumbList","@id":"https:\/\/bluelifedive.com\/cursos\/especialidades\/buceo-nocturno\/#breadcrumb","itemListElement":[{"@type":"ListItem","position":1,"name":"Portada","item":"https:\/\/bluelifedive.com\/"},{"@type":"ListItem","position":2,"name":"Tienda","item":"https:\/\/bluelifedive.com\/tienda\/"},{"@type":"ListItem","position":3,"name":"Buceo Nocturno"}]},{"@type":"WebSite","@id":"https:\/\/bluelifedive.com\/#website","url":"https:\/\/bluelifedive.com\/","name":"Blue Life Dive","description":"BLUE LIFE CENTRO DE BUCEO","publisher":{"@id":"https:\/\/bluelifedive.com\/#organization"},"potentialAction":[{"@type":"SearchAction","target":{"@type":"EntryPoint","urlTemplate":"https:\/\/bluelifedive.com\/?s={search_term_string}"},"query-input":{"@type":"PropertyValueSpecification","valueRequired":true,"valueName":"search_term_string"}}],"inLanguage":"en-US"},{"@type":"Organization","@id":"https:\/\/bluelifedive.com\/#organization","name":"Blue Life Dive","url":"https:\/\/bluelifedive.com\/","logo":{"@type":"ImageObject","inLanguage":"en-US","@id":"https:\/\/bluelifedive.com\/#\/schema\/logo\/image\/","url":"https:\/\/bluelifedive.com\/wp-content\/uploads\/2023\/03\/logo-dos-sin-fondo-1.png","contentUrl":"https:\/\/bluelifedive.com\/wp-content\/uploads\/2023\/03\/logo-dos-sin-fondo-1.png","width":792,"height":298,"caption":"Blue Life Dive"},"image":{"@id":"https:\/\/bluelifedive.com\/#\/schema\/logo\/image\/"},"sameAs":["https:\/\/www.facebook.com\/bluelifedive\/","https:\/\/www.instagram.com\/bluelifesanandres\/","https:\/\/www.tripadvisor.co\/Attraction_Review-g3493965-d2076515-Reviews-Blue_Life_Centro_de_Buceo-San_Andres_San_Andres_Island_San_Andres_and_Providenci.html"]}]}},"_links":{"self":[{"href":"https:\/\/bluelifedive.com\/en\/wp-json\/wp\/v2\/product\/1267","targetHints":{"allow":["GET"]}}],"collection":[{"href":"https:\/\/bluelifedive.com\/en\/wp-json\/wp\/v2\/product"}],"about":[{"href":"https:\/\/bluelifedive.com\/en\/wp-json\/wp\/v2\/types\/product"}],"replies":[{"embeddable":true,"href":"https:\/\/bluelifedive.com\/en\/wp-json\/wp\/v2\/comments?post=1267"}],"wp:featuredmedia":[{"embeddable":true,"href":"https:\/\/bluelifedive.com\/en\/wp-json\/wp\/v2\/media\/1163"}],"wp:attachment":[{"href":"https:\/\/bluelifedive.com\/en\/wp-json\/wp\/v2\/media?parent=1267"}],"wp:term":[{"taxonomy":"product_brand","embeddable":true,"href":"https:\/\/bluelifedive.com\/en\/wp-json\/wp\/v2\/product_brand?post=1267"},{"taxonomy":"product_cat","embeddable":true,"href":"https:\/\/bluelifedive.com\/en\/wp-json\/wp\/v2\/product_cat?post=1267"},{"taxonomy":"product_tag","embeddable":true,"href":"https:\/\/bluelifedive.com\/en\/wp-json\/wp\/v2\/product_tag?post=1267"}],"curies":[{"name":"wp","href":"https:\/\/api.w.org\/{rel}","templated":true}]}}