{"id":1273,"date":"2023-04-23T23:31:16","date_gmt":"2023-04-24T04:31:16","guid":{"rendered":"https:\/\/bluelifedive.com\/?post_type=product&#038;p=1273"},"modified":"2023-11-10T18:23:02","modified_gmt":"2023-11-10T23:23:02","slug":"navegacion-subacuatica","status":"publish","type":"product","link":"https:\/\/bluelifedive.com\/en\/cursos\/especialidades\/navegacion-subacuatica\/","title":{"rendered":"Underwater Navigator"},"content":{"rendered":"<h6 class=\"s17\"><span class=\"s12\">Why PADI Underwater Navigation Diving Course?<\/span><\/h6>\n<p class=\"s17\"><span class=\"s12\">Be the diver everyone wants to follow and make your sense of direction legendary with the PADI Underwater Navigator Specialty course.Excellent when combined with the PADI Deep Diving specialty Course to complete your Advanced Open Water Certification.<\/span><span class=\"s12\"><br \/>\n<\/span><\/p>\n<p>&nbsp;<\/p>\n<h6 class=\"s17\"><span class=\"s12\">What do I need to start?<\/span><\/h6>\n<p class=\"s17\"><span class=\"s12\"><br \/>\n<\/span><span class=\"s12\">PADI Open Water Diver (or other qualifying certification)<\/span><span class=\"s12\"><br \/>\n<\/span><\/p>\n<h6 class=\"s17\"><span class=\"s12\">What will I do?<\/span><\/h6>\n<p class=\"s17\"><span class=\"s12\">aprendes<\/span><span class=\"s12\"><br \/>\n<\/span><span class=\"s12\">\u25cf\tNavigation patterns<\/span><span class=\"s12\"><br \/>\n<\/span><span class=\"s12\">\u25cf\tNatural navigation (without a compass)<\/span><span class=\"s12\"><br \/>\n<\/span><span class=\"s12\">\u25cf\tUnderwater map making<\/span><span class=\"s12\"><br \/>\n<\/span><span class=\"s12\">\u25cf\tCompass navigation<\/span><span class=\"s12\"><br \/>\n<\/span><span class=\"s12\">\u25cf\tUnderwater map making<\/span><span class=\"s12\"><br \/>\n<\/span><span class=\"s12\">\u25cf\tDive site relocation<\/span><span class=\"s12\"><br \/>\n<\/span><span class=\"s12\">\u25cf\tHow to estimate distance underwater<\/span><span class=\"s12\"><br \/>\n<\/span><\/p>\n<h6 class=\"s17\"><span class=\"s12\"><br \/>\n<\/span><span class=\"s12\">How long will it take?<\/span><\/h6>\n<p class=\"s17\"><span class=\"s12\"><br \/>\n<\/span><span class=\"s12\">The PADI Multilevel specialty can be done in as little as 2 days.  It consists of two dives and a knowledge development session where we discuss the various techniques we will apply during the dives.<\/span><span class=\"s12\"><br \/>\n<\/span><\/p>\n<h6 class=\"s17\"><span class=\"s12\"><br \/>\n<\/span><span class=\"s12\">What do I earn at the end?<\/span><\/h6>\n<p class=\"s17\"><span class=\"s12\"><br \/>\n<\/span><span class=\"s12\">You will be certified as a PADI Underwater Navigator, a testament to your enhanced Diving abilities.<\/span><span class=\"s12\"><br \/>\n<\/span><\/p>\n<h6 class=\"s17\"><span class=\"s12\"><br \/>\n<\/span><span class=\"s12\">Where can I go from here?<\/span><\/h6>\n<p class=\"s17\"><span class=\"s12\"><br \/>\n<\/span><span class=\"s12\">Apply your increased navigation  skills to greater effect with the Nitrox course.  Continue building your experience with fun dives, where our daily dive schedule will enable you to explore the variety and challenges Of San Andre`s reefs and walls.<\/span><\/p>\n<p>&nbsp;<\/p>","protected":false},"excerpt":{"rendered":"<ul>\n<li>Edad 15 a\u00f1os<\/li>\n<li><span class=\"s4\">PADI Advanced Open Water Diver (or other qualifying certification)<\/span><\/li>\n<li><span class=\"s4\">PADI Enriched Air Nitrox (recomendado, pero no obligatorio)<\/span><\/li>\n<\/ul>","protected":false},"featured_media":1217,"comment_status":"open","ping_status":"closed","template":"","meta":{"site-sidebar-layout":"default","site-content-layout":"default","ast-site-content-layout":"default","site-content-style":"default","site-sidebar-style":"default","ast-global-header-display":"","ast-banner-title-visibility":"","ast-main-header-display":"","ast-hfb-above-header-display":"","ast-hfb-below-header-display":"","ast-hfb-mobile-header-display":"","site-post-title":"","ast-breadcrumbs-content":"","ast-featured-img":"","footer-sml-layout":"","theme-transparent-header-meta":"default","adv-header-id-meta":"","stick-header-meta":"","header-above-stick-meta":"","header-main-stick-meta":"","header-below-stick-meta":"","astra-migrate-meta-layouts":"set","ast-page-background-enabled":"default","ast-page-background-meta":{"desktop":{"background-color":"var(--ast-global-color-4)","background-image":"","background-repeat":"repeat","background-position":"center center","background-size":"auto","background-attachment":"scroll","background-type":"","background-media":"","overlay-type":"","overlay-color":"","overlay-opacity":"","overlay-gradient":""},"tablet":{"background-color":"","background-image":"","background-repeat":"repeat","background-position":"center center","background-size":"auto","background-attachment":"scroll","background-type":"","background-media":"","overlay-type":"","overlay-color":"","overlay-opacity":"","overlay-gradient":""},"mobile":{"background-color":"","background-image":"","background-repeat":"repeat","background-position":"center center","background-size":"auto","background-attachment":"scroll","background-type":"","background-media":"","overlay-type":"","overlay-color":"","overlay-opacity":"","overlay-gradient":""}},"ast-content-background-meta":{"desktop":{"background-color":"var(--ast-global-color-5)","background-image":"","background-repeat":"repeat","background-position":"center center","background-size":"auto","background-attachment":"scroll","background-type":"","background-media":"","overlay-type":"","overlay-color":"","overlay-opacity":"","overlay-gradient":""},"tablet":{"background-color":"var(--ast-global-color-5)","background-image":"","background-repeat":"repeat","background-position":"center center","background-size":"auto","background-attachment":"scroll","background-type":"","background-media":"","overlay-type":"","overlay-color":"","overlay-opacity":"","overlay-gradient":""},"mobile":{"background-color":"var(--ast-global-color-5)","background-image":"","background-repeat":"repeat","background-position":"center center","background-size":"auto","background-attachment":"scroll","background-type":"","background-media":"","overlay-type":"","overlay-color":"","overlay-opacity":"","overlay-gradient":""}}},"product_brand":[],"product_cat":[40],"product_tag":[],"class_list":{"0":"post-1273","1":"product","2":"type-product","3":"status-publish","4":"has-post-thumbnail","6":"product_cat-especialidades","7":"desktop-align-left","8":"tablet-align-left","9":"mobile-align-left","11":"first","12":"instock","13":"virtual","14":"sold-individually","15":"purchasable","16":"product-type-booking"},"yoast_head":"<!-- This site is optimized with the Yoast SEO plugin v25.5 - https:\/\/yoast.com\/wordpress\/plugins\/seo\/ -->\n<title>Navegaci\u00f3n Subacu\u00e1tica - Blue Life<\/title>\n<meta name=\"robots\" content=\"index, follow, max-snippet:-1, max-image-preview:large, max-video-preview:-1\" \/>\n<link rel=\"canonical\" href=\"https:\/\/bluelifedive.com\/en\/cursos\/especialidades\/navegacion-subacuatica\/\" \/>\n<meta property=\"og:locale\" content=\"en_US\" \/>\n<meta property=\"og:type\" content=\"article\" \/>\n<meta property=\"og:title\" content=\"Navegaci\u00f3n Subacu\u00e1tica - Blue Life\" \/>\n<meta property=\"og:description\" content=\"Edad 15 a\u00f1os  PADI Advanced Open Water Diver (u otra certificaci\u00f3n que califique)  PADI Enriched Air Nitrox (recomendado, pero no obligatorio)\" \/>\n<meta property=\"og:url\" content=\"https:\/\/bluelifedive.com\/en\/cursos\/especialidades\/navegacion-subacuatica\/\" \/>\n<meta property=\"og:site_name\" content=\"Blue Life\" \/>\n<meta property=\"article:publisher\" content=\"https:\/\/www.facebook.com\/bluelifedive\/\" \/>\n<meta property=\"article:modified_time\" content=\"2023-11-10T23:23:02+00:00\" \/>\n<meta property=\"og:image\" content=\"https:\/\/bluelifedive.com\/wp-content\/uploads\/2023\/04\/consejos-de-navegacion-submarina-principal.jpg\" \/>\n\t<meta property=\"og:image:width\" content=\"900\" \/>\n\t<meta property=\"og:image:height\" content=\"598\" \/>\n\t<meta property=\"og:image:type\" content=\"image\/jpeg\" \/>\n<meta name=\"twitter:card\" content=\"summary_large_image\" \/>\n<meta name=\"twitter:label1\" content=\"Est. reading time\" \/>\n\t<meta name=\"twitter:data1\" content=\"1 minute\" \/>\n<script type=\"application\/ld+json\" class=\"yoast-schema-graph\">{\"@context\":\"https:\/\/schema.org\",\"@graph\":[{\"@type\":\"WebPage\",\"@id\":\"https:\/\/bluelifedive.com\/cursos\/especialidades\/navegacion-subacuatica\/\",\"url\":\"https:\/\/bluelifedive.com\/cursos\/especialidades\/navegacion-subacuatica\/\",\"name\":\"Navegaci\u00f3n Subacu\u00e1tica - Blue Life\",\"isPartOf\":{\"@id\":\"https:\/\/bluelifedive.com\/#website\"},\"primaryImageOfPage\":{\"@id\":\"https:\/\/bluelifedive.com\/cursos\/especialidades\/navegacion-subacuatica\/#primaryimage\"},\"image\":{\"@id\":\"https:\/\/bluelifedive.com\/cursos\/especialidades\/navegacion-subacuatica\/#primaryimage\"},\"thumbnailUrl\":\"https:\/\/bluelifedive.com\/wp-content\/uploads\/2023\/04\/consejos-de-navegacion-submarina-principal.jpg\",\"datePublished\":\"2023-04-24T04:31:16+00:00\",\"dateModified\":\"2023-11-10T23:23:02+00:00\",\"breadcrumb\":{\"@id\":\"https:\/\/bluelifedive.com\/cursos\/especialidades\/navegacion-subacuatica\/#breadcrumb\"},\"inLanguage\":\"en-US\",\"potentialAction\":[{\"@type\":\"ReadAction\",\"target\":[\"https:\/\/bluelifedive.com\/cursos\/especialidades\/navegacion-subacuatica\/\"]}]},{\"@type\":\"ImageObject\",\"inLanguage\":\"en-US\",\"@id\":\"https:\/\/bluelifedive.com\/cursos\/especialidades\/navegacion-subacuatica\/#primaryimage\",\"url\":\"https:\/\/bluelifedive.com\/wp-content\/uploads\/2023\/04\/consejos-de-navegacion-submarina-principal.jpg\",\"contentUrl\":\"https:\/\/bluelifedive.com\/wp-content\/uploads\/2023\/04\/consejos-de-navegacion-submarina-principal.jpg\",\"width\":900,\"height\":598},{\"@type\":\"BreadcrumbList\",\"@id\":\"https:\/\/bluelifedive.com\/cursos\/especialidades\/navegacion-subacuatica\/#breadcrumb\",\"itemListElement\":[{\"@type\":\"ListItem\",\"position\":1,\"name\":\"Portada\",\"item\":\"https:\/\/bluelifedive.com\/\"},{\"@type\":\"ListItem\",\"position\":2,\"name\":\"Tienda\",\"item\":\"https:\/\/bluelifedive.com\/tienda\/\"},{\"@type\":\"ListItem\",\"position\":3,\"name\":\"Navegaci\u00f3n Subacu\u00e1tica\"}]},{\"@type\":\"WebSite\",\"@id\":\"https:\/\/bluelifedive.com\/#website\",\"url\":\"https:\/\/bluelifedive.com\/\",\"name\":\"Blue Life Dive\",\"description\":\"BLUE LIFE CENTRO DE BUCEO\",\"publisher\":{\"@id\":\"https:\/\/bluelifedive.com\/#organization\"},\"potentialAction\":[{\"@type\":\"SearchAction\",\"target\":{\"@type\":\"EntryPoint\",\"urlTemplate\":\"https:\/\/bluelifedive.com\/?s={search_term_string}\"},\"query-input\":{\"@type\":\"PropertyValueSpecification\",\"valueRequired\":true,\"valueName\":\"search_term_string\"}}],\"inLanguage\":\"en-US\"},{\"@type\":\"Organization\",\"@id\":\"https:\/\/bluelifedive.com\/#organization\",\"name\":\"Blue Life Dive\",\"url\":\"https:\/\/bluelifedive.com\/\",\"logo\":{\"@type\":\"ImageObject\",\"inLanguage\":\"en-US\",\"@id\":\"https:\/\/bluelifedive.com\/#\/schema\/logo\/image\/\",\"url\":\"https:\/\/bluelifedive.com\/wp-content\/uploads\/2023\/03\/logo-dos-sin-fondo-1.png\",\"contentUrl\":\"https:\/\/bluelifedive.com\/wp-content\/uploads\/2023\/03\/logo-dos-sin-fondo-1.png\",\"width\":792,\"height\":298,\"caption\":\"Blue Life Dive\"},\"image\":{\"@id\":\"https:\/\/bluelifedive.com\/#\/schema\/logo\/image\/\"},\"sameAs\":[\"https:\/\/www.facebook.com\/bluelifedive\/\",\"https:\/\/www.instagram.com\/bluelifesanandres\/\",\"https:\/\/www.tripadvisor.co\/Attraction_Review-g3493965-d2076515-Reviews-Blue_Life_Centro_de_Buceo-San_Andres_San_Andres_Island_San_Andres_and_Providenci.html\"]}]}<\/script>\n<!-- \/ Yoast SEO plugin. -->","yoast_head_json":{"title":"Navegaci\u00f3n Subacu\u00e1tica - Blue Life","robots":{"index":"index","follow":"follow","max-snippet":"max-snippet:-1","max-image-preview":"max-image-preview:large","max-video-preview":"max-video-preview:-1"},"canonical":"https:\/\/bluelifedive.com\/en\/cursos\/especialidades\/navegacion-subacuatica\/","og_locale":"en_US","og_type":"article","og_title":"Navegaci\u00f3n Subacu\u00e1tica - Blue Life","og_description":"Edad 15 a\u00f1os  PADI Advanced Open Water Diver (u otra certificaci\u00f3n que califique)  PADI Enriched Air Nitrox (recomendado, pero no obligatorio)","og_url":"https:\/\/bluelifedive.com\/en\/cursos\/especialidades\/navegacion-subacuatica\/","og_site_name":"Blue Life","article_publisher":"https:\/\/www.facebook.com\/bluelifedive\/","article_modified_time":"2023-11-10T23:23:02+00:00","og_image":[{"width":900,"height":598,"url":"https:\/\/bluelifedive.com\/wp-content\/uploads\/2023\/04\/consejos-de-navegacion-submarina-principal.jpg","type":"image\/jpeg"}],"twitter_card":"summary_large_image","twitter_misc":{"Est. reading time":"1 minute"},"schema":{"@context":"https:\/\/schema.org","@graph":[{"@type":"WebPage","@id":"https:\/\/bluelifedive.com\/cursos\/especialidades\/navegacion-subacuatica\/","url":"https:\/\/bluelifedive.com\/cursos\/especialidades\/navegacion-subacuatica\/","name":"Navegaci\u00f3n Subacu\u00e1tica - Blue Life","isPartOf":{"@id":"https:\/\/bluelifedive.com\/#website"},"primaryImageOfPage":{"@id":"https:\/\/bluelifedive.com\/cursos\/especialidades\/navegacion-subacuatica\/#primaryimage"},"image":{"@id":"https:\/\/bluelifedive.com\/cursos\/especialidades\/navegacion-subacuatica\/#primaryimage"},"thumbnailUrl":"https:\/\/bluelifedive.com\/wp-content\/uploads\/2023\/04\/consejos-de-navegacion-submarina-principal.jpg","datePublished":"2023-04-24T04:31:16+00:00","dateModified":"2023-11-10T23:23:02+00:00","breadcrumb":{"@id":"https:\/\/bluelifedive.com\/cursos\/especialidades\/navegacion-subacuatica\/#breadcrumb"},"inLanguage":"en-US","potentialAction":[{"@type":"ReadAction","target":["https:\/\/bluelifedive.com\/cursos\/especialidades\/navegacion-subacuatica\/"]}]},{"@type":"ImageObject","inLanguage":"en-US","@id":"https:\/\/bluelifedive.com\/cursos\/especialidades\/navegacion-subacuatica\/#primaryimage","url":"https:\/\/bluelifedive.com\/wp-content\/uploads\/2023\/04\/consejos-de-navegacion-submarina-principal.jpg","contentUrl":"https:\/\/bluelifedive.com\/wp-content\/uploads\/2023\/04\/consejos-de-navegacion-submarina-principal.jpg","width":900,"height":598},{"@type":"BreadcrumbList","@id":"https:\/\/bluelifedive.com\/cursos\/especialidades\/navegacion-subacuatica\/#breadcrumb","itemListElement":[{"@type":"ListItem","position":1,"name":"Portada","item":"https:\/\/bluelifedive.com\/"},{"@type":"ListItem","position":2,"name":"Tienda","item":"https:\/\/bluelifedive.com\/tienda\/"},{"@type":"ListItem","position":3,"name":"Navegaci\u00f3n Subacu\u00e1tica"}]},{"@type":"WebSite","@id":"https:\/\/bluelifedive.com\/#website","url":"https:\/\/bluelifedive.com\/","name":"Blue Life Dive","description":"BLUE LIFE CENTRO DE BUCEO","publisher":{"@id":"https:\/\/bluelifedive.com\/#organization"},"potentialAction":[{"@type":"SearchAction","target":{"@type":"EntryPoint","urlTemplate":"https:\/\/bluelifedive.com\/?s={search_term_string}"},"query-input":{"@type":"PropertyValueSpecification","valueRequired":true,"valueName":"search_term_string"}}],"inLanguage":"en-US"},{"@type":"Organization","@id":"https:\/\/bluelifedive.com\/#organization","name":"Blue Life Dive","url":"https:\/\/bluelifedive.com\/","logo":{"@type":"ImageObject","inLanguage":"en-US","@id":"https:\/\/bluelifedive.com\/#\/schema\/logo\/image\/","url":"https:\/\/bluelifedive.com\/wp-content\/uploads\/2023\/03\/logo-dos-sin-fondo-1.png","contentUrl":"https:\/\/bluelifedive.com\/wp-content\/uploads\/2023\/03\/logo-dos-sin-fondo-1.png","width":792,"height":298,"caption":"Blue Life Dive"},"image":{"@id":"https:\/\/bluelifedive.com\/#\/schema\/logo\/image\/"},"sameAs":["https:\/\/www.facebook.com\/bluelifedive\/","https:\/\/www.instagram.com\/bluelifesanandres\/","https:\/\/www.tripadvisor.co\/Attraction_Review-g3493965-d2076515-Reviews-Blue_Life_Centro_de_Buceo-San_Andres_San_Andres_Island_San_Andres_and_Providenci.html"]}]}},"_links":{"self":[{"href":"https:\/\/bluelifedive.com\/en\/wp-json\/wp\/v2\/product\/1273","targetHints":{"allow":["GET"]}}],"collection":[{"href":"https:\/\/bluelifedive.com\/en\/wp-json\/wp\/v2\/product"}],"about":[{"href":"https:\/\/bluelifedive.com\/en\/wp-json\/wp\/v2\/types\/product"}],"replies":[{"embeddable":true,"href":"https:\/\/bluelifedive.com\/en\/wp-json\/wp\/v2\/comments?post=1273"}],"wp:featuredmedia":[{"embeddable":true,"href":"https:\/\/bluelifedive.com\/en\/wp-json\/wp\/v2\/media\/1217"}],"wp:attachment":[{"href":"https:\/\/bluelifedive.com\/en\/wp-json\/wp\/v2\/media?parent=1273"}],"wp:term":[{"taxonomy":"product_brand","embeddable":true,"href":"https:\/\/bluelifedive.com\/en\/wp-json\/wp\/v2\/product_brand?post=1273"},{"taxonomy":"product_cat","embeddable":true,"href":"https:\/\/bluelifedive.com\/en\/wp-json\/wp\/v2\/product_cat?post=1273"},{"taxonomy":"product_tag","embeddable":true,"href":"https:\/\/bluelifedive.com\/en\/wp-json\/wp\/v2\/product_tag?post=1273"}],"curies":[{"name":"wp","href":"https:\/\/api.w.org\/{rel}","templated":true}]}}