{"id":1498,"date":"2023-05-30T11:53:09","date_gmt":"2023-05-30T16:53:09","guid":{"rendered":"https:\/\/bluelifedive.com\/?post_type=product&#038;p=1498"},"modified":"2026-03-09T11:35:23","modified_gmt":"2026-03-09T16:35:23","slug":"buceo-doble-con-equipo","status":"publish","type":"product","link":"https:\/\/bluelifedive.com\/en\/cursos\/especialidades\/buceo-doble-con-equipo\/","title":{"rendered":"Buceo doble con equipo"},"content":{"rendered":"<p><strong>Incluye:<\/strong><\/p>\n<ul>\n<li>Buceo Doble: salida a dos sitios diferentes de buceo.<\/li>\n<li>Alquiler de equipo (Este precio incluye alquiler de equipo excepto computador de buceo)<\/li>\n<li>Instructor o Dive Master<\/li>\n<li>Seguro<\/li>\n<li>Agua, galletas y Caf\u00e9 disponibles en el bote.<\/li>\n<\/ul>\n<p>&nbsp;<\/p>\n<p><strong>\u00a0Horario:<\/strong><\/p>\n<p>Hora de encuentro es 8:00 am y estamos regresando alrededor de las 12:30<\/p>\n<p>&nbsp;<\/p>\n<p><strong>Fun dives\/buceos dobles:<\/strong><\/p>\n<p>Ofrecemos buceos guiados por profesionales para buzos certificados.\u00a0 Seleccionamos los sitios de buceo cada ma\u00f1ana dependiendo de las condiciones clim\u00e1ticas, en funci\u00f3n de d\u00f3nde es probable que tengamos las mejores condiciones y tratamos de asegurarnos de que no repetir\u00e1 los sitios de buceo durante su estad\u00eda.<\/p>\n<p>&nbsp;<\/p>\n<p><strong>Equipo profesional<\/strong><\/p>\n<p>Tenemos un equipo profesional de instructores y Dive masters PADI que est\u00e1n siempre dispuestos para que tengas la mejor y m\u00e1s segura experiencia de buceo.<\/p>\n<p>&nbsp;<\/p>","protected":false},"excerpt":{"rendered":"<ul>\n<li>None<\/li>\n<\/ul>","protected":false},"featured_media":1495,"comment_status":"open","ping_status":"closed","template":"","meta":{"site-sidebar-layout":"default","site-content-layout":"default","ast-site-content-layout":"default","site-content-style":"default","site-sidebar-style":"default","ast-global-header-display":"","ast-banner-title-visibility":"","ast-main-header-display":"","ast-hfb-above-header-display":"","ast-hfb-below-header-display":"","ast-hfb-mobile-header-display":"","site-post-title":"","ast-breadcrumbs-content":"","ast-featured-img":"","footer-sml-layout":"","theme-transparent-header-meta":"default","adv-header-id-meta":"","stick-header-meta":"","header-above-stick-meta":"","header-main-stick-meta":"","header-below-stick-meta":"","astra-migrate-meta-layouts":"set","ast-page-background-enabled":"default","ast-page-background-meta":{"desktop":{"background-color":"var(--ast-global-color-4)","background-image":"","background-repeat":"repeat","background-position":"center center","background-size":"auto","background-attachment":"scroll","background-type":"","background-media":"","overlay-type":"","overlay-color":"","overlay-opacity":"","overlay-gradient":""},"tablet":{"background-color":"","background-image":"","background-repeat":"repeat","background-position":"center center","background-size":"auto","background-attachment":"scroll","background-type":"","background-media":"","overlay-type":"","overlay-color":"","overlay-opacity":"","overlay-gradient":""},"mobile":{"background-color":"","background-image":"","background-repeat":"repeat","background-position":"center center","background-size":"auto","background-attachment":"scroll","background-type":"","background-media":"","overlay-type":"","overlay-color":"","overlay-opacity":"","overlay-gradient":""}},"ast-content-background-meta":{"desktop":{"background-color":"var(--ast-global-color-5)","background-image":"","background-repeat":"repeat","background-position":"center center","background-size":"auto","background-attachment":"scroll","background-type":"","background-media":"","overlay-type":"","overlay-color":"","overlay-opacity":"","overlay-gradient":""},"tablet":{"background-color":"var(--ast-global-color-5)","background-image":"","background-repeat":"repeat","background-position":"center center","background-size":"auto","background-attachment":"scroll","background-type":"","background-media":"","overlay-type":"","overlay-color":"","overlay-opacity":"","overlay-gradient":""},"mobile":{"background-color":"var(--ast-global-color-5)","background-image":"","background-repeat":"repeat","background-position":"center center","background-size":"auto","background-attachment":"scroll","background-type":"","background-media":"","overlay-type":"","overlay-color":"","overlay-opacity":"","overlay-gradient":""}}},"product_brand":[],"product_cat":[40],"product_tag":[],"class_list":{"0":"post-1498","1":"product","2":"type-product","3":"status-publish","4":"has-post-thumbnail","6":"product_cat-especialidades","7":"desktop-align-left","8":"tablet-align-left","9":"mobile-align-left","11":"first","12":"instock","13":"virtual","14":"sold-individually","15":"purchasable","16":"product-type-booking"},"yoast_head":"<!-- This site is optimized with the Yoast SEO plugin v25.5 - https:\/\/yoast.com\/wordpress\/plugins\/seo\/ -->\n<title>Buceo doble con equipo - Blue Life<\/title>\n<meta name=\"robots\" content=\"index, follow, max-snippet:-1, max-image-preview:large, max-video-preview:-1\" \/>\n<link rel=\"canonical\" href=\"https:\/\/bluelifedive.com\/en\/cursos\/especialidades\/buceo-doble-con-equipo\/\" \/>\n<meta property=\"og:locale\" content=\"en_US\" \/>\n<meta property=\"og:type\" content=\"article\" \/>\n<meta property=\"og:title\" content=\"Buceo doble con equipo - Blue Life\" \/>\n<meta property=\"og:description\" content=\"Ninguno\" \/>\n<meta property=\"og:url\" content=\"https:\/\/bluelifedive.com\/en\/cursos\/especialidades\/buceo-doble-con-equipo\/\" \/>\n<meta property=\"og:site_name\" content=\"Blue Life\" \/>\n<meta property=\"article:publisher\" content=\"https:\/\/www.facebook.com\/bluelifedive\/\" \/>\n<meta property=\"article:modified_time\" content=\"2026-03-09T16:35:23+00:00\" \/>\n<meta property=\"og:image\" content=\"https:\/\/bluelifedive.com\/wp-content\/uploads\/2023\/05\/Buceo-compressor-550x400-1.jpg\" \/>\n\t<meta property=\"og:image:width\" content=\"550\" \/>\n\t<meta property=\"og:image:height\" content=\"400\" \/>\n\t<meta property=\"og:image:type\" content=\"image\/jpeg\" \/>\n<meta name=\"twitter:card\" content=\"summary_large_image\" \/>\n<meta name=\"twitter:label1\" content=\"Est. reading time\" \/>\n\t<meta name=\"twitter:data1\" content=\"1 minute\" \/>\n<script type=\"application\/ld+json\" class=\"yoast-schema-graph\">{\"@context\":\"https:\/\/schema.org\",\"@graph\":[{\"@type\":\"WebPage\",\"@id\":\"https:\/\/bluelifedive.com\/cursos\/especialidades\/buceo-doble-con-equipo\/\",\"url\":\"https:\/\/bluelifedive.com\/cursos\/especialidades\/buceo-doble-con-equipo\/\",\"name\":\"Buceo doble con equipo - Blue Life\",\"isPartOf\":{\"@id\":\"https:\/\/bluelifedive.com\/#website\"},\"primaryImageOfPage\":{\"@id\":\"https:\/\/bluelifedive.com\/cursos\/especialidades\/buceo-doble-con-equipo\/#primaryimage\"},\"image\":{\"@id\":\"https:\/\/bluelifedive.com\/cursos\/especialidades\/buceo-doble-con-equipo\/#primaryimage\"},\"thumbnailUrl\":\"https:\/\/bluelifedive.com\/wp-content\/uploads\/2023\/05\/Buceo-compressor-550x400-1.jpg\",\"datePublished\":\"2023-05-30T16:53:09+00:00\",\"dateModified\":\"2026-03-09T16:35:23+00:00\",\"breadcrumb\":{\"@id\":\"https:\/\/bluelifedive.com\/cursos\/especialidades\/buceo-doble-con-equipo\/#breadcrumb\"},\"inLanguage\":\"en-US\",\"potentialAction\":[{\"@type\":\"ReadAction\",\"target\":[\"https:\/\/bluelifedive.com\/cursos\/especialidades\/buceo-doble-con-equipo\/\"]}]},{\"@type\":\"ImageObject\",\"inLanguage\":\"en-US\",\"@id\":\"https:\/\/bluelifedive.com\/cursos\/especialidades\/buceo-doble-con-equipo\/#primaryimage\",\"url\":\"https:\/\/bluelifedive.com\/wp-content\/uploads\/2023\/05\/Buceo-compressor-550x400-1.jpg\",\"contentUrl\":\"https:\/\/bluelifedive.com\/wp-content\/uploads\/2023\/05\/Buceo-compressor-550x400-1.jpg\",\"width\":550,\"height\":400},{\"@type\":\"BreadcrumbList\",\"@id\":\"https:\/\/bluelifedive.com\/cursos\/especialidades\/buceo-doble-con-equipo\/#breadcrumb\",\"itemListElement\":[{\"@type\":\"ListItem\",\"position\":1,\"name\":\"Portada\",\"item\":\"https:\/\/bluelifedive.com\/\"},{\"@type\":\"ListItem\",\"position\":2,\"name\":\"Tienda\",\"item\":\"https:\/\/bluelifedive.com\/tienda\/\"},{\"@type\":\"ListItem\",\"position\":3,\"name\":\"Buceo doble con equipo\"}]},{\"@type\":\"WebSite\",\"@id\":\"https:\/\/bluelifedive.com\/#website\",\"url\":\"https:\/\/bluelifedive.com\/\",\"name\":\"Blue Life Dive\",\"description\":\"BLUE LIFE CENTRO DE BUCEO\",\"publisher\":{\"@id\":\"https:\/\/bluelifedive.com\/#organization\"},\"potentialAction\":[{\"@type\":\"SearchAction\",\"target\":{\"@type\":\"EntryPoint\",\"urlTemplate\":\"https:\/\/bluelifedive.com\/?s={search_term_string}\"},\"query-input\":{\"@type\":\"PropertyValueSpecification\",\"valueRequired\":true,\"valueName\":\"search_term_string\"}}],\"inLanguage\":\"en-US\"},{\"@type\":\"Organization\",\"@id\":\"https:\/\/bluelifedive.com\/#organization\",\"name\":\"Blue Life Dive\",\"url\":\"https:\/\/bluelifedive.com\/\",\"logo\":{\"@type\":\"ImageObject\",\"inLanguage\":\"en-US\",\"@id\":\"https:\/\/bluelifedive.com\/#\/schema\/logo\/image\/\",\"url\":\"https:\/\/bluelifedive.com\/wp-content\/uploads\/2023\/03\/logo-dos-sin-fondo-1.png\",\"contentUrl\":\"https:\/\/bluelifedive.com\/wp-content\/uploads\/2023\/03\/logo-dos-sin-fondo-1.png\",\"width\":792,\"height\":298,\"caption\":\"Blue Life Dive\"},\"image\":{\"@id\":\"https:\/\/bluelifedive.com\/#\/schema\/logo\/image\/\"},\"sameAs\":[\"https:\/\/www.facebook.com\/bluelifedive\/\",\"https:\/\/www.instagram.com\/bluelifesanandres\/\",\"https:\/\/www.tripadvisor.co\/Attraction_Review-g3493965-d2076515-Reviews-Blue_Life_Centro_de_Buceo-San_Andres_San_Andres_Island_San_Andres_and_Providenci.html\"]}]}<\/script>\n<!-- \/ Yoast SEO plugin. -->","yoast_head_json":{"title":"Buceo doble con equipo - Blue Life","robots":{"index":"index","follow":"follow","max-snippet":"max-snippet:-1","max-image-preview":"max-image-preview:large","max-video-preview":"max-video-preview:-1"},"canonical":"https:\/\/bluelifedive.com\/en\/cursos\/especialidades\/buceo-doble-con-equipo\/","og_locale":"en_US","og_type":"article","og_title":"Buceo doble con equipo - Blue Life","og_description":"Ninguno","og_url":"https:\/\/bluelifedive.com\/en\/cursos\/especialidades\/buceo-doble-con-equipo\/","og_site_name":"Blue Life","article_publisher":"https:\/\/www.facebook.com\/bluelifedive\/","article_modified_time":"2026-03-09T16:35:23+00:00","og_image":[{"width":550,"height":400,"url":"https:\/\/bluelifedive.com\/wp-content\/uploads\/2023\/05\/Buceo-compressor-550x400-1.jpg","type":"image\/jpeg"}],"twitter_card":"summary_large_image","twitter_misc":{"Est. reading time":"1 minute"},"schema":{"@context":"https:\/\/schema.org","@graph":[{"@type":"WebPage","@id":"https:\/\/bluelifedive.com\/cursos\/especialidades\/buceo-doble-con-equipo\/","url":"https:\/\/bluelifedive.com\/cursos\/especialidades\/buceo-doble-con-equipo\/","name":"Buceo doble con equipo - Blue Life","isPartOf":{"@id":"https:\/\/bluelifedive.com\/#website"},"primaryImageOfPage":{"@id":"https:\/\/bluelifedive.com\/cursos\/especialidades\/buceo-doble-con-equipo\/#primaryimage"},"image":{"@id":"https:\/\/bluelifedive.com\/cursos\/especialidades\/buceo-doble-con-equipo\/#primaryimage"},"thumbnailUrl":"https:\/\/bluelifedive.com\/wp-content\/uploads\/2023\/05\/Buceo-compressor-550x400-1.jpg","datePublished":"2023-05-30T16:53:09+00:00","dateModified":"2026-03-09T16:35:23+00:00","breadcrumb":{"@id":"https:\/\/bluelifedive.com\/cursos\/especialidades\/buceo-doble-con-equipo\/#breadcrumb"},"inLanguage":"en-US","potentialAction":[{"@type":"ReadAction","target":["https:\/\/bluelifedive.com\/cursos\/especialidades\/buceo-doble-con-equipo\/"]}]},{"@type":"ImageObject","inLanguage":"en-US","@id":"https:\/\/bluelifedive.com\/cursos\/especialidades\/buceo-doble-con-equipo\/#primaryimage","url":"https:\/\/bluelifedive.com\/wp-content\/uploads\/2023\/05\/Buceo-compressor-550x400-1.jpg","contentUrl":"https:\/\/bluelifedive.com\/wp-content\/uploads\/2023\/05\/Buceo-compressor-550x400-1.jpg","width":550,"height":400},{"@type":"BreadcrumbList","@id":"https:\/\/bluelifedive.com\/cursos\/especialidades\/buceo-doble-con-equipo\/#breadcrumb","itemListElement":[{"@type":"ListItem","position":1,"name":"Portada","item":"https:\/\/bluelifedive.com\/"},{"@type":"ListItem","position":2,"name":"Tienda","item":"https:\/\/bluelifedive.com\/tienda\/"},{"@type":"ListItem","position":3,"name":"Buceo doble con equipo"}]},{"@type":"WebSite","@id":"https:\/\/bluelifedive.com\/#website","url":"https:\/\/bluelifedive.com\/","name":"Blue Life Dive","description":"BLUE LIFE CENTRO DE BUCEO","publisher":{"@id":"https:\/\/bluelifedive.com\/#organization"},"potentialAction":[{"@type":"SearchAction","target":{"@type":"EntryPoint","urlTemplate":"https:\/\/bluelifedive.com\/?s={search_term_string}"},"query-input":{"@type":"PropertyValueSpecification","valueRequired":true,"valueName":"search_term_string"}}],"inLanguage":"en-US"},{"@type":"Organization","@id":"https:\/\/bluelifedive.com\/#organization","name":"Blue Life Dive","url":"https:\/\/bluelifedive.com\/","logo":{"@type":"ImageObject","inLanguage":"en-US","@id":"https:\/\/bluelifedive.com\/#\/schema\/logo\/image\/","url":"https:\/\/bluelifedive.com\/wp-content\/uploads\/2023\/03\/logo-dos-sin-fondo-1.png","contentUrl":"https:\/\/bluelifedive.com\/wp-content\/uploads\/2023\/03\/logo-dos-sin-fondo-1.png","width":792,"height":298,"caption":"Blue Life Dive"},"image":{"@id":"https:\/\/bluelifedive.com\/#\/schema\/logo\/image\/"},"sameAs":["https:\/\/www.facebook.com\/bluelifedive\/","https:\/\/www.instagram.com\/bluelifesanandres\/","https:\/\/www.tripadvisor.co\/Attraction_Review-g3493965-d2076515-Reviews-Blue_Life_Centro_de_Buceo-San_Andres_San_Andres_Island_San_Andres_and_Providenci.html"]}]}},"_links":{"self":[{"href":"https:\/\/bluelifedive.com\/en\/wp-json\/wp\/v2\/product\/1498","targetHints":{"allow":["GET"]}}],"collection":[{"href":"https:\/\/bluelifedive.com\/en\/wp-json\/wp\/v2\/product"}],"about":[{"href":"https:\/\/bluelifedive.com\/en\/wp-json\/wp\/v2\/types\/product"}],"replies":[{"embeddable":true,"href":"https:\/\/bluelifedive.com\/en\/wp-json\/wp\/v2\/comments?post=1498"}],"wp:featuredmedia":[{"embeddable":true,"href":"https:\/\/bluelifedive.com\/en\/wp-json\/wp\/v2\/media\/1495"}],"wp:attachment":[{"href":"https:\/\/bluelifedive.com\/en\/wp-json\/wp\/v2\/media?parent=1498"}],"wp:term":[{"taxonomy":"product_brand","embeddable":true,"href":"https:\/\/bluelifedive.com\/en\/wp-json\/wp\/v2\/product_brand?post=1498"},{"taxonomy":"product_cat","embeddable":true,"href":"https:\/\/bluelifedive.com\/en\/wp-json\/wp\/v2\/product_cat?post=1498"},{"taxonomy":"product_tag","embeddable":true,"href":"https:\/\/bluelifedive.com\/en\/wp-json\/wp\/v2\/product_tag?post=1498"}],"curies":[{"name":"wp","href":"https:\/\/api.w.org\/{rel}","templated":true}]}}