{"id":2129,"date":"2024-05-21T19:48:50","date_gmt":"2024-05-22T00:48:50","guid":{"rendered":"https:\/\/bluelifedive.com\/?post_type=product&#038;p=2129"},"modified":"2024-07-11T10:46:05","modified_gmt":"2024-07-11T15:46:05","slug":"owsi-padi-basico","status":"publish","type":"product","link":"https:\/\/bluelifedive.com\/en\/cursos\/cursos-profesionales\/owsi-padi-basico\/","title":{"rendered":"OWSI PADI B\u00e1sico"},"content":{"rendered":"<h5>\u00bfPor qu\u00e9 OWSI PADI B\u00e1sico?\u200b<\/h5>\n<p>&nbsp;<\/p>\n<p><span style=\"font-weight: 400;\">If you like people, have a passion for scuba diving and want an extraordinary life - become a PADI Instructor. Teaching scuba diving allows you to share your love of the aquatic world with others while doing what you enjoy - being in, around and under water. PADI Open Water Scuba Instructors and PADI Assistant Instructors are the most sought-after dive professionals around the world because they've completed the program that sets the standard for training dive professionals. You earn a PADI Instructor rating through hard work and commitment, but you're rewarded with a job that lets you share incredible underwater adventures with others - transforming their lives for the better and enriching yours.<\/span><\/p>\n<p>&nbsp;<\/p>\n<h5>What do I need to start?<\/h5>\n<p>&nbsp;<\/p>\n<p><span style=\"font-weight: 400;\">Dive professionals who hold an instructor rating with another diver training organization may be eligible to enroll directly in the OWSI program. This recognizes prior instructor training and provides a path to become a PADI Instructor.<\/span><\/p>\n<p><span style=\"font-weight: 400;\">A PADI Divemaster who has been a certified diver for six months may enroll in the PADI Instructor Development Course. You also need:<\/span><\/p>\n<ul>\n<li style=\"font-weight: 400;\" aria-level=\"1\"><span style=\"font-weight: 400;\">At least 60 logged dives and 100 dives to attend an IE.<\/span><\/li>\n<li style=\"font-weight: 400;\" aria-level=\"1\"><span style=\"font-weight: 400;\">Emergency First Response Primary and Secondary Care (CPR and First Aid) training within the past 24 months.<\/span><\/li>\n<li style=\"font-weight: 400;\" aria-level=\"1\"><span style=\"font-weight: 400;\">A medical statement signed by a physician within the last 12 months.<\/span><\/li>\n<li style=\"font-weight: 400;\" aria-level=\"1\"><span style=\"font-weight: 400;\">You also need to be an Emergency First Response Instructor, but you can earn this rating during your instructor training.<\/span><\/li>\n<\/ul>\n<p>&nbsp;<\/p>\n<h5>What will I do?<\/h5>\n<p>&nbsp;<\/p>\n<p><span style=\"font-weight: 400;\">Over a minimum of 10 days, but usually more like seven, the IDC teaches you to conduct all PADI core courses. You'll be able to organize and present information, conduct skill development sessions and control open water dives. Basically, you become a better public speaker and get really good at demonstrating skills while watching out for student diver safety. Key topics include:<\/span><\/p>\n<ul>\n<li style=\"list-style-type: none;\">\n<ul>\n<li style=\"font-weight: 400;\" aria-level=\"1\"><span style=\"font-weight: 400;\">PADI Standards and Procedures for courses you can teach with in water workshops<\/span><\/li>\n<li style=\"font-weight: 400;\" aria-level=\"1\"><span style=\"font-weight: 400;\">Learning, Instruction and the PADI System<\/span><\/li>\n<li style=\"font-weight: 400;\" aria-level=\"1\"><span style=\"font-weight: 400;\">Risk Management and Diver Safety<\/span><\/li>\n<li style=\"font-weight: 400;\" aria-level=\"1\"><span style=\"font-weight: 400;\">The Business of Diving and your role as an instructor<\/span><\/li>\n<li style=\"font-weight: 400;\" aria-level=\"1\"><span style=\"font-weight: 400;\">Marketing Diving and Sales Counseling<\/span><\/li>\n<li style=\"font-weight: 400;\" aria-level=\"1\"><span style=\"font-weight: 400;\">You may be able to get college credit or the Assistant Instructor course and Instructor Development Course.<\/span><\/li>\n<li style=\"font-weight: 400;\" aria-level=\"1\"><span style=\"font-weight: 400;\">Organizing a search and recovery project and a deep dive<\/span><\/li>\n<li style=\"font-weight: 400;\" aria-level=\"1\"><span style=\"font-weight: 400;\">Conducting a scuba review and skin diver course<\/span><\/li>\n<li style=\"font-weight: 400;\" aria-level=\"1\"><span style=\"font-weight: 400;\">Assisting with Discover Scuba Diving and leading Discover Local Diving programs<\/span><\/li>\n<\/ul>\n<\/li>\n<\/ul>\n<h5><\/h5>\n<h5><strong>How long will it take?<\/strong><\/h5>\n<p>&nbsp;<\/p>\n<ul>\n<li>Duraci\u00f3n: IDC 10 days + IE +\u00a0\u00a0\u00a05\u00a0\u00a0dias<\/li>\n<\/ul>\n<p>&nbsp;<\/p>\n<h5><strong>Can I do part of my course online (PADI eLearning)?<\/strong><\/h5>\n<p>&nbsp;<\/p>\n<p><span style=\"font-weight: 400;\">Yes!  The PADI eLearning program allows you to complete the knowledge development sessions online at your leisure, leaving you free to concentrate exclusively on the IDC presentations and skills development.<\/span><\/p>","protected":false},"excerpt":{"rendered":"<ul>\n<li style=\"font-weight: 400;\" aria-level=\"1\"><span style=\"font-weight: 400;\">Dive Leader Certification - PADI Divemaster or be in possession of a Leadership Level Certification from another recreational diver training organization.<\/span><\/li>\n<li style=\"font-weight: 400;\" aria-level=\"1\"><span style=\"font-weight: 400;\">Tener 100 inmersiones para asistir a un IE.<\/span><\/li>\n<li style=\"font-weight: 400;\" aria-level=\"1\"><span style=\"font-weight: 400;\">Have documented proof of experience in deep, night diving and underwater navigation.<\/span><\/li>\n<li style=\"font-weight: 400;\" aria-level=\"1\"><span style=\"font-weight: 400;\">18 a\u00f1os de edad\u00a0\u00a0<\/span><\/li>\n<li style=\"font-weight: 400;\" aria-level=\"1\"><span style=\"font-weight: 400;\">Medical certificate confirming fitness to dive signed by a Doctor within the last 12 months.<\/span><\/li>\n<li style=\"font-weight: 400;\" aria-level=\"1\"><span style=\"font-weight: 400;\">Certified diver for 6 months.<\/span><\/li>\n<\/ul>","protected":false},"featured_media":1217,"comment_status":"open","ping_status":"closed","template":"","meta":{"site-sidebar-layout":"default","site-content-layout":"default","ast-site-content-layout":"default","site-content-style":"default","site-sidebar-style":"default","ast-global-header-display":"","ast-banner-title-visibility":"","ast-main-header-display":"","ast-hfb-above-header-display":"","ast-hfb-below-header-display":"","ast-hfb-mobile-header-display":"","site-post-title":"","ast-breadcrumbs-content":"","ast-featured-img":"","footer-sml-layout":"","theme-transparent-header-meta":"default","adv-header-id-meta":"","stick-header-meta":"","header-above-stick-meta":"","header-main-stick-meta":"","header-below-stick-meta":"","astra-migrate-meta-layouts":"set","ast-page-background-enabled":"default","ast-page-background-meta":{"desktop":{"background-color":"var(--ast-global-color-4)","background-image":"","background-repeat":"repeat","background-position":"center center","background-size":"auto","background-attachment":"scroll","background-type":"","background-media":"","overlay-type":"","overlay-color":"","overlay-opacity":"","overlay-gradient":""},"tablet":{"background-color":"","background-image":"","background-repeat":"repeat","background-position":"center center","background-size":"auto","background-attachment":"scroll","background-type":"","background-media":"","overlay-type":"","overlay-color":"","overlay-opacity":"","overlay-gradient":""},"mobile":{"background-color":"","background-image":"","background-repeat":"repeat","background-position":"center center","background-size":"auto","background-attachment":"scroll","background-type":"","background-media":"","overlay-type":"","overlay-color":"","overlay-opacity":"","overlay-gradient":""}},"ast-content-background-meta":{"desktop":{"background-color":"var(--ast-global-color-5)","background-image":"","background-repeat":"repeat","background-position":"center center","background-size":"auto","background-attachment":"scroll","background-type":"","background-media":"","overlay-type":"","overlay-color":"","overlay-opacity":"","overlay-gradient":""},"tablet":{"background-color":"var(--ast-global-color-5)","background-image":"","background-repeat":"repeat","background-position":"center center","background-size":"auto","background-attachment":"scroll","background-type":"","background-media":"","overlay-type":"","overlay-color":"","overlay-opacity":"","overlay-gradient":""},"mobile":{"background-color":"var(--ast-global-color-5)","background-image":"","background-repeat":"repeat","background-position":"center center","background-size":"auto","background-attachment":"scroll","background-type":"","background-media":"","overlay-type":"","overlay-color":"","overlay-opacity":"","overlay-gradient":""}}},"product_brand":[],"product_cat":[24],"product_tag":[],"class_list":{"0":"post-2129","1":"product","2":"type-product","3":"status-publish","4":"has-post-thumbnail","6":"product_cat-cursos-profesionales","7":"desktop-align-left","8":"tablet-align-left","9":"mobile-align-left","11":"first","12":"instock","13":"virtual","14":"sold-individually","15":"purchasable","16":"product-type-booking"},"yoast_head":"<!-- This site is optimized with the Yoast SEO plugin v25.5 - https:\/\/yoast.com\/wordpress\/plugins\/seo\/ -->\n<title>OWSI PADI B\u00e1sico - Blue Life<\/title>\n<meta name=\"robots\" content=\"index, follow, max-snippet:-1, max-image-preview:large, max-video-preview:-1\" \/>\n<link rel=\"canonical\" href=\"https:\/\/bluelifedive.com\/en\/cursos\/cursos-profesionales\/owsi-padi-basico\/\" \/>\n<meta property=\"og:locale\" content=\"en_US\" \/>\n<meta property=\"og:type\" content=\"article\" \/>\n<meta property=\"og:title\" content=\"OWSI PADI B\u00e1sico - Blue Life\" \/>\n<meta property=\"og:description\" content=\"Certificaci\u00f3n Dive Leader: PADI Divemaster o estar en posesi\u00f3n de una Certificaci\u00f3n de nivel de liderazgo de otra organizaci\u00f3n de formaci\u00f3n de buceadores recreativos.  Tener 100 inmersiones para asistir a un IE.  Tener constancia documentada de experiencia en buceo profundo, nocturno y navegaci\u00f3n submarina.  18 a\u00f1os de edad\u00a0\u00a0  Certificado m\u00e9dico que acredite la aptitud para bucear firmado por un Doctor en los \u00faltimos 12 meses.  Buceador certificado durante 6 meses.\" \/>\n<meta property=\"og:url\" content=\"https:\/\/bluelifedive.com\/en\/cursos\/cursos-profesionales\/owsi-padi-basico\/\" \/>\n<meta property=\"og:site_name\" content=\"Blue Life\" \/>\n<meta property=\"article:publisher\" content=\"https:\/\/www.facebook.com\/bluelifedive\/\" \/>\n<meta property=\"article:modified_time\" content=\"2024-07-11T15:46:05+00:00\" \/>\n<meta property=\"og:image\" content=\"https:\/\/bluelifedive.com\/wp-content\/uploads\/2023\/04\/consejos-de-navegacion-submarina-principal.jpg\" \/>\n\t<meta property=\"og:image:width\" content=\"900\" \/>\n\t<meta property=\"og:image:height\" content=\"598\" \/>\n\t<meta property=\"og:image:type\" content=\"image\/jpeg\" \/>\n<meta name=\"twitter:card\" content=\"summary_large_image\" \/>\n<meta name=\"twitter:label1\" content=\"Est. reading time\" \/>\n\t<meta name=\"twitter:data1\" content=\"3 minutes\" \/>\n<script type=\"application\/ld+json\" class=\"yoast-schema-graph\">{\"@context\":\"https:\/\/schema.org\",\"@graph\":[{\"@type\":\"WebPage\",\"@id\":\"https:\/\/bluelifedive.com\/cursos\/cursos-profesionales\/owsi-padi-basico\/\",\"url\":\"https:\/\/bluelifedive.com\/cursos\/cursos-profesionales\/owsi-padi-basico\/\",\"name\":\"OWSI PADI B\u00e1sico - Blue Life\",\"isPartOf\":{\"@id\":\"https:\/\/bluelifedive.com\/#website\"},\"primaryImageOfPage\":{\"@id\":\"https:\/\/bluelifedive.com\/cursos\/cursos-profesionales\/owsi-padi-basico\/#primaryimage\"},\"image\":{\"@id\":\"https:\/\/bluelifedive.com\/cursos\/cursos-profesionales\/owsi-padi-basico\/#primaryimage\"},\"thumbnailUrl\":\"https:\/\/bluelifedive.com\/wp-content\/uploads\/2023\/04\/consejos-de-navegacion-submarina-principal.jpg\",\"datePublished\":\"2024-05-22T00:48:50+00:00\",\"dateModified\":\"2024-07-11T15:46:05+00:00\",\"breadcrumb\":{\"@id\":\"https:\/\/bluelifedive.com\/cursos\/cursos-profesionales\/owsi-padi-basico\/#breadcrumb\"},\"inLanguage\":\"en-US\",\"potentialAction\":[{\"@type\":\"ReadAction\",\"target\":[\"https:\/\/bluelifedive.com\/cursos\/cursos-profesionales\/owsi-padi-basico\/\"]}]},{\"@type\":\"ImageObject\",\"inLanguage\":\"en-US\",\"@id\":\"https:\/\/bluelifedive.com\/cursos\/cursos-profesionales\/owsi-padi-basico\/#primaryimage\",\"url\":\"https:\/\/bluelifedive.com\/wp-content\/uploads\/2023\/04\/consejos-de-navegacion-submarina-principal.jpg\",\"contentUrl\":\"https:\/\/bluelifedive.com\/wp-content\/uploads\/2023\/04\/consejos-de-navegacion-submarina-principal.jpg\",\"width\":900,\"height\":598},{\"@type\":\"BreadcrumbList\",\"@id\":\"https:\/\/bluelifedive.com\/cursos\/cursos-profesionales\/owsi-padi-basico\/#breadcrumb\",\"itemListElement\":[{\"@type\":\"ListItem\",\"position\":1,\"name\":\"Portada\",\"item\":\"https:\/\/bluelifedive.com\/\"},{\"@type\":\"ListItem\",\"position\":2,\"name\":\"Tienda\",\"item\":\"https:\/\/bluelifedive.com\/tienda\/\"},{\"@type\":\"ListItem\",\"position\":3,\"name\":\"OWSI PADI B\u00e1sico\"}]},{\"@type\":\"WebSite\",\"@id\":\"https:\/\/bluelifedive.com\/#website\",\"url\":\"https:\/\/bluelifedive.com\/\",\"name\":\"Blue Life Dive\",\"description\":\"BLUE LIFE CENTRO DE BUCEO\",\"publisher\":{\"@id\":\"https:\/\/bluelifedive.com\/#organization\"},\"potentialAction\":[{\"@type\":\"SearchAction\",\"target\":{\"@type\":\"EntryPoint\",\"urlTemplate\":\"https:\/\/bluelifedive.com\/?s={search_term_string}\"},\"query-input\":{\"@type\":\"PropertyValueSpecification\",\"valueRequired\":true,\"valueName\":\"search_term_string\"}}],\"inLanguage\":\"en-US\"},{\"@type\":\"Organization\",\"@id\":\"https:\/\/bluelifedive.com\/#organization\",\"name\":\"Blue Life Dive\",\"url\":\"https:\/\/bluelifedive.com\/\",\"logo\":{\"@type\":\"ImageObject\",\"inLanguage\":\"en-US\",\"@id\":\"https:\/\/bluelifedive.com\/#\/schema\/logo\/image\/\",\"url\":\"https:\/\/bluelifedive.com\/wp-content\/uploads\/2023\/03\/logo-dos-sin-fondo-1.png\",\"contentUrl\":\"https:\/\/bluelifedive.com\/wp-content\/uploads\/2023\/03\/logo-dos-sin-fondo-1.png\",\"width\":792,\"height\":298,\"caption\":\"Blue Life Dive\"},\"image\":{\"@id\":\"https:\/\/bluelifedive.com\/#\/schema\/logo\/image\/\"},\"sameAs\":[\"https:\/\/www.facebook.com\/bluelifedive\/\",\"https:\/\/www.instagram.com\/bluelifesanandres\/\",\"https:\/\/www.tripadvisor.co\/Attraction_Review-g3493965-d2076515-Reviews-Blue_Life_Centro_de_Buceo-San_Andres_San_Andres_Island_San_Andres_and_Providenci.html\"]}]}<\/script>\n<!-- \/ Yoast SEO plugin. -->","yoast_head_json":{"title":"OWSI PADI B\u00e1sico - Blue Life","robots":{"index":"index","follow":"follow","max-snippet":"max-snippet:-1","max-image-preview":"max-image-preview:large","max-video-preview":"max-video-preview:-1"},"canonical":"https:\/\/bluelifedive.com\/en\/cursos\/cursos-profesionales\/owsi-padi-basico\/","og_locale":"en_US","og_type":"article","og_title":"OWSI PADI B\u00e1sico - Blue Life","og_description":"Certificaci\u00f3n Dive Leader: PADI Divemaster o estar en posesi\u00f3n de una Certificaci\u00f3n de nivel de liderazgo de otra organizaci\u00f3n de formaci\u00f3n de buceadores recreativos.  Tener 100 inmersiones para asistir a un IE.  Tener constancia documentada de experiencia en buceo profundo, nocturno y navegaci\u00f3n submarina.  18 a\u00f1os de edad\u00a0\u00a0  Certificado m\u00e9dico que acredite la aptitud para bucear firmado por un Doctor en los \u00faltimos 12 meses.  Buceador certificado durante 6 meses.","og_url":"https:\/\/bluelifedive.com\/en\/cursos\/cursos-profesionales\/owsi-padi-basico\/","og_site_name":"Blue Life","article_publisher":"https:\/\/www.facebook.com\/bluelifedive\/","article_modified_time":"2024-07-11T15:46:05+00:00","og_image":[{"width":900,"height":598,"url":"https:\/\/bluelifedive.com\/wp-content\/uploads\/2023\/04\/consejos-de-navegacion-submarina-principal.jpg","type":"image\/jpeg"}],"twitter_card":"summary_large_image","twitter_misc":{"Est. reading time":"3 minutes"},"schema":{"@context":"https:\/\/schema.org","@graph":[{"@type":"WebPage","@id":"https:\/\/bluelifedive.com\/cursos\/cursos-profesionales\/owsi-padi-basico\/","url":"https:\/\/bluelifedive.com\/cursos\/cursos-profesionales\/owsi-padi-basico\/","name":"OWSI PADI B\u00e1sico - Blue Life","isPartOf":{"@id":"https:\/\/bluelifedive.com\/#website"},"primaryImageOfPage":{"@id":"https:\/\/bluelifedive.com\/cursos\/cursos-profesionales\/owsi-padi-basico\/#primaryimage"},"image":{"@id":"https:\/\/bluelifedive.com\/cursos\/cursos-profesionales\/owsi-padi-basico\/#primaryimage"},"thumbnailUrl":"https:\/\/bluelifedive.com\/wp-content\/uploads\/2023\/04\/consejos-de-navegacion-submarina-principal.jpg","datePublished":"2024-05-22T00:48:50+00:00","dateModified":"2024-07-11T15:46:05+00:00","breadcrumb":{"@id":"https:\/\/bluelifedive.com\/cursos\/cursos-profesionales\/owsi-padi-basico\/#breadcrumb"},"inLanguage":"en-US","potentialAction":[{"@type":"ReadAction","target":["https:\/\/bluelifedive.com\/cursos\/cursos-profesionales\/owsi-padi-basico\/"]}]},{"@type":"ImageObject","inLanguage":"en-US","@id":"https:\/\/bluelifedive.com\/cursos\/cursos-profesionales\/owsi-padi-basico\/#primaryimage","url":"https:\/\/bluelifedive.com\/wp-content\/uploads\/2023\/04\/consejos-de-navegacion-submarina-principal.jpg","contentUrl":"https:\/\/bluelifedive.com\/wp-content\/uploads\/2023\/04\/consejos-de-navegacion-submarina-principal.jpg","width":900,"height":598},{"@type":"BreadcrumbList","@id":"https:\/\/bluelifedive.com\/cursos\/cursos-profesionales\/owsi-padi-basico\/#breadcrumb","itemListElement":[{"@type":"ListItem","position":1,"name":"Portada","item":"https:\/\/bluelifedive.com\/"},{"@type":"ListItem","position":2,"name":"Tienda","item":"https:\/\/bluelifedive.com\/tienda\/"},{"@type":"ListItem","position":3,"name":"OWSI PADI B\u00e1sico"}]},{"@type":"WebSite","@id":"https:\/\/bluelifedive.com\/#website","url":"https:\/\/bluelifedive.com\/","name":"Blue Life Dive","description":"BLUE LIFE CENTRO DE BUCEO","publisher":{"@id":"https:\/\/bluelifedive.com\/#organization"},"potentialAction":[{"@type":"SearchAction","target":{"@type":"EntryPoint","urlTemplate":"https:\/\/bluelifedive.com\/?s={search_term_string}"},"query-input":{"@type":"PropertyValueSpecification","valueRequired":true,"valueName":"search_term_string"}}],"inLanguage":"en-US"},{"@type":"Organization","@id":"https:\/\/bluelifedive.com\/#organization","name":"Blue Life Dive","url":"https:\/\/bluelifedive.com\/","logo":{"@type":"ImageObject","inLanguage":"en-US","@id":"https:\/\/bluelifedive.com\/#\/schema\/logo\/image\/","url":"https:\/\/bluelifedive.com\/wp-content\/uploads\/2023\/03\/logo-dos-sin-fondo-1.png","contentUrl":"https:\/\/bluelifedive.com\/wp-content\/uploads\/2023\/03\/logo-dos-sin-fondo-1.png","width":792,"height":298,"caption":"Blue Life Dive"},"image":{"@id":"https:\/\/bluelifedive.com\/#\/schema\/logo\/image\/"},"sameAs":["https:\/\/www.facebook.com\/bluelifedive\/","https:\/\/www.instagram.com\/bluelifesanandres\/","https:\/\/www.tripadvisor.co\/Attraction_Review-g3493965-d2076515-Reviews-Blue_Life_Centro_de_Buceo-San_Andres_San_Andres_Island_San_Andres_and_Providenci.html"]}]}},"_links":{"self":[{"href":"https:\/\/bluelifedive.com\/en\/wp-json\/wp\/v2\/product\/2129","targetHints":{"allow":["GET"]}}],"collection":[{"href":"https:\/\/bluelifedive.com\/en\/wp-json\/wp\/v2\/product"}],"about":[{"href":"https:\/\/bluelifedive.com\/en\/wp-json\/wp\/v2\/types\/product"}],"replies":[{"embeddable":true,"href":"https:\/\/bluelifedive.com\/en\/wp-json\/wp\/v2\/comments?post=2129"}],"wp:featuredmedia":[{"embeddable":true,"href":"https:\/\/bluelifedive.com\/en\/wp-json\/wp\/v2\/media\/1217"}],"wp:attachment":[{"href":"https:\/\/bluelifedive.com\/en\/wp-json\/wp\/v2\/media?parent=2129"}],"wp:term":[{"taxonomy":"product_brand","embeddable":true,"href":"https:\/\/bluelifedive.com\/en\/wp-json\/wp\/v2\/product_brand?post=2129"},{"taxonomy":"product_cat","embeddable":true,"href":"https:\/\/bluelifedive.com\/en\/wp-json\/wp\/v2\/product_cat?post=2129"},{"taxonomy":"product_tag","embeddable":true,"href":"https:\/\/bluelifedive.com\/en\/wp-json\/wp\/v2\/product_tag?post=2129"}],"curies":[{"name":"wp","href":"https:\/\/api.w.org\/{rel}","templated":true}]}}