{"id":2135,"date":"2024-05-21T21:10:08","date_gmt":"2024-05-22T02:10:08","guid":{"rendered":"https:\/\/bluelifedive.com\/?post_type=product&#038;p=2135"},"modified":"2024-07-11T11:44:47","modified_gmt":"2024-07-11T16:44:47","slug":"msdt-plus","status":"publish","type":"product","link":"https:\/\/bluelifedive.com\/en\/cursos\/cursos-profesionales\/msdt-plus\/","title":{"rendered":"PADI Master Scuba Diver Trainer Plus"},"content":{"rendered":"<h5>\u00bfPor qu\u00e9 MSDT plus ?\u200b<\/h5>\n<p>&nbsp;<\/p>\n<p><span style=\"font-weight: 400;\">Si te gusta la gente, te apasiona el buceo y quieres una vida extraordinaria, convi\u00e9rtete en Instructor PADI. Ense\u00f1ar a bucear te permite compartir tu amor por el mundo acu\u00e1tico con otros mientras haces lo que disfrutas: estar dentro, alrededor y debajo del agua. Los PADI Master Scuba Diver Trainer Plus son los profesionales del buceo m\u00e1s buscados en todo el mundo porque han completado el programa que establece el est\u00e1ndar para la formaci\u00f3n de profesionales del buceo. Obtienes una calificaci\u00f3n de Instructor PADI a trav\u00e9s del trabajo arduo y el compromiso, pero eres recompensado con un trabajo que te permite compartir incre\u00edbles aventuras submarinas con otros, transformando sus vidas para mejor y enriqueciendo la tuya.<\/span><\/p>\n<p>&nbsp;<\/p>\n<h5>What do I need to start?<\/h5>\n<p>&nbsp;<\/p>\n<p><span style=\"font-weight: 400;\">Dive professionals who hold an instructor rating with another diver training organization may be eligible to enroll directly in the OWSI program. This recognizes prior instructor training and provides a path to become a PADI Instructor.<\/span><\/p>\n<p><span style=\"font-weight: 400;\">A PADI Divemaster who has been a certified diver for six months may enroll in the PADI Instructor Development Course. You also need:<\/span><\/p>\n<ul>\n<li style=\"font-weight: 400;\" aria-level=\"1\"><span style=\"font-weight: 400;\">At least 60 logged dives and 100 dives to attend an IE.<\/span><\/li>\n<li style=\"font-weight: 400;\" aria-level=\"1\"><span style=\"font-weight: 400;\">Emergency First Response Primary and Secondary Care (CPR and First Aid) training within the past 24 months.<\/span><\/li>\n<li style=\"font-weight: 400;\" aria-level=\"1\"><span style=\"font-weight: 400;\">A medical statement signed by a physician within the last 12 months.<\/span><\/li>\n<li style=\"font-weight: 400;\" aria-level=\"1\"><span style=\"font-weight: 400;\">You also need to be an Emergency First Response Instructor, but you can earn this rating during your instructor training.<\/span><\/li>\n<\/ul>\n<p>&nbsp;<\/p>\n<h5>What will I do?<\/h5>\n<p>&nbsp;<\/p>\n<ul>\n<li>\n<ul>\n<li>The PADI Divemaster course teaches you to be a leader and take charge of dive activities. Through knowledge development sessions, water skills exercises and workshops, and hands-on practical assessment, you develop the skills to organize and direct a variety of scuba diving activities. Topics and practical workshops include:<\/li>\n<li>The role and characteristics of the PADI Divemaster<\/li>\n<li>Supervising dive activities and assisting with student divers<\/li>\n<li>Diver safety and risk management<\/li>\n<li>Divemaster conducted programs and specialized skills<\/li>\n<li>Business of diving and your career<\/li>\n<li>Awareness of the dive environment<\/li>\n<li>Dive setup and management<\/li>\n<li>Mapping an open water site<\/li>\n<li>Conducting dive briefings<\/li>\n<li>Organizing a search and recovery project and a deep dive<\/li>\n<li>Conducting a scuba review and skin diver course<\/li>\n<li>Assisting with Discover Scuba Diving and leading Discover Local Diving programs<\/li>\n<\/ul>\n<blockquote><p><strong>Specialties<\/strong>:<br \/>\nO2 provider Instructor<br \/>\nNitrox Instructor<br \/>\nUnderwater Navigation Instructor<br \/>\nDeep Dive Instructor<br \/>\nSide Mount Instructor<br \/>\n( Requisito 25 certificaciones para el nivel MSDT )<\/p><\/blockquote>\n<p><strong>Adicional<\/strong><br \/>\nAdicionalmente te invitamos a vivir la experiencia de intro to Tec PADI de la mano de nuestro Course Director.<br \/>\nLa real diferenciaci\u00f3n de este espec\u00edfico programa es el entrenamiento como Capit\u00e1n de Bote. con horas pr\u00e1cticas y teor\u00eda basadas en experiencia real en embarcaciones\u00a0de\u00a0buceo.<\/p>\n<p>&nbsp;<\/li>\n<\/ul>\n<p>&nbsp;<\/p>\n<h5><strong>How long will it take?<\/strong><\/h5>\n<p>&nbsp;<\/p>\n<p>IDC 10 days + IE + 15 dias<\/p>\n<p>&nbsp;<\/p>\n<h5><strong>Can I do part of my course online (PADI eLearning)?<\/strong><\/h5>\n<p>&nbsp;<\/p>\n<p><span style=\"font-weight: 400;\">Yes!  The PADI eLearning program allows you to complete the knowledge development sessions online at your leisure, leaving you free to concentrate exclusively on the IDC presentations and skills development.<\/span><\/p>","protected":false},"excerpt":{"rendered":"<ul>\n<li style=\"font-weight: 400;\" aria-level=\"1\"><span style=\"font-weight: 400;\">Dive Leader Certification - PADI Divemaster or be in possession of a Leadership Level Certification from another recreational diver training organization.<\/span><\/li>\n<li style=\"font-weight: 400;\" aria-level=\"1\"><span style=\"font-weight: 400;\">Tener 100 inmersiones para asistir a un IE.<\/span><\/li>\n<li style=\"font-weight: 400;\" aria-level=\"1\"><span style=\"font-weight: 400;\">Have documented proof of experience in deep, night diving and underwater navigation.<\/span><\/li>\n<li style=\"font-weight: 400;\" aria-level=\"1\"><span style=\"font-weight: 400;\">18 a\u00f1os de edad\u00a0\u00a0<\/span><\/li>\n<li style=\"font-weight: 400;\" aria-level=\"1\"><span style=\"font-weight: 400;\">Medical certificate confirming fitness to dive signed by a Doctor within the last 12 months.<\/span><\/li>\n<li style=\"font-weight: 400;\" aria-level=\"1\"><span style=\"font-weight: 400;\">Certified diver for 6 months.<\/span><\/li>\n<\/ul>","protected":false},"featured_media":781,"comment_status":"open","ping_status":"closed","template":"","meta":{"site-sidebar-layout":"default","site-content-layout":"default","ast-site-content-layout":"default","site-content-style":"default","site-sidebar-style":"default","ast-global-header-display":"","ast-banner-title-visibility":"","ast-main-header-display":"","ast-hfb-above-header-display":"","ast-hfb-below-header-display":"","ast-hfb-mobile-header-display":"","site-post-title":"","ast-breadcrumbs-content":"","ast-featured-img":"","footer-sml-layout":"","theme-transparent-header-meta":"default","adv-header-id-meta":"","stick-header-meta":"","header-above-stick-meta":"","header-main-stick-meta":"","header-below-stick-meta":"","astra-migrate-meta-layouts":"set","ast-page-background-enabled":"default","ast-page-background-meta":{"desktop":{"background-color":"var(--ast-global-color-4)","background-image":"","background-repeat":"repeat","background-position":"center center","background-size":"auto","background-attachment":"scroll","background-type":"","background-media":"","overlay-type":"","overlay-color":"","overlay-opacity":"","overlay-gradient":""},"tablet":{"background-color":"","background-image":"","background-repeat":"repeat","background-position":"center center","background-size":"auto","background-attachment":"scroll","background-type":"","background-media":"","overlay-type":"","overlay-color":"","overlay-opacity":"","overlay-gradient":""},"mobile":{"background-color":"","background-image":"","background-repeat":"repeat","background-position":"center center","background-size":"auto","background-attachment":"scroll","background-type":"","background-media":"","overlay-type":"","overlay-color":"","overlay-opacity":"","overlay-gradient":""}},"ast-content-background-meta":{"desktop":{"background-color":"var(--ast-global-color-5)","background-image":"","background-repeat":"repeat","background-position":"center center","background-size":"auto","background-attachment":"scroll","background-type":"","background-media":"","overlay-type":"","overlay-color":"","overlay-opacity":"","overlay-gradient":""},"tablet":{"background-color":"var(--ast-global-color-5)","background-image":"","background-repeat":"repeat","background-position":"center center","background-size":"auto","background-attachment":"scroll","background-type":"","background-media":"","overlay-type":"","overlay-color":"","overlay-opacity":"","overlay-gradient":""},"mobile":{"background-color":"var(--ast-global-color-5)","background-image":"","background-repeat":"repeat","background-position":"center center","background-size":"auto","background-attachment":"scroll","background-type":"","background-media":"","overlay-type":"","overlay-color":"","overlay-opacity":"","overlay-gradient":""}}},"product_brand":[],"product_cat":[24],"product_tag":[],"class_list":{"0":"post-2135","1":"product","2":"type-product","3":"status-publish","4":"has-post-thumbnail","6":"product_cat-cursos-profesionales","7":"desktop-align-left","8":"tablet-align-left","9":"mobile-align-left","11":"first","12":"instock","13":"virtual","14":"sold-individually","15":"purchasable","16":"product-type-booking"},"yoast_head":"<!-- This site is optimized with the Yoast SEO plugin v25.5 - https:\/\/yoast.com\/wordpress\/plugins\/seo\/ -->\n<title>PADI Master Scuba Diver Trainer Plus - Blue Life<\/title>\n<meta name=\"robots\" content=\"index, follow, max-snippet:-1, max-image-preview:large, max-video-preview:-1\" \/>\n<link rel=\"canonical\" href=\"https:\/\/bluelifedive.com\/en\/cursos\/cursos-profesionales\/msdt-plus\/\" \/>\n<meta property=\"og:locale\" content=\"en_US\" \/>\n<meta property=\"og:type\" content=\"article\" \/>\n<meta property=\"og:title\" content=\"PADI Master Scuba Diver Trainer Plus - Blue Life\" \/>\n<meta property=\"og:description\" content=\"Certificaci\u00f3n Dive Leader: PADI Divemaster o estar en posesi\u00f3n de una Certificaci\u00f3n de nivel de liderazgo de otra organizaci\u00f3n de formaci\u00f3n de buceadores recreativos.  Tener 100 inmersiones para asistir a un IE.  Tener constancia documentada de experiencia en buceo profundo, nocturno y navegaci\u00f3n submarina.  18 a\u00f1os de edad\u00a0\u00a0  Certificado m\u00e9dico que acredite la aptitud para bucear firmado por un Doctor en los \u00faltimos 12 meses.  Buceador certificado durante 6 meses.\" \/>\n<meta property=\"og:url\" content=\"https:\/\/bluelifedive.com\/en\/cursos\/cursos-profesionales\/msdt-plus\/\" \/>\n<meta property=\"og:site_name\" content=\"Blue Life\" \/>\n<meta property=\"article:publisher\" content=\"https:\/\/www.facebook.com\/bluelifedive\/\" \/>\n<meta property=\"article:modified_time\" content=\"2024-07-11T16:44:47+00:00\" \/>\n<meta property=\"og:image\" content=\"https:\/\/bluelifedive.com\/wp-content\/uploads\/2023\/04\/3078014449158295327__-e1682305721216.jpeg\" \/>\n\t<meta property=\"og:image:width\" content=\"960\" \/>\n\t<meta property=\"og:image:height\" content=\"720\" \/>\n\t<meta property=\"og:image:type\" content=\"image\/jpeg\" \/>\n<meta name=\"twitter:card\" content=\"summary_large_image\" \/>\n<meta name=\"twitter:label1\" content=\"Est. reading time\" \/>\n\t<meta name=\"twitter:data1\" content=\"3 minutes\" \/>\n<script type=\"application\/ld+json\" class=\"yoast-schema-graph\">{\"@context\":\"https:\/\/schema.org\",\"@graph\":[{\"@type\":\"WebPage\",\"@id\":\"https:\/\/bluelifedive.com\/cursos\/cursos-profesionales\/msdt-plus\/\",\"url\":\"https:\/\/bluelifedive.com\/cursos\/cursos-profesionales\/msdt-plus\/\",\"name\":\"PADI Master Scuba Diver Trainer Plus - Blue Life\",\"isPartOf\":{\"@id\":\"https:\/\/bluelifedive.com\/#website\"},\"primaryImageOfPage\":{\"@id\":\"https:\/\/bluelifedive.com\/cursos\/cursos-profesionales\/msdt-plus\/#primaryimage\"},\"image\":{\"@id\":\"https:\/\/bluelifedive.com\/cursos\/cursos-profesionales\/msdt-plus\/#primaryimage\"},\"thumbnailUrl\":\"https:\/\/bluelifedive.com\/wp-content\/uploads\/2023\/04\/3078014449158295327__-e1682305721216.jpeg\",\"datePublished\":\"2024-05-22T02:10:08+00:00\",\"dateModified\":\"2024-07-11T16:44:47+00:00\",\"breadcrumb\":{\"@id\":\"https:\/\/bluelifedive.com\/cursos\/cursos-profesionales\/msdt-plus\/#breadcrumb\"},\"inLanguage\":\"en-US\",\"potentialAction\":[{\"@type\":\"ReadAction\",\"target\":[\"https:\/\/bluelifedive.com\/cursos\/cursos-profesionales\/msdt-plus\/\"]}]},{\"@type\":\"ImageObject\",\"inLanguage\":\"en-US\",\"@id\":\"https:\/\/bluelifedive.com\/cursos\/cursos-profesionales\/msdt-plus\/#primaryimage\",\"url\":\"https:\/\/bluelifedive.com\/wp-content\/uploads\/2023\/04\/3078014449158295327__-e1682305721216.jpeg\",\"contentUrl\":\"https:\/\/bluelifedive.com\/wp-content\/uploads\/2023\/04\/3078014449158295327__-e1682305721216.jpeg\",\"width\":960,\"height\":720},{\"@type\":\"BreadcrumbList\",\"@id\":\"https:\/\/bluelifedive.com\/cursos\/cursos-profesionales\/msdt-plus\/#breadcrumb\",\"itemListElement\":[{\"@type\":\"ListItem\",\"position\":1,\"name\":\"Portada\",\"item\":\"https:\/\/bluelifedive.com\/\"},{\"@type\":\"ListItem\",\"position\":2,\"name\":\"Tienda\",\"item\":\"https:\/\/bluelifedive.com\/tienda\/\"},{\"@type\":\"ListItem\",\"position\":3,\"name\":\"PADI Master Scuba Diver Trainer Plus\"}]},{\"@type\":\"WebSite\",\"@id\":\"https:\/\/bluelifedive.com\/#website\",\"url\":\"https:\/\/bluelifedive.com\/\",\"name\":\"Blue Life Dive\",\"description\":\"BLUE LIFE CENTRO DE BUCEO\",\"publisher\":{\"@id\":\"https:\/\/bluelifedive.com\/#organization\"},\"potentialAction\":[{\"@type\":\"SearchAction\",\"target\":{\"@type\":\"EntryPoint\",\"urlTemplate\":\"https:\/\/bluelifedive.com\/?s={search_term_string}\"},\"query-input\":{\"@type\":\"PropertyValueSpecification\",\"valueRequired\":true,\"valueName\":\"search_term_string\"}}],\"inLanguage\":\"en-US\"},{\"@type\":\"Organization\",\"@id\":\"https:\/\/bluelifedive.com\/#organization\",\"name\":\"Blue Life Dive\",\"url\":\"https:\/\/bluelifedive.com\/\",\"logo\":{\"@type\":\"ImageObject\",\"inLanguage\":\"en-US\",\"@id\":\"https:\/\/bluelifedive.com\/#\/schema\/logo\/image\/\",\"url\":\"https:\/\/bluelifedive.com\/wp-content\/uploads\/2023\/03\/logo-dos-sin-fondo-1.png\",\"contentUrl\":\"https:\/\/bluelifedive.com\/wp-content\/uploads\/2023\/03\/logo-dos-sin-fondo-1.png\",\"width\":792,\"height\":298,\"caption\":\"Blue Life Dive\"},\"image\":{\"@id\":\"https:\/\/bluelifedive.com\/#\/schema\/logo\/image\/\"},\"sameAs\":[\"https:\/\/www.facebook.com\/bluelifedive\/\",\"https:\/\/www.instagram.com\/bluelifesanandres\/\",\"https:\/\/www.tripadvisor.co\/Attraction_Review-g3493965-d2076515-Reviews-Blue_Life_Centro_de_Buceo-San_Andres_San_Andres_Island_San_Andres_and_Providenci.html\"]}]}<\/script>\n<!-- \/ Yoast SEO plugin. -->","yoast_head_json":{"title":"PADI Master Scuba Diver Trainer Plus - Blue Life","robots":{"index":"index","follow":"follow","max-snippet":"max-snippet:-1","max-image-preview":"max-image-preview:large","max-video-preview":"max-video-preview:-1"},"canonical":"https:\/\/bluelifedive.com\/en\/cursos\/cursos-profesionales\/msdt-plus\/","og_locale":"en_US","og_type":"article","og_title":"PADI Master Scuba Diver Trainer Plus - Blue Life","og_description":"Certificaci\u00f3n Dive Leader: PADI Divemaster o estar en posesi\u00f3n de una Certificaci\u00f3n de nivel de liderazgo de otra organizaci\u00f3n de formaci\u00f3n de buceadores recreativos.  Tener 100 inmersiones para asistir a un IE.  Tener constancia documentada de experiencia en buceo profundo, nocturno y navegaci\u00f3n submarina.  18 a\u00f1os de edad\u00a0\u00a0  Certificado m\u00e9dico que acredite la aptitud para bucear firmado por un Doctor en los \u00faltimos 12 meses.  Buceador certificado durante 6 meses.","og_url":"https:\/\/bluelifedive.com\/en\/cursos\/cursos-profesionales\/msdt-plus\/","og_site_name":"Blue Life","article_publisher":"https:\/\/www.facebook.com\/bluelifedive\/","article_modified_time":"2024-07-11T16:44:47+00:00","og_image":[{"width":960,"height":720,"url":"https:\/\/bluelifedive.com\/wp-content\/uploads\/2023\/04\/3078014449158295327__-e1682305721216.jpeg","type":"image\/jpeg"}],"twitter_card":"summary_large_image","twitter_misc":{"Est. reading time":"3 minutes"},"schema":{"@context":"https:\/\/schema.org","@graph":[{"@type":"WebPage","@id":"https:\/\/bluelifedive.com\/cursos\/cursos-profesionales\/msdt-plus\/","url":"https:\/\/bluelifedive.com\/cursos\/cursos-profesionales\/msdt-plus\/","name":"PADI Master Scuba Diver Trainer Plus - Blue Life","isPartOf":{"@id":"https:\/\/bluelifedive.com\/#website"},"primaryImageOfPage":{"@id":"https:\/\/bluelifedive.com\/cursos\/cursos-profesionales\/msdt-plus\/#primaryimage"},"image":{"@id":"https:\/\/bluelifedive.com\/cursos\/cursos-profesionales\/msdt-plus\/#primaryimage"},"thumbnailUrl":"https:\/\/bluelifedive.com\/wp-content\/uploads\/2023\/04\/3078014449158295327__-e1682305721216.jpeg","datePublished":"2024-05-22T02:10:08+00:00","dateModified":"2024-07-11T16:44:47+00:00","breadcrumb":{"@id":"https:\/\/bluelifedive.com\/cursos\/cursos-profesionales\/msdt-plus\/#breadcrumb"},"inLanguage":"en-US","potentialAction":[{"@type":"ReadAction","target":["https:\/\/bluelifedive.com\/cursos\/cursos-profesionales\/msdt-plus\/"]}]},{"@type":"ImageObject","inLanguage":"en-US","@id":"https:\/\/bluelifedive.com\/cursos\/cursos-profesionales\/msdt-plus\/#primaryimage","url":"https:\/\/bluelifedive.com\/wp-content\/uploads\/2023\/04\/3078014449158295327__-e1682305721216.jpeg","contentUrl":"https:\/\/bluelifedive.com\/wp-content\/uploads\/2023\/04\/3078014449158295327__-e1682305721216.jpeg","width":960,"height":720},{"@type":"BreadcrumbList","@id":"https:\/\/bluelifedive.com\/cursos\/cursos-profesionales\/msdt-plus\/#breadcrumb","itemListElement":[{"@type":"ListItem","position":1,"name":"Portada","item":"https:\/\/bluelifedive.com\/"},{"@type":"ListItem","position":2,"name":"Tienda","item":"https:\/\/bluelifedive.com\/tienda\/"},{"@type":"ListItem","position":3,"name":"PADI Master Scuba Diver Trainer Plus"}]},{"@type":"WebSite","@id":"https:\/\/bluelifedive.com\/#website","url":"https:\/\/bluelifedive.com\/","name":"Blue Life Dive","description":"BLUE LIFE CENTRO DE BUCEO","publisher":{"@id":"https:\/\/bluelifedive.com\/#organization"},"potentialAction":[{"@type":"SearchAction","target":{"@type":"EntryPoint","urlTemplate":"https:\/\/bluelifedive.com\/?s={search_term_string}"},"query-input":{"@type":"PropertyValueSpecification","valueRequired":true,"valueName":"search_term_string"}}],"inLanguage":"en-US"},{"@type":"Organization","@id":"https:\/\/bluelifedive.com\/#organization","name":"Blue Life Dive","url":"https:\/\/bluelifedive.com\/","logo":{"@type":"ImageObject","inLanguage":"en-US","@id":"https:\/\/bluelifedive.com\/#\/schema\/logo\/image\/","url":"https:\/\/bluelifedive.com\/wp-content\/uploads\/2023\/03\/logo-dos-sin-fondo-1.png","contentUrl":"https:\/\/bluelifedive.com\/wp-content\/uploads\/2023\/03\/logo-dos-sin-fondo-1.png","width":792,"height":298,"caption":"Blue Life Dive"},"image":{"@id":"https:\/\/bluelifedive.com\/#\/schema\/logo\/image\/"},"sameAs":["https:\/\/www.facebook.com\/bluelifedive\/","https:\/\/www.instagram.com\/bluelifesanandres\/","https:\/\/www.tripadvisor.co\/Attraction_Review-g3493965-d2076515-Reviews-Blue_Life_Centro_de_Buceo-San_Andres_San_Andres_Island_San_Andres_and_Providenci.html"]}]}},"_links":{"self":[{"href":"https:\/\/bluelifedive.com\/en\/wp-json\/wp\/v2\/product\/2135","targetHints":{"allow":["GET"]}}],"collection":[{"href":"https:\/\/bluelifedive.com\/en\/wp-json\/wp\/v2\/product"}],"about":[{"href":"https:\/\/bluelifedive.com\/en\/wp-json\/wp\/v2\/types\/product"}],"replies":[{"embeddable":true,"href":"https:\/\/bluelifedive.com\/en\/wp-json\/wp\/v2\/comments?post=2135"}],"wp:featuredmedia":[{"embeddable":true,"href":"https:\/\/bluelifedive.com\/en\/wp-json\/wp\/v2\/media\/781"}],"wp:attachment":[{"href":"https:\/\/bluelifedive.com\/en\/wp-json\/wp\/v2\/media?parent=2135"}],"wp:term":[{"taxonomy":"product_brand","embeddable":true,"href":"https:\/\/bluelifedive.com\/en\/wp-json\/wp\/v2\/product_brand?post=2135"},{"taxonomy":"product_cat","embeddable":true,"href":"https:\/\/bluelifedive.com\/en\/wp-json\/wp\/v2\/product_cat?post=2135"},{"taxonomy":"product_tag","embeddable":true,"href":"https:\/\/bluelifedive.com\/en\/wp-json\/wp\/v2\/product_tag?post=2135"}],"curies":[{"name":"wp","href":"https:\/\/api.w.org\/{rel}","templated":true}]}}