{"id":368,"date":"2023-04-04T10:33:47","date_gmt":"2023-04-04T15:33:47","guid":{"rendered":"https:\/\/bluelifedive.com\/?post_type=product&#038;p=368"},"modified":"2023-11-10T18:11:22","modified_gmt":"2023-11-10T23:11:22","slug":"divemaster-padi","status":"publish","type":"product","link":"https:\/\/bluelifedive.com\/en\/cursos\/cursos-profesionales\/divemaster-padi\/","title":{"rendered":"Divemaster PADI"},"content":{"rendered":"<h5>\u00bfPor qu\u00e9 PADI Open Water Diver?\u200b<\/h5>\n<p>&nbsp;<\/p>\n<p>As a PADI Divemaster, you\u2019ll lead others as you supervise scuba diving activities and assist with diver training. Whether you want to work at a faraway dive destination or close to home at a local dive shop, the adventure of a lifetime awaits you. PADI Divemasters are respected dive professionals who are aligned with the largest and most respected dive organization in the world \u2013 PADI.<\/p>\n<p>&nbsp;<\/p>\n<h5>What do I need to start?<\/h5>\n<p>&nbsp;<\/p>\n<p>It all starts with the PADI Rescue Diver course, you have to be at least 15 years old to enroll in the PADI Divemaster course. You also need to have:<\/p>\n<ul>\n<li>Emergency First Response Primary and Secondary Care (CPR and First Aid) training within the past 24 months.<\/li>\n<li>A medical statement signed by a physician within the last 12 months.<\/li>\n<li>At least 40 logged dives to begin the course and 60 dives to earn certification.<\/li>\n<li>Note that qualifying certifications from other diver training organizations may apply \u2013 ask your PADI Instructor.<\/li>\n<\/ul>\n<p>&nbsp;<\/p>\n<h5>What will I do?<\/h5>\n<p>&nbsp;<\/p>\n<ul>\n<li>The PADI Divemaster course teaches you to be a leader and take charge of dive activities. Through knowledge development sessions, water skills exercises and workshops, and hands-on practical assessment, you develop the skills to organize and direct a variety of scuba diving activities. Topics and practical workshops include:<\/li>\n<li>The role and characteristics of the PADI Divemaster<\/li>\n<li>Supervising dive activities and assisting with student divers<\/li>\n<li>Diver safety and risk management<\/li>\n<li>Divemaster conducted programs and specialized skills<\/li>\n<li>Business of diving and your career<\/li>\n<li>Awareness of the dive environment<\/li>\n<li>Dive setup and management<\/li>\n<li>Mapping an open water site<\/li>\n<li>Conducting dive briefings<\/li>\n<li>Organizing a search and recovery project and a deep dive<\/li>\n<li>Conducting a scuba review and skin diver course<\/li>\n<li>Assisting with Discover Scuba Diving and leading Discover Local Diving programs<\/li>\n<\/ul>\n<p>&nbsp;<\/p>\n<h5><strong>How long will it take?<\/strong><\/h5>\n<p>&nbsp;<\/p>\n<p>Generally 15 to 24 days, weather and performance permitting.  PADI programs are performance based. You proceed as you demonstrate mastery of the course skills, which allows you to work at a pace that is comfortable for you. As the Dive Master is a Professional level you may want to stay a little longer and get as much experience as you can get.<\/p>","protected":false},"excerpt":{"rendered":"<ul>\n<li>PADI Rescue Divers who are at least 18 years old may enroll in the PADI Divemaster course. You also need to have:<\/li>\n<li>Emergency First Response Primary and Secondary Care (CPR and First Aid) training within the past 24 months.<\/li>\n<li>A medical statement signed by a physician within the last 12 months.<\/li>\n<li>At least 40 logged dives to begin the course and 60 dives to earn certification.<\/li>\n<li>Note that qualifying certifications from other diver training organizations may apply \u2013 ask your PADI Instructor.<\/li>\n<\/ul>","protected":false},"featured_media":0,"comment_status":"open","ping_status":"closed","template":"","meta":{"site-sidebar-layout":"default","site-content-layout":"default","ast-site-content-layout":"default","site-content-style":"default","site-sidebar-style":"default","ast-global-header-display":"","ast-banner-title-visibility":"","ast-main-header-display":"","ast-hfb-above-header-display":"","ast-hfb-below-header-display":"","ast-hfb-mobile-header-display":"","site-post-title":"","ast-breadcrumbs-content":"","ast-featured-img":"","footer-sml-layout":"","theme-transparent-header-meta":"default","adv-header-id-meta":"","stick-header-meta":"","header-above-stick-meta":"","header-main-stick-meta":"","header-below-stick-meta":"","astra-migrate-meta-layouts":"set","ast-page-background-enabled":"default","ast-page-background-meta":{"desktop":{"background-color":"var(--ast-global-color-4)","background-image":"","background-repeat":"repeat","background-position":"center center","background-size":"auto","background-attachment":"scroll","background-type":"","background-media":"","overlay-type":"","overlay-color":"","overlay-opacity":"","overlay-gradient":""},"tablet":{"background-color":"","background-image":"","background-repeat":"repeat","background-position":"center center","background-size":"auto","background-attachment":"scroll","background-type":"","background-media":"","overlay-type":"","overlay-color":"","overlay-opacity":"","overlay-gradient":""},"mobile":{"background-color":"","background-image":"","background-repeat":"repeat","background-position":"center center","background-size":"auto","background-attachment":"scroll","background-type":"","background-media":"","overlay-type":"","overlay-color":"","overlay-opacity":"","overlay-gradient":""}},"ast-content-background-meta":{"desktop":{"background-color":"var(--ast-global-color-5)","background-image":"","background-repeat":"repeat","background-position":"center center","background-size":"auto","background-attachment":"scroll","background-type":"","background-media":"","overlay-type":"","overlay-color":"","overlay-opacity":"","overlay-gradient":""},"tablet":{"background-color":"var(--ast-global-color-5)","background-image":"","background-repeat":"repeat","background-position":"center center","background-size":"auto","background-attachment":"scroll","background-type":"","background-media":"","overlay-type":"","overlay-color":"","overlay-opacity":"","overlay-gradient":""},"mobile":{"background-color":"var(--ast-global-color-5)","background-image":"","background-repeat":"repeat","background-position":"center center","background-size":"auto","background-attachment":"scroll","background-type":"","background-media":"","overlay-type":"","overlay-color":"","overlay-opacity":"","overlay-gradient":""}}},"product_brand":[],"product_cat":[24],"product_tag":[],"class_list":{"0":"post-368","1":"product","2":"type-product","3":"status-publish","5":"product_cat-cursos-profesionales","6":"desktop-align-left","7":"tablet-align-left","8":"mobile-align-left","10":"first","11":"instock","12":"virtual","13":"sold-individually","14":"purchasable","15":"product-type-booking"},"yoast_head":"<!-- This site is optimized with the Yoast SEO plugin v25.5 - https:\/\/yoast.com\/wordpress\/plugins\/seo\/ -->\n<title>Divemaster PADI - Blue Life<\/title>\n<meta name=\"robots\" content=\"index, follow, max-snippet:-1, max-image-preview:large, max-video-preview:-1\" \/>\n<link rel=\"canonical\" href=\"https:\/\/bluelifedive.com\/en\/cursos\/cursos-profesionales\/divemaster-padi\/\" \/>\n<meta property=\"og:locale\" content=\"en_US\" \/>\n<meta property=\"og:type\" content=\"article\" \/>\n<meta property=\"og:title\" content=\"Divemaster PADI - Blue Life\" \/>\n<meta property=\"og:description\" content=\"Los PADI Rescue Divers que tengan al menos 18 a\u00f1os pueden inscribirse en el curso PADI Divemaster. Tambi\u00e9n necesitas tener:  Capacitaci\u00f3n en atenci\u00f3n primaria y secundaria de Emergency First Response (RCP y primeros auxilios) en los \u00faltimos 24 meses.  Una declaraci\u00f3n m\u00e9dica firmada por un m\u00e9dico dentro de los \u00faltimos 12 meses.  Al menos 40 inmersiones registradas para comenzar el curso y 60 inmersiones para obtener la certificaci\u00f3n.  Ten en cuenta que pueden aplicarse certificaciones de calificaci\u00f3n de otras organizaciones de formaci\u00f3n de buzos; pregunta a tu PADI Instructor\" \/>\n<meta property=\"og:url\" content=\"https:\/\/bluelifedive.com\/en\/cursos\/cursos-profesionales\/divemaster-padi\/\" \/>\n<meta property=\"og:site_name\" content=\"Blue Life\" \/>\n<meta property=\"article:publisher\" content=\"https:\/\/www.facebook.com\/bluelifedive\/\" \/>\n<meta property=\"article:modified_time\" content=\"2023-11-10T23:11:22+00:00\" \/>\n<meta name=\"twitter:card\" content=\"summary_large_image\" \/>\n<meta name=\"twitter:label1\" content=\"Est. reading time\" \/>\n\t<meta name=\"twitter:data1\" content=\"2 minutes\" \/>\n<script type=\"application\/ld+json\" class=\"yoast-schema-graph\">{\"@context\":\"https:\/\/schema.org\",\"@graph\":[{\"@type\":\"WebPage\",\"@id\":\"https:\/\/bluelifedive.com\/cursos\/cursos-profesionales\/divemaster-padi\/\",\"url\":\"https:\/\/bluelifedive.com\/cursos\/cursos-profesionales\/divemaster-padi\/\",\"name\":\"Divemaster PADI - Blue Life\",\"isPartOf\":{\"@id\":\"https:\/\/bluelifedive.com\/#website\"},\"datePublished\":\"2023-04-04T15:33:47+00:00\",\"dateModified\":\"2023-11-10T23:11:22+00:00\",\"breadcrumb\":{\"@id\":\"https:\/\/bluelifedive.com\/cursos\/cursos-profesionales\/divemaster-padi\/#breadcrumb\"},\"inLanguage\":\"en-US\",\"potentialAction\":[{\"@type\":\"ReadAction\",\"target\":[\"https:\/\/bluelifedive.com\/cursos\/cursos-profesionales\/divemaster-padi\/\"]}]},{\"@type\":\"BreadcrumbList\",\"@id\":\"https:\/\/bluelifedive.com\/cursos\/cursos-profesionales\/divemaster-padi\/#breadcrumb\",\"itemListElement\":[{\"@type\":\"ListItem\",\"position\":1,\"name\":\"Portada\",\"item\":\"https:\/\/bluelifedive.com\/\"},{\"@type\":\"ListItem\",\"position\":2,\"name\":\"Tienda\",\"item\":\"https:\/\/bluelifedive.com\/tienda\/\"},{\"@type\":\"ListItem\",\"position\":3,\"name\":\"Divemaster PADI\"}]},{\"@type\":\"WebSite\",\"@id\":\"https:\/\/bluelifedive.com\/#website\",\"url\":\"https:\/\/bluelifedive.com\/\",\"name\":\"Blue Life Dive\",\"description\":\"BLUE LIFE CENTRO DE BUCEO\",\"publisher\":{\"@id\":\"https:\/\/bluelifedive.com\/#organization\"},\"potentialAction\":[{\"@type\":\"SearchAction\",\"target\":{\"@type\":\"EntryPoint\",\"urlTemplate\":\"https:\/\/bluelifedive.com\/?s={search_term_string}\"},\"query-input\":{\"@type\":\"PropertyValueSpecification\",\"valueRequired\":true,\"valueName\":\"search_term_string\"}}],\"inLanguage\":\"en-US\"},{\"@type\":\"Organization\",\"@id\":\"https:\/\/bluelifedive.com\/#organization\",\"name\":\"Blue Life Dive\",\"url\":\"https:\/\/bluelifedive.com\/\",\"logo\":{\"@type\":\"ImageObject\",\"inLanguage\":\"en-US\",\"@id\":\"https:\/\/bluelifedive.com\/#\/schema\/logo\/image\/\",\"url\":\"https:\/\/bluelifedive.com\/wp-content\/uploads\/2023\/03\/logo-dos-sin-fondo-1.png\",\"contentUrl\":\"https:\/\/bluelifedive.com\/wp-content\/uploads\/2023\/03\/logo-dos-sin-fondo-1.png\",\"width\":792,\"height\":298,\"caption\":\"Blue Life Dive\"},\"image\":{\"@id\":\"https:\/\/bluelifedive.com\/#\/schema\/logo\/image\/\"},\"sameAs\":[\"https:\/\/www.facebook.com\/bluelifedive\/\",\"https:\/\/www.instagram.com\/bluelifesanandres\/\",\"https:\/\/www.tripadvisor.co\/Attraction_Review-g3493965-d2076515-Reviews-Blue_Life_Centro_de_Buceo-San_Andres_San_Andres_Island_San_Andres_and_Providenci.html\"]}]}<\/script>\n<!-- \/ Yoast SEO plugin. -->","yoast_head_json":{"title":"Divemaster PADI - Blue Life","robots":{"index":"index","follow":"follow","max-snippet":"max-snippet:-1","max-image-preview":"max-image-preview:large","max-video-preview":"max-video-preview:-1"},"canonical":"https:\/\/bluelifedive.com\/en\/cursos\/cursos-profesionales\/divemaster-padi\/","og_locale":"en_US","og_type":"article","og_title":"Divemaster PADI - Blue Life","og_description":"Los PADI Rescue Divers que tengan al menos 18 a\u00f1os pueden inscribirse en el curso PADI Divemaster. Tambi\u00e9n necesitas tener:  Capacitaci\u00f3n en atenci\u00f3n primaria y secundaria de Emergency First Response (RCP y primeros auxilios) en los \u00faltimos 24 meses.  Una declaraci\u00f3n m\u00e9dica firmada por un m\u00e9dico dentro de los \u00faltimos 12 meses.  Al menos 40 inmersiones registradas para comenzar el curso y 60 inmersiones para obtener la certificaci\u00f3n.  Ten en cuenta que pueden aplicarse certificaciones de calificaci\u00f3n de otras organizaciones de formaci\u00f3n de buzos; pregunta a tu PADI Instructor","og_url":"https:\/\/bluelifedive.com\/en\/cursos\/cursos-profesionales\/divemaster-padi\/","og_site_name":"Blue Life","article_publisher":"https:\/\/www.facebook.com\/bluelifedive\/","article_modified_time":"2023-11-10T23:11:22+00:00","twitter_card":"summary_large_image","twitter_misc":{"Est. reading time":"2 minutes"},"schema":{"@context":"https:\/\/schema.org","@graph":[{"@type":"WebPage","@id":"https:\/\/bluelifedive.com\/cursos\/cursos-profesionales\/divemaster-padi\/","url":"https:\/\/bluelifedive.com\/cursos\/cursos-profesionales\/divemaster-padi\/","name":"Divemaster PADI - Blue Life","isPartOf":{"@id":"https:\/\/bluelifedive.com\/#website"},"datePublished":"2023-04-04T15:33:47+00:00","dateModified":"2023-11-10T23:11:22+00:00","breadcrumb":{"@id":"https:\/\/bluelifedive.com\/cursos\/cursos-profesionales\/divemaster-padi\/#breadcrumb"},"inLanguage":"en-US","potentialAction":[{"@type":"ReadAction","target":["https:\/\/bluelifedive.com\/cursos\/cursos-profesionales\/divemaster-padi\/"]}]},{"@type":"BreadcrumbList","@id":"https:\/\/bluelifedive.com\/cursos\/cursos-profesionales\/divemaster-padi\/#breadcrumb","itemListElement":[{"@type":"ListItem","position":1,"name":"Portada","item":"https:\/\/bluelifedive.com\/"},{"@type":"ListItem","position":2,"name":"Tienda","item":"https:\/\/bluelifedive.com\/tienda\/"},{"@type":"ListItem","position":3,"name":"Divemaster PADI"}]},{"@type":"WebSite","@id":"https:\/\/bluelifedive.com\/#website","url":"https:\/\/bluelifedive.com\/","name":"Blue Life Dive","description":"BLUE LIFE CENTRO DE BUCEO","publisher":{"@id":"https:\/\/bluelifedive.com\/#organization"},"potentialAction":[{"@type":"SearchAction","target":{"@type":"EntryPoint","urlTemplate":"https:\/\/bluelifedive.com\/?s={search_term_string}"},"query-input":{"@type":"PropertyValueSpecification","valueRequired":true,"valueName":"search_term_string"}}],"inLanguage":"en-US"},{"@type":"Organization","@id":"https:\/\/bluelifedive.com\/#organization","name":"Blue Life Dive","url":"https:\/\/bluelifedive.com\/","logo":{"@type":"ImageObject","inLanguage":"en-US","@id":"https:\/\/bluelifedive.com\/#\/schema\/logo\/image\/","url":"https:\/\/bluelifedive.com\/wp-content\/uploads\/2023\/03\/logo-dos-sin-fondo-1.png","contentUrl":"https:\/\/bluelifedive.com\/wp-content\/uploads\/2023\/03\/logo-dos-sin-fondo-1.png","width":792,"height":298,"caption":"Blue Life Dive"},"image":{"@id":"https:\/\/bluelifedive.com\/#\/schema\/logo\/image\/"},"sameAs":["https:\/\/www.facebook.com\/bluelifedive\/","https:\/\/www.instagram.com\/bluelifesanandres\/","https:\/\/www.tripadvisor.co\/Attraction_Review-g3493965-d2076515-Reviews-Blue_Life_Centro_de_Buceo-San_Andres_San_Andres_Island_San_Andres_and_Providenci.html"]}]}},"_links":{"self":[{"href":"https:\/\/bluelifedive.com\/en\/wp-json\/wp\/v2\/product\/368","targetHints":{"allow":["GET"]}}],"collection":[{"href":"https:\/\/bluelifedive.com\/en\/wp-json\/wp\/v2\/product"}],"about":[{"href":"https:\/\/bluelifedive.com\/en\/wp-json\/wp\/v2\/types\/product"}],"replies":[{"embeddable":true,"href":"https:\/\/bluelifedive.com\/en\/wp-json\/wp\/v2\/comments?post=368"}],"wp:attachment":[{"href":"https:\/\/bluelifedive.com\/en\/wp-json\/wp\/v2\/media?parent=368"}],"wp:term":[{"taxonomy":"product_brand","embeddable":true,"href":"https:\/\/bluelifedive.com\/en\/wp-json\/wp\/v2\/product_brand?post=368"},{"taxonomy":"product_cat","embeddable":true,"href":"https:\/\/bluelifedive.com\/en\/wp-json\/wp\/v2\/product_cat?post=368"},{"taxonomy":"product_tag","embeddable":true,"href":"https:\/\/bluelifedive.com\/en\/wp-json\/wp\/v2\/product_tag?post=368"}],"curies":[{"name":"wp","href":"https:\/\/api.w.org\/{rel}","templated":true}]}}