{"id":521,"date":"2023-04-05T15:25:33","date_gmt":"2023-04-05T20:25:33","guid":{"rendered":"https:\/\/bluelifedive.com\/?post_type=product&#038;p=521"},"modified":"2026-03-19T10:43:08","modified_gmt":"2026-03-19T15:43:08","slug":"buzo-padi-aguas-abiertas","status":"publish","type":"product","link":"https:\/\/bluelifedive.com\/en\/cursos\/cursos-recreativos\/buzo-padi-aguas-abiertas\/","title":{"rendered":"PADI Open Water Diver"},"content":{"rendered":"<h5>\u00bfPor qu\u00e9 hacerte instructor PADI?<\/h5>\n<p>&nbsp;<\/p>\n<p>As a certified PADI Open Water Diver, you have the freedom to dive with a certified buddy independent of a dive professional.<\/p>\n<p>&nbsp;<\/p>\n<h5>What do I need to start?<\/h5>\n<p>&nbsp;<\/p>\n<p>Almost anyone who is in good health, reasonably fit, and comfortable in the water can earn a PADI Open Water Diver certification. Children aged 10 and 11 can earn the PADI Jr Open Water Diver certification, diving to a maximum depth of 12 meters\/40 feet with a PADI professional or a certified parent\/guardian.  Children aged 12 to 14 can also be Jr Open Water Diver certified, to a maximum depth of 18 meters\/60 feet with any adult certified diver.<\/p>\n<p>&nbsp;<\/p>\n<h5>What will I do?<\/h5>\n<p>&nbsp;<\/p>\n<p>Throughout the course you will learn the fundamentals of scuba diving which include:<\/p>\n<ul>\n<li style=\"list-style-type: none;\">\n<ul>\n<li>o\tonline Knowledge development sessions<\/li>\n<li>Dive equipment<\/li>\n<li>Dive procedures and techniques<\/li>\n<li>Dive planning<\/li>\n<li>Confined water skills practice<\/li>\n<li>Inmersiones en aguas abiertas (4)El conocimiento adquirido en las aulas se pone en pr\u00e1ctica en las sesiones de entrenamiento en aguas confinadas, donde aprender\u00e1\u00a0 las habilidades necesarias para un buceo seguro en aguas poco profundas. A medida que adquiere confianza, iniciar\u00e1 la construcci\u00f3n de las habilidades b\u00e1sicas y aprender algunas t\u00e9cnicas m\u00e1s avanzadas. Usted participar\u00e1 en cuatro inmersiones en aguas abiertas, en las que se aplicar\u00e1n los conocimientos que han aprendido y las habilidades que han practicado explorando con seguridad lo que nuestro hermoso arrecife tiene para ofrecer hasta una profundidad m\u00e1xima de 18 metros\/60 pies.<\/li>\n<\/ul>\n<\/li>\n<\/ul>\n<p>&nbsp;<\/p>\n<h5><strong>How long will it take?<\/strong><\/h5>\n<p>Generally 3 to 4 days, weather and performance permitting.  PADI programs are performance based. You proceed as you demonstrate mastery of the course skills, which allows you to work at a pace that is comfortable for you.<\/p>\n<h5>Can I do part of my course online (PADI eLearning)?<\/h5>\n<p>&nbsp;<\/p>\n<p>Yes!  The PADI eLearning program allows you to complete the knowledge development sessions online at your leisure, leaving you free to concentrate exclusively on diving upon arrival at Blue Life Dive Center.  Plan on allowing about 2 days for the course, weather and performance permitting.  The course consists of a Quick Review of the eLearning portion, followed by confined water skills practice and open water dives, spread across 2-3 days.  For more information on the online portion see the PADI eLearning section.<\/p>","protected":false},"excerpt":{"rendered":"<ul>\n<li>Age 10 and good physical health<\/li>\n<li>Get started with the most popular entry-level dive certification in the world, PADI Open Water Diver!<\/li>\n<\/ul>","protected":false},"featured_media":781,"comment_status":"open","ping_status":"closed","template":"","meta":{"site-sidebar-layout":"default","site-content-layout":"default","ast-site-content-layout":"default","site-content-style":"default","site-sidebar-style":"default","ast-global-header-display":"","ast-banner-title-visibility":"","ast-main-header-display":"","ast-hfb-above-header-display":"","ast-hfb-below-header-display":"","ast-hfb-mobile-header-display":"","site-post-title":"","ast-breadcrumbs-content":"","ast-featured-img":"","footer-sml-layout":"","theme-transparent-header-meta":"default","adv-header-id-meta":"","stick-header-meta":"","header-above-stick-meta":"","header-main-stick-meta":"","header-below-stick-meta":"","astra-migrate-meta-layouts":"set","ast-page-background-enabled":"default","ast-page-background-meta":{"desktop":{"background-color":"var(--ast-global-color-4)","background-image":"","background-repeat":"repeat","background-position":"center center","background-size":"auto","background-attachment":"scroll","background-type":"","background-media":"","overlay-type":"","overlay-color":"","overlay-opacity":"","overlay-gradient":""},"tablet":{"background-color":"","background-image":"","background-repeat":"repeat","background-position":"center center","background-size":"auto","background-attachment":"scroll","background-type":"","background-media":"","overlay-type":"","overlay-color":"","overlay-opacity":"","overlay-gradient":""},"mobile":{"background-color":"","background-image":"","background-repeat":"repeat","background-position":"center center","background-size":"auto","background-attachment":"scroll","background-type":"","background-media":"","overlay-type":"","overlay-color":"","overlay-opacity":"","overlay-gradient":""}},"ast-content-background-meta":{"desktop":{"background-color":"var(--ast-global-color-5)","background-image":"","background-repeat":"repeat","background-position":"center center","background-size":"auto","background-attachment":"scroll","background-type":"","background-media":"","overlay-type":"","overlay-color":"","overlay-opacity":"","overlay-gradient":""},"tablet":{"background-color":"var(--ast-global-color-5)","background-image":"","background-repeat":"repeat","background-position":"center center","background-size":"auto","background-attachment":"scroll","background-type":"","background-media":"","overlay-type":"","overlay-color":"","overlay-opacity":"","overlay-gradient":""},"mobile":{"background-color":"var(--ast-global-color-5)","background-image":"","background-repeat":"repeat","background-position":"center center","background-size":"auto","background-attachment":"scroll","background-type":"","background-media":"","overlay-type":"","overlay-color":"","overlay-opacity":"","overlay-gradient":""}}},"product_brand":[],"product_cat":[38],"product_tag":[],"class_list":{"0":"post-521","1":"product","2":"type-product","3":"status-publish","4":"has-post-thumbnail","6":"product_cat-cursos-recreativos","7":"desktop-align-left","8":"tablet-align-left","9":"mobile-align-left","11":"first","12":"instock","13":"virtual","14":"sold-individually","15":"purchasable","16":"product-type-booking"},"yoast_head":"<!-- This site is optimized with the Yoast SEO plugin v25.5 - https:\/\/yoast.com\/wordpress\/plugins\/seo\/ -->\n<title>Buzo PADI aguas abiertas - Blue Life<\/title>\n<meta name=\"robots\" content=\"index, follow, max-snippet:-1, max-image-preview:large, max-video-preview:-1\" \/>\n<link rel=\"canonical\" href=\"https:\/\/bluelifedive.com\/en\/cursos\/cursos-recreativos\/buzo-padi-aguas-abiertas\/\" \/>\n<meta property=\"og:locale\" content=\"en_US\" \/>\n<meta property=\"og:type\" content=\"article\" \/>\n<meta property=\"og:title\" content=\"Buzo PADI aguas abiertas - Blue Life\" \/>\n<meta property=\"og:description\" content=\"Edad 10 a\u00f1os m\u00ednimo y buena salud f\u00edsica  Empezar a trabajar con la certificaci\u00f3n de buceo de nivel de entrada m\u00e1s popular en el mundo, \u00a1PADI Open Water Diver!\" \/>\n<meta property=\"og:url\" content=\"https:\/\/bluelifedive.com\/en\/cursos\/cursos-recreativos\/buzo-padi-aguas-abiertas\/\" \/>\n<meta property=\"og:site_name\" content=\"Blue Life\" \/>\n<meta property=\"article:publisher\" content=\"https:\/\/www.facebook.com\/bluelifedive\/\" \/>\n<meta property=\"article:modified_time\" content=\"2026-03-19T15:43:08+00:00\" \/>\n<meta property=\"og:image\" content=\"https:\/\/bluelifedive.com\/wp-content\/uploads\/2023\/04\/3078014449158295327__-e1682305721216.jpeg\" \/>\n\t<meta property=\"og:image:width\" content=\"960\" \/>\n\t<meta property=\"og:image:height\" content=\"720\" \/>\n\t<meta property=\"og:image:type\" content=\"image\/jpeg\" \/>\n<meta name=\"twitter:card\" content=\"summary_large_image\" \/>\n<meta name=\"twitter:label1\" content=\"Est. reading time\" \/>\n\t<meta name=\"twitter:data1\" content=\"3 minutes\" \/>\n<script type=\"application\/ld+json\" class=\"yoast-schema-graph\">{\"@context\":\"https:\/\/schema.org\",\"@graph\":[{\"@type\":\"WebPage\",\"@id\":\"https:\/\/bluelifedive.com\/cursos\/cursos-recreativos\/buzo-padi-aguas-abiertas\/\",\"url\":\"https:\/\/bluelifedive.com\/cursos\/cursos-recreativos\/buzo-padi-aguas-abiertas\/\",\"name\":\"Buzo PADI aguas abiertas - Blue Life\",\"isPartOf\":{\"@id\":\"https:\/\/bluelifedive.com\/#website\"},\"primaryImageOfPage\":{\"@id\":\"https:\/\/bluelifedive.com\/cursos\/cursos-recreativos\/buzo-padi-aguas-abiertas\/#primaryimage\"},\"image\":{\"@id\":\"https:\/\/bluelifedive.com\/cursos\/cursos-recreativos\/buzo-padi-aguas-abiertas\/#primaryimage\"},\"thumbnailUrl\":\"https:\/\/bluelifedive.com\/wp-content\/uploads\/2023\/04\/3078014449158295327__-e1682305721216.jpeg\",\"datePublished\":\"2023-04-05T20:25:33+00:00\",\"dateModified\":\"2026-03-19T15:43:08+00:00\",\"breadcrumb\":{\"@id\":\"https:\/\/bluelifedive.com\/cursos\/cursos-recreativos\/buzo-padi-aguas-abiertas\/#breadcrumb\"},\"inLanguage\":\"en-US\",\"potentialAction\":[{\"@type\":\"ReadAction\",\"target\":[\"https:\/\/bluelifedive.com\/cursos\/cursos-recreativos\/buzo-padi-aguas-abiertas\/\"]}]},{\"@type\":\"ImageObject\",\"inLanguage\":\"en-US\",\"@id\":\"https:\/\/bluelifedive.com\/cursos\/cursos-recreativos\/buzo-padi-aguas-abiertas\/#primaryimage\",\"url\":\"https:\/\/bluelifedive.com\/wp-content\/uploads\/2023\/04\/3078014449158295327__-e1682305721216.jpeg\",\"contentUrl\":\"https:\/\/bluelifedive.com\/wp-content\/uploads\/2023\/04\/3078014449158295327__-e1682305721216.jpeg\",\"width\":960,\"height\":720},{\"@type\":\"BreadcrumbList\",\"@id\":\"https:\/\/bluelifedive.com\/cursos\/cursos-recreativos\/buzo-padi-aguas-abiertas\/#breadcrumb\",\"itemListElement\":[{\"@type\":\"ListItem\",\"position\":1,\"name\":\"Portada\",\"item\":\"https:\/\/bluelifedive.com\/\"},{\"@type\":\"ListItem\",\"position\":2,\"name\":\"Tienda\",\"item\":\"https:\/\/bluelifedive.com\/tienda\/\"},{\"@type\":\"ListItem\",\"position\":3,\"name\":\"Buzo PADI aguas abiertas\"}]},{\"@type\":\"WebSite\",\"@id\":\"https:\/\/bluelifedive.com\/#website\",\"url\":\"https:\/\/bluelifedive.com\/\",\"name\":\"Blue Life Dive\",\"description\":\"BLUE LIFE CENTRO DE BUCEO\",\"publisher\":{\"@id\":\"https:\/\/bluelifedive.com\/#organization\"},\"potentialAction\":[{\"@type\":\"SearchAction\",\"target\":{\"@type\":\"EntryPoint\",\"urlTemplate\":\"https:\/\/bluelifedive.com\/?s={search_term_string}\"},\"query-input\":{\"@type\":\"PropertyValueSpecification\",\"valueRequired\":true,\"valueName\":\"search_term_string\"}}],\"inLanguage\":\"en-US\"},{\"@type\":\"Organization\",\"@id\":\"https:\/\/bluelifedive.com\/#organization\",\"name\":\"Blue Life Dive\",\"url\":\"https:\/\/bluelifedive.com\/\",\"logo\":{\"@type\":\"ImageObject\",\"inLanguage\":\"en-US\",\"@id\":\"https:\/\/bluelifedive.com\/#\/schema\/logo\/image\/\",\"url\":\"https:\/\/bluelifedive.com\/wp-content\/uploads\/2023\/03\/logo-dos-sin-fondo-1.png\",\"contentUrl\":\"https:\/\/bluelifedive.com\/wp-content\/uploads\/2023\/03\/logo-dos-sin-fondo-1.png\",\"width\":792,\"height\":298,\"caption\":\"Blue Life Dive\"},\"image\":{\"@id\":\"https:\/\/bluelifedive.com\/#\/schema\/logo\/image\/\"},\"sameAs\":[\"https:\/\/www.facebook.com\/bluelifedive\/\",\"https:\/\/www.instagram.com\/bluelifesanandres\/\",\"https:\/\/www.tripadvisor.co\/Attraction_Review-g3493965-d2076515-Reviews-Blue_Life_Centro_de_Buceo-San_Andres_San_Andres_Island_San_Andres_and_Providenci.html\"]}]}<\/script>\n<!-- \/ Yoast SEO plugin. -->","yoast_head_json":{"title":"Buzo PADI aguas abiertas - Blue Life","robots":{"index":"index","follow":"follow","max-snippet":"max-snippet:-1","max-image-preview":"max-image-preview:large","max-video-preview":"max-video-preview:-1"},"canonical":"https:\/\/bluelifedive.com\/en\/cursos\/cursos-recreativos\/buzo-padi-aguas-abiertas\/","og_locale":"en_US","og_type":"article","og_title":"Buzo PADI aguas abiertas - Blue Life","og_description":"Edad 10 a\u00f1os m\u00ednimo y buena salud f\u00edsica  Empezar a trabajar con la certificaci\u00f3n de buceo de nivel de entrada m\u00e1s popular en el mundo, \u00a1PADI Open Water Diver!","og_url":"https:\/\/bluelifedive.com\/en\/cursos\/cursos-recreativos\/buzo-padi-aguas-abiertas\/","og_site_name":"Blue Life","article_publisher":"https:\/\/www.facebook.com\/bluelifedive\/","article_modified_time":"2026-03-19T15:43:08+00:00","og_image":[{"width":960,"height":720,"url":"https:\/\/bluelifedive.com\/wp-content\/uploads\/2023\/04\/3078014449158295327__-e1682305721216.jpeg","type":"image\/jpeg"}],"twitter_card":"summary_large_image","twitter_misc":{"Est. reading time":"3 minutes"},"schema":{"@context":"https:\/\/schema.org","@graph":[{"@type":"WebPage","@id":"https:\/\/bluelifedive.com\/cursos\/cursos-recreativos\/buzo-padi-aguas-abiertas\/","url":"https:\/\/bluelifedive.com\/cursos\/cursos-recreativos\/buzo-padi-aguas-abiertas\/","name":"Buzo PADI aguas abiertas - Blue Life","isPartOf":{"@id":"https:\/\/bluelifedive.com\/#website"},"primaryImageOfPage":{"@id":"https:\/\/bluelifedive.com\/cursos\/cursos-recreativos\/buzo-padi-aguas-abiertas\/#primaryimage"},"image":{"@id":"https:\/\/bluelifedive.com\/cursos\/cursos-recreativos\/buzo-padi-aguas-abiertas\/#primaryimage"},"thumbnailUrl":"https:\/\/bluelifedive.com\/wp-content\/uploads\/2023\/04\/3078014449158295327__-e1682305721216.jpeg","datePublished":"2023-04-05T20:25:33+00:00","dateModified":"2026-03-19T15:43:08+00:00","breadcrumb":{"@id":"https:\/\/bluelifedive.com\/cursos\/cursos-recreativos\/buzo-padi-aguas-abiertas\/#breadcrumb"},"inLanguage":"en-US","potentialAction":[{"@type":"ReadAction","target":["https:\/\/bluelifedive.com\/cursos\/cursos-recreativos\/buzo-padi-aguas-abiertas\/"]}]},{"@type":"ImageObject","inLanguage":"en-US","@id":"https:\/\/bluelifedive.com\/cursos\/cursos-recreativos\/buzo-padi-aguas-abiertas\/#primaryimage","url":"https:\/\/bluelifedive.com\/wp-content\/uploads\/2023\/04\/3078014449158295327__-e1682305721216.jpeg","contentUrl":"https:\/\/bluelifedive.com\/wp-content\/uploads\/2023\/04\/3078014449158295327__-e1682305721216.jpeg","width":960,"height":720},{"@type":"BreadcrumbList","@id":"https:\/\/bluelifedive.com\/cursos\/cursos-recreativos\/buzo-padi-aguas-abiertas\/#breadcrumb","itemListElement":[{"@type":"ListItem","position":1,"name":"Portada","item":"https:\/\/bluelifedive.com\/"},{"@type":"ListItem","position":2,"name":"Tienda","item":"https:\/\/bluelifedive.com\/tienda\/"},{"@type":"ListItem","position":3,"name":"Buzo PADI aguas abiertas"}]},{"@type":"WebSite","@id":"https:\/\/bluelifedive.com\/#website","url":"https:\/\/bluelifedive.com\/","name":"Blue Life Dive","description":"BLUE LIFE CENTRO DE BUCEO","publisher":{"@id":"https:\/\/bluelifedive.com\/#organization"},"potentialAction":[{"@type":"SearchAction","target":{"@type":"EntryPoint","urlTemplate":"https:\/\/bluelifedive.com\/?s={search_term_string}"},"query-input":{"@type":"PropertyValueSpecification","valueRequired":true,"valueName":"search_term_string"}}],"inLanguage":"en-US"},{"@type":"Organization","@id":"https:\/\/bluelifedive.com\/#organization","name":"Blue Life Dive","url":"https:\/\/bluelifedive.com\/","logo":{"@type":"ImageObject","inLanguage":"en-US","@id":"https:\/\/bluelifedive.com\/#\/schema\/logo\/image\/","url":"https:\/\/bluelifedive.com\/wp-content\/uploads\/2023\/03\/logo-dos-sin-fondo-1.png","contentUrl":"https:\/\/bluelifedive.com\/wp-content\/uploads\/2023\/03\/logo-dos-sin-fondo-1.png","width":792,"height":298,"caption":"Blue Life Dive"},"image":{"@id":"https:\/\/bluelifedive.com\/#\/schema\/logo\/image\/"},"sameAs":["https:\/\/www.facebook.com\/bluelifedive\/","https:\/\/www.instagram.com\/bluelifesanandres\/","https:\/\/www.tripadvisor.co\/Attraction_Review-g3493965-d2076515-Reviews-Blue_Life_Centro_de_Buceo-San_Andres_San_Andres_Island_San_Andres_and_Providenci.html"]}]}},"_links":{"self":[{"href":"https:\/\/bluelifedive.com\/en\/wp-json\/wp\/v2\/product\/521","targetHints":{"allow":["GET"]}}],"collection":[{"href":"https:\/\/bluelifedive.com\/en\/wp-json\/wp\/v2\/product"}],"about":[{"href":"https:\/\/bluelifedive.com\/en\/wp-json\/wp\/v2\/types\/product"}],"replies":[{"embeddable":true,"href":"https:\/\/bluelifedive.com\/en\/wp-json\/wp\/v2\/comments?post=521"}],"wp:featuredmedia":[{"embeddable":true,"href":"https:\/\/bluelifedive.com\/en\/wp-json\/wp\/v2\/media\/781"}],"wp:attachment":[{"href":"https:\/\/bluelifedive.com\/en\/wp-json\/wp\/v2\/media?parent=521"}],"wp:term":[{"taxonomy":"product_brand","embeddable":true,"href":"https:\/\/bluelifedive.com\/en\/wp-json\/wp\/v2\/product_brand?post=521"},{"taxonomy":"product_cat","embeddable":true,"href":"https:\/\/bluelifedive.com\/en\/wp-json\/wp\/v2\/product_cat?post=521"},{"taxonomy":"product_tag","embeddable":true,"href":"https:\/\/bluelifedive.com\/en\/wp-json\/wp\/v2\/product_tag?post=521"}],"curies":[{"name":"wp","href":"https:\/\/api.w.org\/{rel}","templated":true}]}}