{"id":623,"date":"2023-04-07T15:55:45","date_gmt":"2023-04-07T20:55:45","guid":{"rendered":"https:\/\/bluelifedive.com\/?post_type=product&#038;p=623"},"modified":"2023-11-10T18:09:23","modified_gmt":"2023-11-10T23:09:23","slug":"mini-curso-de-buceo","status":"publish","type":"product","link":"https:\/\/bluelifedive.com\/en\/cursos\/cursos-recreativos\/mini-curso-de-buceo\/","title":{"rendered":"Mini Diving Course"},"content":{"rendered":"<h5>Why PADI Discover Scuba Diving?<\/h5>\n<p>&nbsp;<\/p>\n<p>If you've never considered taking a peek into the exciting world beneath the waves, think again.  The PADI Discover Scuba Diving program offers you the chance of a lifetime: a safe, fun, and easy way to try out scuba diving for the first time.  All that is required is a day of your time and an eagerness to explore!<\/p>\n<p>&nbsp;<\/p>\n<h5>What do I need to start?<\/h5>\n<p>&nbsp;<\/p>\n<p>Almost anyone age 12 or older, in good health, with reasonable fitness and comfort in the water can try out PADI Discover Scuba Diving.  Just bring a smile on your face and we'll show you the rest.<\/p>\n<p>&nbsp;<\/p>\n<h5>What will I do?<\/h5>\n<p>&nbsp;<\/p>\n<p>You will start with a short orientation to the basics of scuba diving in our classroom.  We then take you for your first bubble in a shallow pool, where we practice some of the necessary skills you need for safety and comfort on your first ever open water dive.  Saving the best for last, you will scuba dive on the reef with your PADI instructor to a maximum depth of 12 meters\/40 feet.<\/p>\n<p>&nbsp;<\/p>\n<h5><strong>How long will it take?<\/strong><\/h5>\n<p>&nbsp;<\/p>\n<p>As an introductory experience, the PADI Discover Scuba Diving program can be completed in less than a day, and we can start you on almost any morning.  Walk in, sign up, and get started today!<\/p>\n<p>&nbsp;<\/p>\n<h5>Where can I go from here?<\/h5>\n<p>&nbsp;<\/p>\n<p>Get certified!  You can get credit towards the PADI Open Water Diver course to continue at a later date or just keep going straight into it with only 2 to 2.5 more days to complete the certification.  Not enough time to finish the PADI Open Water Diver course?  Take only one more day, and get to the PADI Scuba Diver certification, at a total cost of  $ 450.000 COP Additional uncertified directly supervised dives following the experience are also available at a cost of $ 110.0000 COP<\/p>","protected":false},"excerpt":{"rendered":"<ul>\n<li>Prerequisites:  Age 12<\/li>\n<li>Good physical health\nExperience the fun of scuba diving without taking the full certification course!<\/li>\n<li>The PADI Discover Scuba Diving program gives you a safe and exciting introduction to the underwater world of scuba diving.<\/li>\n<\/ul>","protected":false},"featured_media":785,"comment_status":"open","ping_status":"closed","template":"","meta":{"site-sidebar-layout":"default","site-content-layout":"default","ast-site-content-layout":"default","site-content-style":"default","site-sidebar-style":"default","ast-global-header-display":"","ast-banner-title-visibility":"","ast-main-header-display":"","ast-hfb-above-header-display":"","ast-hfb-below-header-display":"","ast-hfb-mobile-header-display":"","site-post-title":"","ast-breadcrumbs-content":"","ast-featured-img":"","footer-sml-layout":"","theme-transparent-header-meta":"default","adv-header-id-meta":"","stick-header-meta":"","header-above-stick-meta":"","header-main-stick-meta":"","header-below-stick-meta":"","astra-migrate-meta-layouts":"set","ast-page-background-enabled":"default","ast-page-background-meta":{"desktop":{"background-color":"var(--ast-global-color-4)","background-image":"","background-repeat":"repeat","background-position":"center center","background-size":"auto","background-attachment":"scroll","background-type":"","background-media":"","overlay-type":"","overlay-color":"","overlay-opacity":"","overlay-gradient":""},"tablet":{"background-color":"","background-image":"","background-repeat":"repeat","background-position":"center center","background-size":"auto","background-attachment":"scroll","background-type":"","background-media":"","overlay-type":"","overlay-color":"","overlay-opacity":"","overlay-gradient":""},"mobile":{"background-color":"","background-image":"","background-repeat":"repeat","background-position":"center center","background-size":"auto","background-attachment":"scroll","background-type":"","background-media":"","overlay-type":"","overlay-color":"","overlay-opacity":"","overlay-gradient":""}},"ast-content-background-meta":{"desktop":{"background-color":"var(--ast-global-color-5)","background-image":"","background-repeat":"repeat","background-position":"center center","background-size":"auto","background-attachment":"scroll","background-type":"","background-media":"","overlay-type":"","overlay-color":"","overlay-opacity":"","overlay-gradient":""},"tablet":{"background-color":"var(--ast-global-color-5)","background-image":"","background-repeat":"repeat","background-position":"center center","background-size":"auto","background-attachment":"scroll","background-type":"","background-media":"","overlay-type":"","overlay-color":"","overlay-opacity":"","overlay-gradient":""},"mobile":{"background-color":"var(--ast-global-color-5)","background-image":"","background-repeat":"repeat","background-position":"center center","background-size":"auto","background-attachment":"scroll","background-type":"","background-media":"","overlay-type":"","overlay-color":"","overlay-opacity":"","overlay-gradient":""}}},"product_brand":[],"product_cat":[38],"product_tag":[],"class_list":{"0":"post-623","1":"product","2":"type-product","3":"status-publish","4":"has-post-thumbnail","6":"product_cat-cursos-recreativos","7":"desktop-align-left","8":"tablet-align-left","9":"mobile-align-left","11":"first","12":"instock","13":"virtual","14":"sold-individually","15":"purchasable","16":"product-type-booking"},"yoast_head":"<!-- This site is optimized with the Yoast SEO plugin v25.5 - https:\/\/yoast.com\/wordpress\/plugins\/seo\/ -->\n<title>Mini curso de Buceo - Blue Life<\/title>\n<meta name=\"robots\" content=\"index, follow, max-snippet:-1, max-image-preview:large, max-video-preview:-1\" \/>\n<link rel=\"canonical\" href=\"https:\/\/bluelifedive.com\/en\/cursos\/cursos-recreativos\/mini-curso-de-buceo\/\" \/>\n<meta property=\"og:locale\" content=\"en_US\" \/>\n<meta property=\"og:type\" content=\"article\" \/>\n<meta property=\"og:title\" content=\"Mini curso de Buceo - Blue Life\" \/>\n<meta property=\"og:description\" content=\"M\u00ednimo 12 a\u00f1os de Edad  Buena salud f\u00edsica experimente la diversi\u00f3n de buceo sin tomar el curso de certificaci\u00f3n completo!  El programa PADI Discover Scuba Diving te da una introducci\u00f3n segura y emocionante para el mundo submarino de buceo.\" \/>\n<meta property=\"og:url\" content=\"https:\/\/bluelifedive.com\/en\/cursos\/cursos-recreativos\/mini-curso-de-buceo\/\" \/>\n<meta property=\"og:site_name\" content=\"Blue Life\" \/>\n<meta property=\"article:publisher\" content=\"https:\/\/www.facebook.com\/bluelifedive\/\" \/>\n<meta property=\"article:modified_time\" content=\"2023-11-10T23:09:23+00:00\" \/>\n<meta property=\"og:image\" content=\"https:\/\/bluelifedive.com\/wp-content\/uploads\/2023\/04\/95d32349-811b-46c2-9bd7-0a5148d5c9ca-e1682313879472.jpg\" \/>\n\t<meta property=\"og:image:width\" content=\"980\" \/>\n\t<meta property=\"og:image:height\" content=\"653\" \/>\n\t<meta property=\"og:image:type\" content=\"image\/jpeg\" \/>\n<meta name=\"twitter:card\" content=\"summary_large_image\" \/>\n<meta name=\"twitter:label1\" content=\"Est. reading time\" \/>\n\t<meta name=\"twitter:data1\" content=\"2 minutes\" \/>\n<script type=\"application\/ld+json\" class=\"yoast-schema-graph\">{\"@context\":\"https:\/\/schema.org\",\"@graph\":[{\"@type\":\"WebPage\",\"@id\":\"https:\/\/bluelifedive.com\/cursos\/cursos-recreativos\/mini-curso-de-buceo\/\",\"url\":\"https:\/\/bluelifedive.com\/cursos\/cursos-recreativos\/mini-curso-de-buceo\/\",\"name\":\"Mini curso de Buceo - Blue Life\",\"isPartOf\":{\"@id\":\"https:\/\/bluelifedive.com\/#website\"},\"primaryImageOfPage\":{\"@id\":\"https:\/\/bluelifedive.com\/cursos\/cursos-recreativos\/mini-curso-de-buceo\/#primaryimage\"},\"image\":{\"@id\":\"https:\/\/bluelifedive.com\/cursos\/cursos-recreativos\/mini-curso-de-buceo\/#primaryimage\"},\"thumbnailUrl\":\"https:\/\/bluelifedive.com\/wp-content\/uploads\/2023\/04\/95d32349-811b-46c2-9bd7-0a5148d5c9ca-e1682313879472.jpg\",\"datePublished\":\"2023-04-07T20:55:45+00:00\",\"dateModified\":\"2023-11-10T23:09:23+00:00\",\"breadcrumb\":{\"@id\":\"https:\/\/bluelifedive.com\/cursos\/cursos-recreativos\/mini-curso-de-buceo\/#breadcrumb\"},\"inLanguage\":\"en-US\",\"potentialAction\":[{\"@type\":\"ReadAction\",\"target\":[\"https:\/\/bluelifedive.com\/cursos\/cursos-recreativos\/mini-curso-de-buceo\/\"]}]},{\"@type\":\"ImageObject\",\"inLanguage\":\"en-US\",\"@id\":\"https:\/\/bluelifedive.com\/cursos\/cursos-recreativos\/mini-curso-de-buceo\/#primaryimage\",\"url\":\"https:\/\/bluelifedive.com\/wp-content\/uploads\/2023\/04\/95d32349-811b-46c2-9bd7-0a5148d5c9ca-e1682313879472.jpg\",\"contentUrl\":\"https:\/\/bluelifedive.com\/wp-content\/uploads\/2023\/04\/95d32349-811b-46c2-9bd7-0a5148d5c9ca-e1682313879472.jpg\",\"width\":980,\"height\":653},{\"@type\":\"BreadcrumbList\",\"@id\":\"https:\/\/bluelifedive.com\/cursos\/cursos-recreativos\/mini-curso-de-buceo\/#breadcrumb\",\"itemListElement\":[{\"@type\":\"ListItem\",\"position\":1,\"name\":\"Portada\",\"item\":\"https:\/\/bluelifedive.com\/\"},{\"@type\":\"ListItem\",\"position\":2,\"name\":\"Tienda\",\"item\":\"https:\/\/bluelifedive.com\/tienda\/\"},{\"@type\":\"ListItem\",\"position\":3,\"name\":\"Mini curso de Buceo\"}]},{\"@type\":\"WebSite\",\"@id\":\"https:\/\/bluelifedive.com\/#website\",\"url\":\"https:\/\/bluelifedive.com\/\",\"name\":\"Blue Life Dive\",\"description\":\"BLUE LIFE CENTRO DE BUCEO\",\"publisher\":{\"@id\":\"https:\/\/bluelifedive.com\/#organization\"},\"potentialAction\":[{\"@type\":\"SearchAction\",\"target\":{\"@type\":\"EntryPoint\",\"urlTemplate\":\"https:\/\/bluelifedive.com\/?s={search_term_string}\"},\"query-input\":{\"@type\":\"PropertyValueSpecification\",\"valueRequired\":true,\"valueName\":\"search_term_string\"}}],\"inLanguage\":\"en-US\"},{\"@type\":\"Organization\",\"@id\":\"https:\/\/bluelifedive.com\/#organization\",\"name\":\"Blue Life Dive\",\"url\":\"https:\/\/bluelifedive.com\/\",\"logo\":{\"@type\":\"ImageObject\",\"inLanguage\":\"en-US\",\"@id\":\"https:\/\/bluelifedive.com\/#\/schema\/logo\/image\/\",\"url\":\"https:\/\/bluelifedive.com\/wp-content\/uploads\/2023\/03\/logo-dos-sin-fondo-1.png\",\"contentUrl\":\"https:\/\/bluelifedive.com\/wp-content\/uploads\/2023\/03\/logo-dos-sin-fondo-1.png\",\"width\":792,\"height\":298,\"caption\":\"Blue Life Dive\"},\"image\":{\"@id\":\"https:\/\/bluelifedive.com\/#\/schema\/logo\/image\/\"},\"sameAs\":[\"https:\/\/www.facebook.com\/bluelifedive\/\",\"https:\/\/www.instagram.com\/bluelifesanandres\/\",\"https:\/\/www.tripadvisor.co\/Attraction_Review-g3493965-d2076515-Reviews-Blue_Life_Centro_de_Buceo-San_Andres_San_Andres_Island_San_Andres_and_Providenci.html\"]}]}<\/script>\n<!-- \/ Yoast SEO plugin. -->","yoast_head_json":{"title":"Mini curso de Buceo - Blue Life","robots":{"index":"index","follow":"follow","max-snippet":"max-snippet:-1","max-image-preview":"max-image-preview:large","max-video-preview":"max-video-preview:-1"},"canonical":"https:\/\/bluelifedive.com\/en\/cursos\/cursos-recreativos\/mini-curso-de-buceo\/","og_locale":"en_US","og_type":"article","og_title":"Mini curso de Buceo - Blue Life","og_description":"M\u00ednimo 12 a\u00f1os de Edad  Buena salud f\u00edsica experimente la diversi\u00f3n de buceo sin tomar el curso de certificaci\u00f3n completo!  El programa PADI Discover Scuba Diving te da una introducci\u00f3n segura y emocionante para el mundo submarino de buceo.","og_url":"https:\/\/bluelifedive.com\/en\/cursos\/cursos-recreativos\/mini-curso-de-buceo\/","og_site_name":"Blue Life","article_publisher":"https:\/\/www.facebook.com\/bluelifedive\/","article_modified_time":"2023-11-10T23:09:23+00:00","og_image":[{"width":980,"height":653,"url":"https:\/\/bluelifedive.com\/wp-content\/uploads\/2023\/04\/95d32349-811b-46c2-9bd7-0a5148d5c9ca-e1682313879472.jpg","type":"image\/jpeg"}],"twitter_card":"summary_large_image","twitter_misc":{"Est. reading time":"2 minutes"},"schema":{"@context":"https:\/\/schema.org","@graph":[{"@type":"WebPage","@id":"https:\/\/bluelifedive.com\/cursos\/cursos-recreativos\/mini-curso-de-buceo\/","url":"https:\/\/bluelifedive.com\/cursos\/cursos-recreativos\/mini-curso-de-buceo\/","name":"Mini curso de Buceo - Blue Life","isPartOf":{"@id":"https:\/\/bluelifedive.com\/#website"},"primaryImageOfPage":{"@id":"https:\/\/bluelifedive.com\/cursos\/cursos-recreativos\/mini-curso-de-buceo\/#primaryimage"},"image":{"@id":"https:\/\/bluelifedive.com\/cursos\/cursos-recreativos\/mini-curso-de-buceo\/#primaryimage"},"thumbnailUrl":"https:\/\/bluelifedive.com\/wp-content\/uploads\/2023\/04\/95d32349-811b-46c2-9bd7-0a5148d5c9ca-e1682313879472.jpg","datePublished":"2023-04-07T20:55:45+00:00","dateModified":"2023-11-10T23:09:23+00:00","breadcrumb":{"@id":"https:\/\/bluelifedive.com\/cursos\/cursos-recreativos\/mini-curso-de-buceo\/#breadcrumb"},"inLanguage":"en-US","potentialAction":[{"@type":"ReadAction","target":["https:\/\/bluelifedive.com\/cursos\/cursos-recreativos\/mini-curso-de-buceo\/"]}]},{"@type":"ImageObject","inLanguage":"en-US","@id":"https:\/\/bluelifedive.com\/cursos\/cursos-recreativos\/mini-curso-de-buceo\/#primaryimage","url":"https:\/\/bluelifedive.com\/wp-content\/uploads\/2023\/04\/95d32349-811b-46c2-9bd7-0a5148d5c9ca-e1682313879472.jpg","contentUrl":"https:\/\/bluelifedive.com\/wp-content\/uploads\/2023\/04\/95d32349-811b-46c2-9bd7-0a5148d5c9ca-e1682313879472.jpg","width":980,"height":653},{"@type":"BreadcrumbList","@id":"https:\/\/bluelifedive.com\/cursos\/cursos-recreativos\/mini-curso-de-buceo\/#breadcrumb","itemListElement":[{"@type":"ListItem","position":1,"name":"Portada","item":"https:\/\/bluelifedive.com\/"},{"@type":"ListItem","position":2,"name":"Tienda","item":"https:\/\/bluelifedive.com\/tienda\/"},{"@type":"ListItem","position":3,"name":"Mini curso de Buceo"}]},{"@type":"WebSite","@id":"https:\/\/bluelifedive.com\/#website","url":"https:\/\/bluelifedive.com\/","name":"Blue Life Dive","description":"BLUE LIFE CENTRO DE BUCEO","publisher":{"@id":"https:\/\/bluelifedive.com\/#organization"},"potentialAction":[{"@type":"SearchAction","target":{"@type":"EntryPoint","urlTemplate":"https:\/\/bluelifedive.com\/?s={search_term_string}"},"query-input":{"@type":"PropertyValueSpecification","valueRequired":true,"valueName":"search_term_string"}}],"inLanguage":"en-US"},{"@type":"Organization","@id":"https:\/\/bluelifedive.com\/#organization","name":"Blue Life Dive","url":"https:\/\/bluelifedive.com\/","logo":{"@type":"ImageObject","inLanguage":"en-US","@id":"https:\/\/bluelifedive.com\/#\/schema\/logo\/image\/","url":"https:\/\/bluelifedive.com\/wp-content\/uploads\/2023\/03\/logo-dos-sin-fondo-1.png","contentUrl":"https:\/\/bluelifedive.com\/wp-content\/uploads\/2023\/03\/logo-dos-sin-fondo-1.png","width":792,"height":298,"caption":"Blue Life Dive"},"image":{"@id":"https:\/\/bluelifedive.com\/#\/schema\/logo\/image\/"},"sameAs":["https:\/\/www.facebook.com\/bluelifedive\/","https:\/\/www.instagram.com\/bluelifesanandres\/","https:\/\/www.tripadvisor.co\/Attraction_Review-g3493965-d2076515-Reviews-Blue_Life_Centro_de_Buceo-San_Andres_San_Andres_Island_San_Andres_and_Providenci.html"]}]}},"_links":{"self":[{"href":"https:\/\/bluelifedive.com\/en\/wp-json\/wp\/v2\/product\/623","targetHints":{"allow":["GET"]}}],"collection":[{"href":"https:\/\/bluelifedive.com\/en\/wp-json\/wp\/v2\/product"}],"about":[{"href":"https:\/\/bluelifedive.com\/en\/wp-json\/wp\/v2\/types\/product"}],"replies":[{"embeddable":true,"href":"https:\/\/bluelifedive.com\/en\/wp-json\/wp\/v2\/comments?post=623"}],"wp:featuredmedia":[{"embeddable":true,"href":"https:\/\/bluelifedive.com\/en\/wp-json\/wp\/v2\/media\/785"}],"wp:attachment":[{"href":"https:\/\/bluelifedive.com\/en\/wp-json\/wp\/v2\/media?parent=623"}],"wp:term":[{"taxonomy":"product_brand","embeddable":true,"href":"https:\/\/bluelifedive.com\/en\/wp-json\/wp\/v2\/product_brand?post=623"},{"taxonomy":"product_cat","embeddable":true,"href":"https:\/\/bluelifedive.com\/en\/wp-json\/wp\/v2\/product_cat?post=623"},{"taxonomy":"product_tag","embeddable":true,"href":"https:\/\/bluelifedive.com\/en\/wp-json\/wp\/v2\/product_tag?post=623"}],"curies":[{"name":"wp","href":"https:\/\/api.w.org\/{rel}","templated":true}]}}