{"id":630,"date":"2023-04-07T22:41:47","date_gmt":"2023-04-08T03:41:47","guid":{"rendered":"https:\/\/bluelifedive.com\/?post_type=product&#038;p=630"},"modified":"2025-01-18T17:07:24","modified_gmt":"2025-01-18T22:07:24","slug":"dsat-tec-40","status":"publish","type":"product","link":"https:\/\/bluelifedive.com\/en\/cursos\/cursos-tecnicos\/dsat-tec-40\/","title":{"rendered":"DSAT Tec 40"},"content":{"rendered":"<h5>Why DSAT Tec 40?<\/h5>\n<p>&nbsp;<\/p>\n<p>For serious divers looking to explore San Andres`s reef to depths and times beyond the recreational limits, DSAT Tec40 is the place to start!  Be among the first to safely explore the secrets of San Andres's deep coral walls with up to 10 mins of deco to 40m\/130ft with a single decompression cylinder with up to 50% 02.<\/p>\n<h5>What do I need to start?<\/h5>\n<p>&nbsp;<\/p>\n<p>You need to be 18 years of age or older and PADI Advanced Open Water Diver certified (or an equivalent certification from another organization).  You also need to be PADI Enriched Air Nitrox certified (or qualifying certification from another organization) and have the PADI Deep Diver Specialty.  You will also need proof of 30 logged dives, with 10 dives to at least 30m\/100ft, and 10 dives on EANx to at least 18m\/60ft.<br \/>\nAny of these certifications can be completed at the dive shop.  Contact us about Nitrox\/Deep\/Tec packages available.<\/p>\n<p>&nbsp;<\/p>\n<h5>What will I do?<\/h5>\n<p>&nbsp;<\/p>\n<p>El curso Tec 40 es su introducci\u00f3n al mundo del Tec de buceo. En este curso usted aprender\u00e1 c\u00f3mo ajustar y configurar una plataforma t\u00e9cnica para el ajuste correcto. Si bien tenemos equipos de alquiler disponibles, te aconsejamos traer tu propio equipo o comprar un equipo de perforaci\u00f3n para su formaci\u00f3n. Esto asegura que se le entrena en el equipo que va a utilizar despu\u00e9s del curso; consiguiendo as\u00ed el m\u00e1ximo provecho de nuestra orientaci\u00f3n y experiencia en el ajuste para que se ajuste perfectamente (esto toma horas, no minutos!).<\/p>\n<p>Once you have been oriented to your equipment and it has been adjusted, we will spend time in the classroom discussing the new challenges and procedures you will be facing as a technical diver. Planning a technical dive involves using decompression software, paying attention to detail, preparation time, and patience.   A significant part of the classroom time is spent training you to use this software, and helping you get the most out of your computer. One of the biggest differences between recreational and technical diving is the need to plan your gas consumption during a dive since running out of gas on a decompression dive is not an option! You will also be learning new procedures and checklists which are used before and during the dive to ensure you remain safe when switching gasses and performing decompression stops.<br \/>\nThere are four dives in the Tec 40 course; each dive builds upon the skills learned previously in the course. Each dive will take you progressively deeper as you get more familiar with the new equipment and procedures.<\/p>\n<p><strong>Dive 1<\/strong> will be conducted in the confined water, or a nearby shallow dive site. With warm crystal clear water we will have all the time we need to introduce you to the equipment and practice the basic procedures you will use on every dive you do as a Tec Diver.  You will handle multiple tanks, start calculating your gas consumption rate, practice out-of-air emergencies, refine your weighting and buoyancy control and start learning how to deal with valve or regulator failures. You will also learn how to deploy a lift bag and perform a simulated decompression stop.<\/p>\n<p><strong>Dive 2<\/strong> will take place at a shallow open water dive site. On this dive you will continue practicing many of the skills from dive one, but with a greater focus on calculating your air consumption rate. We will also start testing your time, depth and gas awareness.  Technical diving involves constant alertness to potential problems by monitoring multiple gauges; it is this type of awareness that would stop a minor issue from becoming a major emergency.<\/p>\n<p><strong><br \/>\nDive 3<\/strong> takes you deeper still and continues building on the skills from Dives 1 and 2.  On this dive we are looking to see that you are mastering the skills that you have been learning previously. Exercises introduced in the previous dives should be performed quickly and efficiently.<\/p>\n<p><strong>Dive 4<\/strong> to a maximum of 40m\/130ft, will take you beyond no decompression limits. For the first time you will have a real decompression obligation, which means keeping a cool head and using the skills and awareness you have developed in the previous training dives.<\/p>\n<p>&nbsp;<\/p>\n<h5>\u00bfCu\u00e1nto tiempo se tarda?<\/h5>\n<p>&nbsp;<\/p>\n<p>The DSAT Tec40 course generally takes 4 days.<\/p>\n<p>&nbsp;<\/p>\n<h5>What do I earn?<\/h5>\n<p>&nbsp;<\/p>\n<p>You will be certified as a DSAT Tec40 Diver, which allows you to use decompression software and dive computers to plan and execute decompression dives with not more than 10 minutes of total decompression, to a maximum depth of 40 meters\/130 feet, and use a single cylinder of decompression gas up to 50% oxygen to add conservatism to the required decompression.<\/p>\n<p>&nbsp;<\/p>\n<h5>Where can I go from here?<\/h5>\n<p>&nbsp;<\/p>\n<p>Deeper!  DSAT Tec 45 expands your knowledge and your  tec diving range.  Take the next step!<\/p>","protected":false},"excerpt":{"rendered":"<ul>\n<li>Age 18<\/li>\n<li>PADI Advanced Open Water<\/li>\n<li>PADI Enriched Air Nitrox Diver<\/li>\n<li>PADI Deep Diver<\/li>\n<li>30 logged dives<\/li>\n<li>10 logged dives on EANx deeper than 18m\/60ft<\/li>\n<li>15 logged dives deeper than 30m\/100ft<\/li>\n<li>Physical fitness to support 50kg\/110lbs of equipment<\/li>\n<\/ul>","protected":false},"featured_media":1111,"comment_status":"open","ping_status":"closed","template":"","meta":{"site-sidebar-layout":"default","site-content-layout":"default","ast-site-content-layout":"default","site-content-style":"default","site-sidebar-style":"default","ast-global-header-display":"","ast-banner-title-visibility":"","ast-main-header-display":"","ast-hfb-above-header-display":"","ast-hfb-below-header-display":"","ast-hfb-mobile-header-display":"","site-post-title":"","ast-breadcrumbs-content":"","ast-featured-img":"","footer-sml-layout":"","theme-transparent-header-meta":"default","adv-header-id-meta":"","stick-header-meta":"","header-above-stick-meta":"","header-main-stick-meta":"","header-below-stick-meta":"","astra-migrate-meta-layouts":"set","ast-page-background-enabled":"default","ast-page-background-meta":{"desktop":{"background-color":"var(--ast-global-color-4)","background-image":"","background-repeat":"repeat","background-position":"center center","background-size":"auto","background-attachment":"scroll","background-type":"","background-media":"","overlay-type":"","overlay-color":"","overlay-opacity":"","overlay-gradient":""},"tablet":{"background-color":"","background-image":"","background-repeat":"repeat","background-position":"center center","background-size":"auto","background-attachment":"scroll","background-type":"","background-media":"","overlay-type":"","overlay-color":"","overlay-opacity":"","overlay-gradient":""},"mobile":{"background-color":"","background-image":"","background-repeat":"repeat","background-position":"center center","background-size":"auto","background-attachment":"scroll","background-type":"","background-media":"","overlay-type":"","overlay-color":"","overlay-opacity":"","overlay-gradient":""}},"ast-content-background-meta":{"desktop":{"background-color":"var(--ast-global-color-5)","background-image":"","background-repeat":"repeat","background-position":"center center","background-size":"auto","background-attachment":"scroll","background-type":"","background-media":"","overlay-type":"","overlay-color":"","overlay-opacity":"","overlay-gradient":""},"tablet":{"background-color":"var(--ast-global-color-5)","background-image":"","background-repeat":"repeat","background-position":"center center","background-size":"auto","background-attachment":"scroll","background-type":"","background-media":"","overlay-type":"","overlay-color":"","overlay-opacity":"","overlay-gradient":""},"mobile":{"background-color":"var(--ast-global-color-5)","background-image":"","background-repeat":"repeat","background-position":"center center","background-size":"auto","background-attachment":"scroll","background-type":"","background-media":"","overlay-type":"","overlay-color":"","overlay-opacity":"","overlay-gradient":""}}},"product_brand":[],"product_cat":[39],"product_tag":[],"class_list":{"0":"post-630","1":"product","2":"type-product","3":"status-publish","4":"has-post-thumbnail","6":"product_cat-cursos-tecnicos","7":"desktop-align-left","8":"tablet-align-left","9":"mobile-align-left","11":"first","12":"instock","13":"virtual","14":"sold-individually","15":"purchasable","16":"product-type-booking"},"yoast_head":"<!-- This site is optimized with the Yoast SEO plugin v25.5 - https:\/\/yoast.com\/wordpress\/plugins\/seo\/ -->\n<title>DSAT Tec 40 - Blue Life<\/title>\n<meta name=\"robots\" content=\"index, follow, max-snippet:-1, max-image-preview:large, max-video-preview:-1\" \/>\n<link rel=\"canonical\" href=\"https:\/\/bluelifedive.com\/en\/cursos\/cursos-tecnicos\/dsat-tec-40\/\" \/>\n<meta property=\"og:locale\" content=\"en_US\" \/>\n<meta property=\"og:type\" content=\"article\" \/>\n<meta property=\"og:title\" content=\"DSAT Tec 40 - Blue Life\" \/>\n<meta property=\"og:description\" content=\"Edad 18  PADI Advanced Open Water  PADI Nitrox Diver  PADI Deep Diver  30 inmersiones registradas  10 inmersiones registradas en EANx profundo que 18m\/60ft  15 inmersiones m\u00e1s profundas que 30m\/100ft  La aptitud f\u00edsica para soportar 50kg\/110lbs de equipo\" \/>\n<meta property=\"og:url\" content=\"https:\/\/bluelifedive.com\/en\/cursos\/cursos-tecnicos\/dsat-tec-40\/\" \/>\n<meta property=\"og:site_name\" content=\"Blue Life\" \/>\n<meta property=\"article:publisher\" content=\"https:\/\/www.facebook.com\/bluelifedive\/\" \/>\n<meta property=\"article:modified_time\" content=\"2025-01-18T22:07:24+00:00\" \/>\n<meta property=\"og:image\" content=\"https:\/\/bluelifedive.com\/wp-content\/uploads\/2023\/04\/18-padi-tec-40-diver.jpg\" \/>\n\t<meta property=\"og:image:width\" content=\"674\" \/>\n\t<meta property=\"og:image:height\" content=\"414\" \/>\n\t<meta property=\"og:image:type\" content=\"image\/jpeg\" \/>\n<meta name=\"twitter:card\" content=\"summary_large_image\" \/>\n<meta name=\"twitter:label1\" content=\"Est. reading time\" \/>\n\t<meta name=\"twitter:data1\" content=\"5 minutes\" \/>\n<script type=\"application\/ld+json\" class=\"yoast-schema-graph\">{\"@context\":\"https:\/\/schema.org\",\"@graph\":[{\"@type\":\"WebPage\",\"@id\":\"https:\/\/bluelifedive.com\/cursos\/cursos-tecnicos\/dsat-tec-40\/\",\"url\":\"https:\/\/bluelifedive.com\/cursos\/cursos-tecnicos\/dsat-tec-40\/\",\"name\":\"DSAT Tec 40 - Blue Life\",\"isPartOf\":{\"@id\":\"https:\/\/bluelifedive.com\/#website\"},\"primaryImageOfPage\":{\"@id\":\"https:\/\/bluelifedive.com\/cursos\/cursos-tecnicos\/dsat-tec-40\/#primaryimage\"},\"image\":{\"@id\":\"https:\/\/bluelifedive.com\/cursos\/cursos-tecnicos\/dsat-tec-40\/#primaryimage\"},\"thumbnailUrl\":\"https:\/\/bluelifedive.com\/wp-content\/uploads\/2023\/04\/18-padi-tec-40-diver.jpg\",\"datePublished\":\"2023-04-08T03:41:47+00:00\",\"dateModified\":\"2025-01-18T22:07:24+00:00\",\"breadcrumb\":{\"@id\":\"https:\/\/bluelifedive.com\/cursos\/cursos-tecnicos\/dsat-tec-40\/#breadcrumb\"},\"inLanguage\":\"en-US\",\"potentialAction\":[{\"@type\":\"ReadAction\",\"target\":[\"https:\/\/bluelifedive.com\/cursos\/cursos-tecnicos\/dsat-tec-40\/\"]}]},{\"@type\":\"ImageObject\",\"inLanguage\":\"en-US\",\"@id\":\"https:\/\/bluelifedive.com\/cursos\/cursos-tecnicos\/dsat-tec-40\/#primaryimage\",\"url\":\"https:\/\/bluelifedive.com\/wp-content\/uploads\/2023\/04\/18-padi-tec-40-diver.jpg\",\"contentUrl\":\"https:\/\/bluelifedive.com\/wp-content\/uploads\/2023\/04\/18-padi-tec-40-diver.jpg\",\"width\":674,\"height\":414},{\"@type\":\"BreadcrumbList\",\"@id\":\"https:\/\/bluelifedive.com\/cursos\/cursos-tecnicos\/dsat-tec-40\/#breadcrumb\",\"itemListElement\":[{\"@type\":\"ListItem\",\"position\":1,\"name\":\"Portada\",\"item\":\"https:\/\/bluelifedive.com\/\"},{\"@type\":\"ListItem\",\"position\":2,\"name\":\"Tienda\",\"item\":\"https:\/\/bluelifedive.com\/tienda\/\"},{\"@type\":\"ListItem\",\"position\":3,\"name\":\"DSAT Tec 40\"}]},{\"@type\":\"WebSite\",\"@id\":\"https:\/\/bluelifedive.com\/#website\",\"url\":\"https:\/\/bluelifedive.com\/\",\"name\":\"Blue Life Dive\",\"description\":\"BLUE LIFE CENTRO DE BUCEO\",\"publisher\":{\"@id\":\"https:\/\/bluelifedive.com\/#organization\"},\"potentialAction\":[{\"@type\":\"SearchAction\",\"target\":{\"@type\":\"EntryPoint\",\"urlTemplate\":\"https:\/\/bluelifedive.com\/?s={search_term_string}\"},\"query-input\":{\"@type\":\"PropertyValueSpecification\",\"valueRequired\":true,\"valueName\":\"search_term_string\"}}],\"inLanguage\":\"en-US\"},{\"@type\":\"Organization\",\"@id\":\"https:\/\/bluelifedive.com\/#organization\",\"name\":\"Blue Life Dive\",\"url\":\"https:\/\/bluelifedive.com\/\",\"logo\":{\"@type\":\"ImageObject\",\"inLanguage\":\"en-US\",\"@id\":\"https:\/\/bluelifedive.com\/#\/schema\/logo\/image\/\",\"url\":\"https:\/\/bluelifedive.com\/wp-content\/uploads\/2023\/03\/logo-dos-sin-fondo-1.png\",\"contentUrl\":\"https:\/\/bluelifedive.com\/wp-content\/uploads\/2023\/03\/logo-dos-sin-fondo-1.png\",\"width\":792,\"height\":298,\"caption\":\"Blue Life Dive\"},\"image\":{\"@id\":\"https:\/\/bluelifedive.com\/#\/schema\/logo\/image\/\"},\"sameAs\":[\"https:\/\/www.facebook.com\/bluelifedive\/\",\"https:\/\/www.instagram.com\/bluelifesanandres\/\",\"https:\/\/www.tripadvisor.co\/Attraction_Review-g3493965-d2076515-Reviews-Blue_Life_Centro_de_Buceo-San_Andres_San_Andres_Island_San_Andres_and_Providenci.html\"]}]}<\/script>\n<!-- \/ Yoast SEO plugin. -->","yoast_head_json":{"title":"DSAT Tec 40 - Blue Life","robots":{"index":"index","follow":"follow","max-snippet":"max-snippet:-1","max-image-preview":"max-image-preview:large","max-video-preview":"max-video-preview:-1"},"canonical":"https:\/\/bluelifedive.com\/en\/cursos\/cursos-tecnicos\/dsat-tec-40\/","og_locale":"en_US","og_type":"article","og_title":"DSAT Tec 40 - Blue Life","og_description":"Edad 18  PADI Advanced Open Water  PADI Nitrox Diver  PADI Deep Diver  30 inmersiones registradas  10 inmersiones registradas en EANx profundo que 18m\/60ft  15 inmersiones m\u00e1s profundas que 30m\/100ft  La aptitud f\u00edsica para soportar 50kg\/110lbs de equipo","og_url":"https:\/\/bluelifedive.com\/en\/cursos\/cursos-tecnicos\/dsat-tec-40\/","og_site_name":"Blue Life","article_publisher":"https:\/\/www.facebook.com\/bluelifedive\/","article_modified_time":"2025-01-18T22:07:24+00:00","og_image":[{"width":674,"height":414,"url":"https:\/\/bluelifedive.com\/wp-content\/uploads\/2023\/04\/18-padi-tec-40-diver.jpg","type":"image\/jpeg"}],"twitter_card":"summary_large_image","twitter_misc":{"Est. reading time":"5 minutes"},"schema":{"@context":"https:\/\/schema.org","@graph":[{"@type":"WebPage","@id":"https:\/\/bluelifedive.com\/cursos\/cursos-tecnicos\/dsat-tec-40\/","url":"https:\/\/bluelifedive.com\/cursos\/cursos-tecnicos\/dsat-tec-40\/","name":"DSAT Tec 40 - Blue Life","isPartOf":{"@id":"https:\/\/bluelifedive.com\/#website"},"primaryImageOfPage":{"@id":"https:\/\/bluelifedive.com\/cursos\/cursos-tecnicos\/dsat-tec-40\/#primaryimage"},"image":{"@id":"https:\/\/bluelifedive.com\/cursos\/cursos-tecnicos\/dsat-tec-40\/#primaryimage"},"thumbnailUrl":"https:\/\/bluelifedive.com\/wp-content\/uploads\/2023\/04\/18-padi-tec-40-diver.jpg","datePublished":"2023-04-08T03:41:47+00:00","dateModified":"2025-01-18T22:07:24+00:00","breadcrumb":{"@id":"https:\/\/bluelifedive.com\/cursos\/cursos-tecnicos\/dsat-tec-40\/#breadcrumb"},"inLanguage":"en-US","potentialAction":[{"@type":"ReadAction","target":["https:\/\/bluelifedive.com\/cursos\/cursos-tecnicos\/dsat-tec-40\/"]}]},{"@type":"ImageObject","inLanguage":"en-US","@id":"https:\/\/bluelifedive.com\/cursos\/cursos-tecnicos\/dsat-tec-40\/#primaryimage","url":"https:\/\/bluelifedive.com\/wp-content\/uploads\/2023\/04\/18-padi-tec-40-diver.jpg","contentUrl":"https:\/\/bluelifedive.com\/wp-content\/uploads\/2023\/04\/18-padi-tec-40-diver.jpg","width":674,"height":414},{"@type":"BreadcrumbList","@id":"https:\/\/bluelifedive.com\/cursos\/cursos-tecnicos\/dsat-tec-40\/#breadcrumb","itemListElement":[{"@type":"ListItem","position":1,"name":"Portada","item":"https:\/\/bluelifedive.com\/"},{"@type":"ListItem","position":2,"name":"Tienda","item":"https:\/\/bluelifedive.com\/tienda\/"},{"@type":"ListItem","position":3,"name":"DSAT Tec 40"}]},{"@type":"WebSite","@id":"https:\/\/bluelifedive.com\/#website","url":"https:\/\/bluelifedive.com\/","name":"Blue Life Dive","description":"BLUE LIFE CENTRO DE BUCEO","publisher":{"@id":"https:\/\/bluelifedive.com\/#organization"},"potentialAction":[{"@type":"SearchAction","target":{"@type":"EntryPoint","urlTemplate":"https:\/\/bluelifedive.com\/?s={search_term_string}"},"query-input":{"@type":"PropertyValueSpecification","valueRequired":true,"valueName":"search_term_string"}}],"inLanguage":"en-US"},{"@type":"Organization","@id":"https:\/\/bluelifedive.com\/#organization","name":"Blue Life Dive","url":"https:\/\/bluelifedive.com\/","logo":{"@type":"ImageObject","inLanguage":"en-US","@id":"https:\/\/bluelifedive.com\/#\/schema\/logo\/image\/","url":"https:\/\/bluelifedive.com\/wp-content\/uploads\/2023\/03\/logo-dos-sin-fondo-1.png","contentUrl":"https:\/\/bluelifedive.com\/wp-content\/uploads\/2023\/03\/logo-dos-sin-fondo-1.png","width":792,"height":298,"caption":"Blue Life Dive"},"image":{"@id":"https:\/\/bluelifedive.com\/#\/schema\/logo\/image\/"},"sameAs":["https:\/\/www.facebook.com\/bluelifedive\/","https:\/\/www.instagram.com\/bluelifesanandres\/","https:\/\/www.tripadvisor.co\/Attraction_Review-g3493965-d2076515-Reviews-Blue_Life_Centro_de_Buceo-San_Andres_San_Andres_Island_San_Andres_and_Providenci.html"]}]}},"_links":{"self":[{"href":"https:\/\/bluelifedive.com\/en\/wp-json\/wp\/v2\/product\/630","targetHints":{"allow":["GET"]}}],"collection":[{"href":"https:\/\/bluelifedive.com\/en\/wp-json\/wp\/v2\/product"}],"about":[{"href":"https:\/\/bluelifedive.com\/en\/wp-json\/wp\/v2\/types\/product"}],"replies":[{"embeddable":true,"href":"https:\/\/bluelifedive.com\/en\/wp-json\/wp\/v2\/comments?post=630"}],"wp:featuredmedia":[{"embeddable":true,"href":"https:\/\/bluelifedive.com\/en\/wp-json\/wp\/v2\/media\/1111"}],"wp:attachment":[{"href":"https:\/\/bluelifedive.com\/en\/wp-json\/wp\/v2\/media?parent=630"}],"wp:term":[{"taxonomy":"product_brand","embeddable":true,"href":"https:\/\/bluelifedive.com\/en\/wp-json\/wp\/v2\/product_brand?post=630"},{"taxonomy":"product_cat","embeddable":true,"href":"https:\/\/bluelifedive.com\/en\/wp-json\/wp\/v2\/product_cat?post=630"},{"taxonomy":"product_tag","embeddable":true,"href":"https:\/\/bluelifedive.com\/en\/wp-json\/wp\/v2\/product_tag?post=630"}],"curies":[{"name":"wp","href":"https:\/\/api.w.org\/{rel}","templated":true}]}}